{"id":20961,"date":"2026-02-12T11:39:28","date_gmt":"2026-02-12T10:39:28","guid":{"rendered":"https:\/\/goldbecksolar.com\/jestesmy-goldbeck-solar\/nasze-rynki-i-lokalizacje\/"},"modified":"2026-02-20T12:25:58","modified_gmt":"2026-02-20T11:25:58","slug":"nasze-rynki-i-lokalizacje","status":"publish","type":"page","link":"https:\/\/goldbecksolar.com\/pl\/jestesmy-goldbeck-solar\/nasze-rynki-i-lokalizacje\/","title":"Nasze rynki i lokalizacje","content":"<p>GOLDBECK SOLAR wywodzi si\u0119 z Niemiec, ale oferuje gotowe systemy solarne dla otwartych przestrzeni lub dach\u00f3w przemys\u0142owych i komercyjnych, a tak\u017ce ich konserwacj\u0119 i serwis w Europie, Ameryce Po\u0142udniowej i P\u00f3\u0142nocnej oraz Azji \u015arodkowej. Obecnie jeste\u015bmy aktywni w 12 krajach, ale zainstalowali\u015bmy ju\u017c instalacje solarne w 20 krajach. Nasza mapa pokazuje, gdzie obecnie aktywnie realizujemy projekty solarne i gdzie w przesz\u0142o\u015bci budowali\u015bmy systemy fotowoltaiczne.<\/p>\n","excerpt":{"rendered":"<p>GOLDBECK SOLAR wywodzi si\u0119 z Niemiec, ale oferuje gotowe systemy solarne dla otwartych przestrzeni lub dach\u00f3w przemys\u0142owych i komercyjnych, a tak\u017ce ich konserwacj\u0119 i serwis w Europie, Ameryce Po\u0142udniowej i P\u00f3\u0142nocnej oraz Azji \u015arodkowej. Obecnie jeste\u015bmy aktywni w 12 krajach, ale zainstalowali\u015bmy ju\u017c instalacje solarne w 20 krajach. Nasza mapa pokazuje, gdzie obecnie aktywnie realizujemy [&hellip;]<\/p>\n","protected":false},"author":1,"featured_media":{"alt":"","title":"Der deutsche Firmensitz von Goldbeck Solar.","caption":"","width":783,"height":414,"sizes":{"thumbnail":"https:\/\/goldbecksolar.com\/wp-content\/uploads\/2019\/09\/kontakt-165x165.jpg","small":"https:\/\/goldbecksolar.com\/wp-content\/uploads\/2019\/09\/kontakt-700x370.jpg","medium":"https:\/\/goldbecksolar.com\/wp-content\/uploads\/2019\/09\/kontakt-768x406.jpg","large":"https:\/\/goldbecksolar.com\/wp-content\/uploads\/2019\/09\/kontakt.jpg","full":"https:\/\/goldbecksolar.com\/wp-content\/uploads\/2019\/09\/kontakt.jpg"},"srcset":"https:\/\/goldbecksolar.com\/wp-content\/uploads\/2019\/09\/kontakt-700x370.jpg 700w, https:\/\/goldbecksolar.com\/wp-content\/uploads\/2019\/09\/kontakt-768x406.jpg 768w, https:\/\/goldbecksolar.com\/wp-content\/uploads\/2019\/09\/kontakt-520x275.jpg 520w, https:\/\/goldbecksolar.com\/wp-content\/uploads\/2019\/09\/kontakt-320x169.jpg 320w, https:\/\/goldbecksolar.com\/wp-content\/uploads\/2019\/09\/kontakt.jpg 783w"},"parent":18330,"menu_order":6,"comment_status":"closed","ping_status":"closed","template":"","meta":{"_acf_changed":false,"footnotes":""},"class_list":["post-20961","page","type-page","status-publish","has-post-thumbnail","hentry"],"acf":[],"type_label":"Strona","_links":{"self":[{"href":"https:\/\/goldbecksolar.com\/pl\/wp-json\/wp\/v2\/pages\/20961","targetHints":{"allow":["GET"]}}],"collection":[{"href":"https:\/\/goldbecksolar.com\/pl\/wp-json\/wp\/v2\/pages"}],"about":[{"href":"https:\/\/goldbecksolar.com\/pl\/wp-json\/wp\/v2\/types\/page"}],"author":[{"embeddable":true,"href":"https:\/\/goldbecksolar.com\/pl\/wp-json\/wp\/v2\/users\/1"}],"replies":[{"embeddable":true,"href":"https:\/\/goldbecksolar.com\/pl\/wp-json\/wp\/v2\/comments?post=20961"}],"version-history":[{"count":1,"href":"https:\/\/goldbecksolar.com\/pl\/wp-json\/wp\/v2\/pages\/20961\/revisions"}],"predecessor-version":[{"id":21060,"href":"https:\/\/goldbecksolar.com\/pl\/wp-json\/wp\/v2\/pages\/20961\/revisions\/21060"}],"up":[{"embeddable":true,"href":"https:\/\/goldbecksolar.com\/pl\/wp-json\/wp\/v2\/pages\/18330"}],"wp:featuredmedia":[{"embeddable":true,"href":"https:\/\/goldbecksolar.com\/pl\/wp-json\/wp\/v2\/media\/14070"}],"wp:attachment":[{"href":"https:\/\/goldbecksolar.com\/pl\/wp-json\/wp\/v2\/media?parent=20961"}],"curies":[{"name":"wp","href":"https:\/\/api.w.org\/{rel}","templated":true}]}}