{"id":20350,"date":"2025-09-22T10:10:56","date_gmt":"2025-09-22T08:10:56","guid":{"rendered":"https:\/\/goldbecksolar.com\/aktualnosci\/inside-solar-engineering-podcast-od-goldbeck-solar\/"},"modified":"2025-09-25T11:15:42","modified_gmt":"2025-09-25T09:15:42","slug":"inside-solar-engineering-podcast-od-goldbeck-solar","status":"publish","type":"page","link":"https:\/\/goldbecksolar.com\/pl\/aktualnosci\/inside-solar-engineering-podcast-od-goldbeck-solar\/","title":"Inside Solar Engineering &#8211; Podcast od GOLDBECK SOLAR","content":"<p><img loading=\"lazy\" decoding=\"async\" class=\" wp-image-20343 aligncenter\" src=\"https:\/\/goldbecksolar.com\/wp-content\/uploads\/2025\/09\/Screenshot-2025-09-19-101143.png\" alt=\"Logo platformy\" width=\"193\" height=\"53\"><\/p>\n<p>Witamy w<a href=\"https:\/\/creators.spotify.com\/pod\/profile\/goldbeck-solar\/\"> Inside Solar Engineering<\/a>, podca\u015bcie, kt\u00f3ry zabiera entuzjast\u00f3w technologii za kulisy \u015bwiata fotowoltaiki w GOLDBECK SOLAR. Tutaj nasi in\u017cynierowie otwarcie m\u00f3wi\u0105 o swoich <a href=\"https:\/\/goldbecksolar.com\/photovoltaik\/\">projektach solarnych<\/a>, wyzwaniach i innowacjach &#8211; i zapewniaj\u0105 ekscytuj\u0105cy wgl\u0105d w codzienn\u0105 prac\u0119 jednej z wiod\u0105cych firm zajmuj\u0105cych si\u0119 przemys\u0142owymi systemami fotowoltaicznymi. <\/p>\n<p><img loading=\"lazy\" decoding=\"async\" class=\"size-medium wp-image-20334 aligncenter\" src=\"https:\/\/goldbecksolar.com\/wp-content\/uploads\/2025\/09\/12027_SOL_Podcast_Cover_X01-700x700.png\" alt=\"Podcast Inside Solar Engineering\" width=\"700\" height=\"700\" srcset=\"https:\/\/goldbecksolar.com\/wp-content\/uploads\/2025\/09\/12027_SOL_Podcast_Cover_X01-700x700.png 700w, https:\/\/goldbecksolar.com\/wp-content\/uploads\/2025\/09\/12027_SOL_Podcast_Cover_X01-1080x1080.png 1080w, https:\/\/goldbecksolar.com\/wp-content\/uploads\/2025\/09\/12027_SOL_Podcast_Cover_X01-165x165.png 165w, https:\/\/goldbecksolar.com\/wp-content\/uploads\/2025\/09\/12027_SOL_Podcast_Cover_X01-768x768.png 768w, https:\/\/goldbecksolar.com\/wp-content\/uploads\/2025\/09\/12027_SOL_Podcast_Cover_X01-1536x1536.png 1536w, https:\/\/goldbecksolar.com\/wp-content\/uploads\/2025\/09\/12027_SOL_Podcast_Cover_X01-520x520.png 520w, https:\/\/goldbecksolar.com\/wp-content\/uploads\/2025\/09\/12027_SOL_Podcast_Cover_X01-320x320.png 320w, https:\/\/goldbecksolar.com\/wp-content\/uploads\/2025\/09\/12027_SOL_Podcast_Cover_X01.png 2000w\" sizes=\"auto, (max-width: 700px) 100vw, 700px\" \/><\/p>\n","excerpt":{"rendered":"<p>Witamy w Inside Solar Engineering, podca\u015bcie, kt\u00f3ry zabiera entuzjast\u00f3w technologii za kulisy \u015bwiata fotowoltaiki w GOLDBECK SOLAR. Tutaj nasi in\u017cynierowie otwarcie m\u00f3wi\u0105 o swoich projektach solarnych, wyzwaniach i innowacjach &#8211; i zapewniaj\u0105 ekscytuj\u0105cy wgl\u0105d w codzienn\u0105 prac\u0119 jednej z wiod\u0105cych firm zajmuj\u0105cych si\u0119 przemys\u0142owymi systemami fotowoltaicznymi.<\/p>\n","protected":false},"author":9,"featured_media":{"alt":"Inside Solar Engineering Podcast","title":"12027_SOL_Podcast_Cover_X01","caption":"","width":2000,"height":2000,"sizes":{"thumbnail":"https:\/\/goldbecksolar.com\/wp-content\/uploads\/2025\/09\/12027_SOL_Podcast_Cover_X01-165x165.png","small":"https:\/\/goldbecksolar.com\/wp-content\/uploads\/2025\/09\/12027_SOL_Podcast_Cover_X01-700x700.png","medium":"https:\/\/goldbecksolar.com\/wp-content\/uploads\/2025\/09\/12027_SOL_Podcast_Cover_X01-768x768.png","large":"https:\/\/goldbecksolar.com\/wp-content\/uploads\/2025\/09\/12027_SOL_Podcast_Cover_X01-1080x1080.png","full":"https:\/\/goldbecksolar.com\/wp-content\/uploads\/2025\/09\/12027_SOL_Podcast_Cover_X01.png"},"srcset":"https:\/\/goldbecksolar.com\/wp-content\/uploads\/2025\/09\/12027_SOL_Podcast_Cover_X01-700x700.png 700w, https:\/\/goldbecksolar.com\/wp-content\/uploads\/2025\/09\/12027_SOL_Podcast_Cover_X01-1080x1080.png 1080w, https:\/\/goldbecksolar.com\/wp-content\/uploads\/2025\/09\/12027_SOL_Podcast_Cover_X01-165x165.png 165w, https:\/\/goldbecksolar.com\/wp-content\/uploads\/2025\/09\/12027_SOL_Podcast_Cover_X01-768x768.png 768w, https:\/\/goldbecksolar.com\/wp-content\/uploads\/2025\/09\/12027_SOL_Podcast_Cover_X01-1536x1536.png 1536w, https:\/\/goldbecksolar.com\/wp-content\/uploads\/2025\/09\/12027_SOL_Podcast_Cover_X01-520x520.png 520w, https:\/\/goldbecksolar.com\/wp-content\/uploads\/2025\/09\/12027_SOL_Podcast_Cover_X01-320x320.png 320w, https:\/\/goldbecksolar.com\/wp-content\/uploads\/2025\/09\/12027_SOL_Podcast_Cover_X01.png 2000w"},"parent":19016,"menu_order":2,"comment_status":"closed","ping_status":"closed","template":"","meta":{"_acf_changed":false,"footnotes":""},"class_list":["post-20350","page","type-page","status-publish","has-post-thumbnail","hentry"],"acf":[],"type_label":"Strona","_links":{"self":[{"href":"https:\/\/goldbecksolar.com\/pl\/wp-json\/wp\/v2\/pages\/20350","targetHints":{"allow":["GET"]}}],"collection":[{"href":"https:\/\/goldbecksolar.com\/pl\/wp-json\/wp\/v2\/pages"}],"about":[{"href":"https:\/\/goldbecksolar.com\/pl\/wp-json\/wp\/v2\/types\/page"}],"author":[{"embeddable":true,"href":"https:\/\/goldbecksolar.com\/pl\/wp-json\/wp\/v2\/users\/9"}],"replies":[{"embeddable":true,"href":"https:\/\/goldbecksolar.com\/pl\/wp-json\/wp\/v2\/comments?post=20350"}],"version-history":[{"count":1,"href":"https:\/\/goldbecksolar.com\/pl\/wp-json\/wp\/v2\/pages\/20350\/revisions"}],"predecessor-version":[{"id":20379,"href":"https:\/\/goldbecksolar.com\/pl\/wp-json\/wp\/v2\/pages\/20350\/revisions\/20379"}],"up":[{"embeddable":true,"href":"https:\/\/goldbecksolar.com\/pl\/wp-json\/wp\/v2\/pages\/19016"}],"wp:featuredmedia":[{"embeddable":true,"href":"https:\/\/goldbecksolar.com\/pl\/wp-json\/wp\/v2\/media\/20336"}],"wp:attachment":[{"href":"https:\/\/goldbecksolar.com\/pl\/wp-json\/wp\/v2\/media?parent=20350"}],"curies":[{"name":"wp","href":"https:\/\/api.w.org\/{rel}","templated":true}]}}