{"id":19644,"date":"2025-04-10T11:11:28","date_gmt":"2025-04-10T09:11:28","guid":{"rendered":"https:\/\/goldbecksolar.com\/fotowoltaika\/pv-spotyka-rolnictwo-efektywne-wykorzystanie-gruntow\/"},"modified":"2026-02-20T11:13:00","modified_gmt":"2026-02-20T10:13:00","slug":"pv-spotyka-rolnictwo-efektywne-wykorzystanie-gruntow","status":"publish","type":"page","link":"https:\/\/goldbecksolar.com\/pl\/fotowoltaika\/pv-spotyka-rolnictwo-efektywne-wykorzystanie-gruntow\/","title":"PV spotyka rolnictwo &#8211; efektywne wykorzystanie grunt\u00f3w","content":"<p>Jako Grupa GOLDBECK SOLAR d\u0105\u017cymy do \u015bwiata, w kt\u00f3rym grunty rolne s\u0105 efektywnie wykorzystywane do jednoczesnej produkcji \u017cywno\u015bci i energii s\u0142onecznej, aby przyczyni\u0107 si\u0119 do globalnego bezpiecze\u0144stwa energetycznego i \u017cywno\u015bciowego.<\/p>\n","excerpt":{"rendered":"<p>Jako Grupa GOLDBECK SOLAR d\u0105\u017cymy do \u015bwiata, w kt\u00f3rym grunty rolne s\u0105 efektywnie wykorzystywane do jednoczesnej produkcji \u017cywno\u015bci i energii s\u0142onecznej, aby przyczyni\u0107 si\u0119 do globalnego bezpiecze\u0144stwa energetycznego i \u017cywno\u015bciowego.<\/p>\n","protected":false},"author":1,"featured_media":{"alt":"Agri-PV","title":"default","caption":"default","width":8064,"height":4536,"sizes":{"thumbnail":"https:\/\/goldbecksolar.com\/wp-content\/uploads\/2025\/04\/11827_SOL_Agri-PV_hires_X02-165x165.jpg","small":"https:\/\/goldbecksolar.com\/wp-content\/uploads\/2025\/04\/11827_SOL_Agri-PV_hires_X02-700x394.jpg","medium":"https:\/\/goldbecksolar.com\/wp-content\/uploads\/2025\/04\/11827_SOL_Agri-PV_hires_X02-768x432.jpg","large":"https:\/\/goldbecksolar.com\/wp-content\/uploads\/2025\/04\/11827_SOL_Agri-PV_hires_X02-1920x1080.jpg","full":"https:\/\/goldbecksolar.com\/wp-content\/uploads\/2025\/04\/11827_SOL_Agri-PV_hires_X02.jpg"},"srcset":"https:\/\/goldbecksolar.com\/wp-content\/uploads\/2025\/04\/11827_SOL_Agri-PV_hires_X02-700x394.jpg 700w, https:\/\/goldbecksolar.com\/wp-content\/uploads\/2025\/04\/11827_SOL_Agri-PV_hires_X02-1920x1080.jpg 1920w, https:\/\/goldbecksolar.com\/wp-content\/uploads\/2025\/04\/11827_SOL_Agri-PV_hires_X02-768x432.jpg 768w, https:\/\/goldbecksolar.com\/wp-content\/uploads\/2025\/04\/11827_SOL_Agri-PV_hires_X02-1536x864.jpg 1536w, https:\/\/goldbecksolar.com\/wp-content\/uploads\/2025\/04\/11827_SOL_Agri-PV_hires_X02-2048x1152.jpg 2048w, https:\/\/goldbecksolar.com\/wp-content\/uploads\/2025\/04\/11827_SOL_Agri-PV_hires_X02-520x293.jpg 520w, https:\/\/goldbecksolar.com\/wp-content\/uploads\/2025\/04\/11827_SOL_Agri-PV_hires_X02-320x180.jpg 320w"},"parent":18572,"menu_order":0,"comment_status":"closed","ping_status":"closed","template":"","meta":{"_acf_changed":false,"footnotes":""},"class_list":["post-19644","page","type-page","status-publish","has-post-thumbnail","hentry"],"acf":[],"type_label":"Strona","_links":{"self":[{"href":"https:\/\/goldbecksolar.com\/pl\/wp-json\/wp\/v2\/pages\/19644","targetHints":{"allow":["GET"]}}],"collection":[{"href":"https:\/\/goldbecksolar.com\/pl\/wp-json\/wp\/v2\/pages"}],"about":[{"href":"https:\/\/goldbecksolar.com\/pl\/wp-json\/wp\/v2\/types\/page"}],"author":[{"embeddable":true,"href":"https:\/\/goldbecksolar.com\/pl\/wp-json\/wp\/v2\/users\/1"}],"replies":[{"embeddable":true,"href":"https:\/\/goldbecksolar.com\/pl\/wp-json\/wp\/v2\/comments?post=19644"}],"version-history":[{"count":1,"href":"https:\/\/goldbecksolar.com\/pl\/wp-json\/wp\/v2\/pages\/19644\/revisions"}],"predecessor-version":[{"id":20068,"href":"https:\/\/goldbecksolar.com\/pl\/wp-json\/wp\/v2\/pages\/19644\/revisions\/20068"}],"up":[{"embeddable":true,"href":"https:\/\/goldbecksolar.com\/pl\/wp-json\/wp\/v2\/pages\/18572"}],"wp:featuredmedia":[{"embeddable":true,"href":"https:\/\/goldbecksolar.com\/pl\/wp-json\/wp\/v2\/media\/19216"}],"wp:attachment":[{"href":"https:\/\/goldbecksolar.com\/pl\/wp-json\/wp\/v2\/media?parent=19644"}],"curies":[{"name":"wp","href":"https:\/\/api.w.org\/{rel}","templated":true}]}}