{"id":19029,"date":"2024-12-12T09:46:13","date_gmt":"2024-12-12T08:46:13","guid":{"rendered":"https:\/\/goldbecksolar.com\/nasze-uslugi\/om-obsluga-i-konserwacja\/"},"modified":"2026-02-20T11:48:56","modified_gmt":"2026-02-20T10:48:56","slug":"om-obsluga-i-konserwacja","status":"publish","type":"page","link":"https:\/\/goldbecksolar.com\/pl\/nasze-uslugi\/om-obsluga-i-konserwacja\/","title":"O&amp;M: Obs\u0142uga i konserwacja","content":"<p class=\"p1 big\" style=\"text-align: center;\">Po zainstalowaniu i uruchomieniu instalacji fotowoltaicznej rozpoczynamy d\u0142ugoterminowe, partnerskie zarz\u0105dzanie zasobami. Niezawodne utrzymanie warto\u015bci, zagwarantowanie niezawodno\u015bci i zabezpieczenie wydajno\u015bci to trzy filary op\u0142acalnej eksploatacji systemu fotowoltaicznego. Nasze us\u0142ugi O&amp;M zapewniaj\u0105, \u017ce Twoja inwestycja opiera si\u0119 na tych trzech filarach &#8211; bezpiecznie, w spos\u00f3b zr\u00f3wnowa\u017cony i op\u0142acalny.  <\/p>\n","excerpt":{"rendered":"<p>Po zainstalowaniu i uruchomieniu instalacji fotowoltaicznej rozpoczynamy d\u0142ugoterminowe, partnerskie zarz\u0105dzanie zasobami. Niezawodne utrzymanie warto\u015bci, zagwarantowanie niezawodno\u015bci i zabezpieczenie wydajno\u015bci to trzy filary op\u0142acalnej eksploatacji systemu fotowoltaicznego. Nasze us\u0142ugi O&amp;M zapewniaj\u0105, \u017ce Twoja inwestycja opiera si\u0119 na tych trzech filarach &#8211; bezpiecznie, w spos\u00f3b zr\u00f3wnowa\u017cony i op\u0142acalny.<\/p>\n","protected":false},"author":1,"featured_media":{"alt":"","title":"O&#038;M-Team GOLDBECK SOLAR bei der Pr\u00fcfung einer Solaranlage","caption":"Mitarbeiter X und Mitarbeiter Y vom Operation & Maintenance-Team von GOLDBECK SOLAR an der Solaranlage XY\nFoto: Robert Gross Photography","width":2560,"height":1707,"sizes":{"thumbnail":"https:\/\/goldbecksolar.com\/wp-content\/uploads\/2021\/09\/GP_8891-165x165.jpg","small":"https:\/\/goldbecksolar.com\/wp-content\/uploads\/2021\/09\/GP_8891-700x467.jpg","medium":"https:\/\/goldbecksolar.com\/wp-content\/uploads\/2021\/09\/GP_8891-768x512.jpg","large":"https:\/\/goldbecksolar.com\/wp-content\/uploads\/2021\/09\/GP_8891-1620x1080.jpg","full":"https:\/\/goldbecksolar.com\/wp-content\/uploads\/2021\/09\/GP_8891-scaled.jpg"},"srcset":"https:\/\/goldbecksolar.com\/wp-content\/uploads\/2021\/09\/GP_8891-700x467.jpg 700w, https:\/\/goldbecksolar.com\/wp-content\/uploads\/2021\/09\/GP_8891-1620x1080.jpg 1620w, https:\/\/goldbecksolar.com\/wp-content\/uploads\/2021\/09\/GP_8891-768x512.jpg 768w, https:\/\/goldbecksolar.com\/wp-content\/uploads\/2021\/09\/GP_8891-1536x1024.jpg 1536w, https:\/\/goldbecksolar.com\/wp-content\/uploads\/2021\/09\/GP_8891-2048x1365.jpg 2048w, https:\/\/goldbecksolar.com\/wp-content\/uploads\/2021\/09\/GP_8891-520x347.jpg 520w, https:\/\/goldbecksolar.com\/wp-content\/uploads\/2021\/09\/GP_8891-320x213.jpg 320w"},"parent":19027,"menu_order":1,"comment_status":"closed","ping_status":"closed","template":"","meta":{"_acf_changed":false,"footnotes":""},"class_list":["post-19029","page","type-page","status-publish","has-post-thumbnail","hentry"],"acf":[],"type_label":"Strona","_links":{"self":[{"href":"https:\/\/goldbecksolar.com\/pl\/wp-json\/wp\/v2\/pages\/19029","targetHints":{"allow":["GET"]}}],"collection":[{"href":"https:\/\/goldbecksolar.com\/pl\/wp-json\/wp\/v2\/pages"}],"about":[{"href":"https:\/\/goldbecksolar.com\/pl\/wp-json\/wp\/v2\/types\/page"}],"author":[{"embeddable":true,"href":"https:\/\/goldbecksolar.com\/pl\/wp-json\/wp\/v2\/users\/1"}],"replies":[{"embeddable":true,"href":"https:\/\/goldbecksolar.com\/pl\/wp-json\/wp\/v2\/comments?post=19029"}],"version-history":[{"count":2,"href":"https:\/\/goldbecksolar.com\/pl\/wp-json\/wp\/v2\/pages\/19029\/revisions"}],"predecessor-version":[{"id":21048,"href":"https:\/\/goldbecksolar.com\/pl\/wp-json\/wp\/v2\/pages\/19029\/revisions\/21048"}],"up":[{"embeddable":true,"href":"https:\/\/goldbecksolar.com\/pl\/wp-json\/wp\/v2\/pages\/19027"}],"wp:featuredmedia":[{"embeddable":true,"href":"https:\/\/goldbecksolar.com\/pl\/wp-json\/wp\/v2\/media\/15573"}],"wp:attachment":[{"href":"https:\/\/goldbecksolar.com\/pl\/wp-json\/wp\/v2\/media?parent=19029"}],"curies":[{"name":"wp","href":"https:\/\/api.w.org\/{rel}","templated":true}]}}