{"id":19027,"date":"2018-04-17T15:00:13","date_gmt":"2018-04-17T13:00:13","guid":{"rendered":"https:\/\/goldbecksolar.com\/nasze-uslugi\/"},"modified":"2026-03-09T13:06:16","modified_gmt":"2026-03-09T12:06:16","slug":"nasze-uslugi","status":"publish","type":"page","link":"https:\/\/goldbecksolar.com\/pl\/nasze-uslugi\/","title":"Nasze us\u0142ugi","content":"<p class=\"big\">Profesjonalne, zorganizowane, skuteczne &#8211; od samego pocz\u0105tku<\/p>\n<p>Jako wiod\u0105cy dostawca przemys\u0142owych i komercyjnych system\u00f3w solarnych, GOLDBECK SOLAR wspiera swoich klient\u00f3w swoimi us\u0142ugami na drodze do niezale\u017cnej przysz\u0142o\u015bci energetycznej ju\u017c od pierwszego kroku.<\/p>\n","excerpt":{"rendered":"<p>Profesjonalne, zorganizowane, skuteczne &#8211; od samego pocz\u0105tku Jako wiod\u0105cy dostawca przemys\u0142owych i komercyjnych system\u00f3w solarnych, GOLDBECK SOLAR wspiera swoich klient\u00f3w swoimi us\u0142ugami na drodze do niezale\u017cnej przysz\u0142o\u015bci energetycznej ju\u017c od pierwszego kroku.<\/p>\n","protected":false},"author":1,"featured_media":{"alt":"Man writing something on a whiteboard","title":"_G__0233","caption":"","width":8192,"height":5464,"sizes":{"thumbnail":"https:\/\/goldbecksolar.com\/wp-content\/uploads\/2026\/04\/G__0233-165x165.jpg","small":"https:\/\/goldbecksolar.com\/wp-content\/uploads\/2026\/04\/G__0233-700x467.jpg","medium":"https:\/\/goldbecksolar.com\/wp-content\/uploads\/2026\/04\/G__0233-768x512.jpg","large":"https:\/\/goldbecksolar.com\/wp-content\/uploads\/2026\/04\/G__0233-1619x1080.jpg","full":"https:\/\/goldbecksolar.com\/wp-content\/uploads\/2026\/04\/G__0233.jpg"},"srcset":"https:\/\/goldbecksolar.com\/wp-content\/uploads\/2026\/04\/G__0233-700x467.jpg 700w, https:\/\/goldbecksolar.com\/wp-content\/uploads\/2026\/04\/G__0233-1619x1080.jpg 1619w, https:\/\/goldbecksolar.com\/wp-content\/uploads\/2026\/04\/G__0233-768x512.jpg 768w, https:\/\/goldbecksolar.com\/wp-content\/uploads\/2026\/04\/G__0233-1536x1025.jpg 1536w, https:\/\/goldbecksolar.com\/wp-content\/uploads\/2026\/04\/G__0233-2048x1366.jpg 2048w, https:\/\/goldbecksolar.com\/wp-content\/uploads\/2026\/04\/G__0233-520x347.jpg 520w, https:\/\/goldbecksolar.com\/wp-content\/uploads\/2026\/04\/G__0233-320x213.jpg 320w"},"parent":0,"menu_order":11,"comment_status":"closed","ping_status":"closed","template":"","meta":{"_acf_changed":false,"footnotes":""},"class_list":["post-19027","page","type-page","status-publish","has-post-thumbnail","hentry"],"acf":[],"type_label":"Strona","_links":{"self":[{"href":"https:\/\/goldbecksolar.com\/pl\/wp-json\/wp\/v2\/pages\/19027","targetHints":{"allow":["GET"]}}],"collection":[{"href":"https:\/\/goldbecksolar.com\/pl\/wp-json\/wp\/v2\/pages"}],"about":[{"href":"https:\/\/goldbecksolar.com\/pl\/wp-json\/wp\/v2\/types\/page"}],"author":[{"embeddable":true,"href":"https:\/\/goldbecksolar.com\/pl\/wp-json\/wp\/v2\/users\/1"}],"replies":[{"embeddable":true,"href":"https:\/\/goldbecksolar.com\/pl\/wp-json\/wp\/v2\/comments?post=19027"}],"version-history":[{"count":2,"href":"https:\/\/goldbecksolar.com\/pl\/wp-json\/wp\/v2\/pages\/19027\/revisions"}],"predecessor-version":[{"id":21374,"href":"https:\/\/goldbecksolar.com\/pl\/wp-json\/wp\/v2\/pages\/19027\/revisions\/21374"}],"wp:featuredmedia":[{"embeddable":true,"href":"https:\/\/goldbecksolar.com\/pl\/wp-json\/wp\/v2\/media\/21637"}],"wp:attachment":[{"href":"https:\/\/goldbecksolar.com\/pl\/wp-json\/wp\/v2\/media?parent=19027"}],"curies":[{"name":"wp","href":"https:\/\/api.w.org\/{rel}","templated":true}]}}