{"id":19025,"date":"2018-04-18T09:26:13","date_gmt":"2018-04-18T07:26:13","guid":{"rendered":"https:\/\/goldbecksolar.com\/fotowoltaika\/dachy-solarne-do-zastosowan-komercyjnych\/"},"modified":"2026-02-20T11:21:40","modified_gmt":"2026-02-20T10:21:40","slug":"dachy-solarne-do-zastosowan-komercyjnych","status":"publish","type":"page","link":"https:\/\/goldbecksolar.com\/pl\/fotowoltaika\/dachy-solarne-do-zastosowan-komercyjnych\/","title":"Dachy solarne do zastosowa\u0144 komercyjnych","content":"<h1>Dachy solarne do zastosowa\u0144 komercyjnych<\/h1>\n<p>Decyzja na korzy\u015b\u0107 przemys\u0142owego dachu solarnego nigdy nie by\u0142a bardziej oczywista. Odnawialne \u017ar\u00f3d\u0142a energii to przysz\u0142o\u015b\u0107, a teraz jest idealny czas, aby zainwestowa\u0107 w zr\u00f3wnowa\u017cone i niezawodne \u017ar\u00f3d\u0142o energii. Budynki komercyjne i przemys\u0142owe oferuj\u0105 ogromny potencja\u0142: nie tylko obni\u017caj\u0105 koszty energii, ale tak\u017ce w znacznym stopniu przyczyniaj\u0105 si\u0119 do redukcji emisji CO2.  <\/p>\n","excerpt":{"rendered":"<p>Dachy solarne do zastosowa\u0144 komercyjnych Decyzja na korzy\u015b\u0107 przemys\u0142owego dachu solarnego nigdy nie by\u0142a bardziej oczywista. Odnawialne \u017ar\u00f3d\u0142a energii to przysz\u0142o\u015b\u0107, a teraz jest idealny czas, aby zainwestowa\u0107 w zr\u00f3wnowa\u017cone i niezawodne \u017ar\u00f3d\u0142o energii. Budynki komercyjne i przemys\u0142owe oferuj\u0105 ogromny potencja\u0142: nie tylko obni\u017caj\u0105 koszty energii, ale tak\u017ce w znacznym stopniu przyczyniaj\u0105 si\u0119 do redukcji [&hellip;]<\/p>\n","protected":false},"author":1,"featured_media":{"alt":"","title":"Solardach St\u00f6rtebeker","caption":"","width":2222,"height":1014,"sizes":{"thumbnail":"https:\/\/goldbecksolar.com\/wp-content\/uploads\/2019\/09\/solardaecher2-165x165.jpg","small":"https:\/\/goldbecksolar.com\/wp-content\/uploads\/2019\/09\/solardaecher2-700x319.jpg","medium":"https:\/\/goldbecksolar.com\/wp-content\/uploads\/2019\/09\/solardaecher2-768x350.jpg","large":"https:\/\/goldbecksolar.com\/wp-content\/uploads\/2019\/09\/solardaecher2-1920x876.jpg","full":"https:\/\/goldbecksolar.com\/wp-content\/uploads\/2019\/09\/solardaecher2.jpg"},"srcset":"https:\/\/goldbecksolar.com\/wp-content\/uploads\/2019\/09\/solardaecher2-700x319.jpg 700w, https:\/\/goldbecksolar.com\/wp-content\/uploads\/2019\/09\/solardaecher2-1920x876.jpg 1920w, https:\/\/goldbecksolar.com\/wp-content\/uploads\/2019\/09\/solardaecher2-768x350.jpg 768w, https:\/\/goldbecksolar.com\/wp-content\/uploads\/2019\/09\/solardaecher2-1536x701.jpg 1536w, https:\/\/goldbecksolar.com\/wp-content\/uploads\/2019\/09\/solardaecher2-2048x935.jpg 2048w, https:\/\/goldbecksolar.com\/wp-content\/uploads\/2019\/09\/solardaecher2-520x237.jpg 520w, https:\/\/goldbecksolar.com\/wp-content\/uploads\/2019\/09\/solardaecher2-320x146.jpg 320w"},"parent":18572,"menu_order":2,"comment_status":"closed","ping_status":"closed","template":"template-unterseite.php","meta":{"_acf_changed":false,"footnotes":""},"class_list":["post-19025","page","type-page","status-publish","has-post-thumbnail","hentry"],"acf":[],"type_label":"Strona","_links":{"self":[{"href":"https:\/\/goldbecksolar.com\/pl\/wp-json\/wp\/v2\/pages\/19025","targetHints":{"allow":["GET"]}}],"collection":[{"href":"https:\/\/goldbecksolar.com\/pl\/wp-json\/wp\/v2\/pages"}],"about":[{"href":"https:\/\/goldbecksolar.com\/pl\/wp-json\/wp\/v2\/types\/page"}],"author":[{"embeddable":true,"href":"https:\/\/goldbecksolar.com\/pl\/wp-json\/wp\/v2\/users\/1"}],"replies":[{"embeddable":true,"href":"https:\/\/goldbecksolar.com\/pl\/wp-json\/wp\/v2\/comments?post=19025"}],"version-history":[{"count":1,"href":"https:\/\/goldbecksolar.com\/pl\/wp-json\/wp\/v2\/pages\/19025\/revisions"}],"predecessor-version":[{"id":21042,"href":"https:\/\/goldbecksolar.com\/pl\/wp-json\/wp\/v2\/pages\/19025\/revisions\/21042"}],"up":[{"embeddable":true,"href":"https:\/\/goldbecksolar.com\/pl\/wp-json\/wp\/v2\/pages\/18572"}],"wp:featuredmedia":[{"embeddable":true,"href":"https:\/\/goldbecksolar.com\/pl\/wp-json\/wp\/v2\/media\/14061"}],"wp:attachment":[{"href":"https:\/\/goldbecksolar.com\/pl\/wp-json\/wp\/v2\/media?parent=19025"}],"curies":[{"name":"wp","href":"https:\/\/api.w.org\/{rel}","templated":true}]}}