{"id":19024,"date":"2018-04-18T09:55:13","date_gmt":"2018-04-18T07:55:13","guid":{"rendered":"https:\/\/goldbecksolar.com\/fotowoltaika\/przemyslowe-farmy-fotowoltaiczne\/"},"modified":"2026-02-24T16:41:42","modified_gmt":"2026-02-24T15:41:42","slug":"przemyslowe-farmy-fotowoltaiczne","status":"publish","type":"page","link":"https:\/\/goldbecksolar.com\/pl\/fotowoltaika\/przemyslowe-farmy-fotowoltaiczne\/","title":"Komercyjne farmy fotowoltaiczne","content":"<h1>Komercyjne farmy fotowoltaiczne<\/h1>\n<p>Podj\u0119cie decyzji o budowie komercyjnej farmy fotowoltaicznej na otwartym terenie nigdy nie by\u0142o \u0142atwiejsze. Energia odnawialna to system energetyczny przysz\u0142o\u015bci, a teraz jest idealny czas, aby zainwestowa\u0107 w niezawodne \u017ar\u00f3d\u0142o czystej energii dla swojej firmy. <\/p>\n","excerpt":{"rendered":"<p>Komercyjne farmy fotowoltaiczne Podj\u0119cie decyzji o budowie komercyjnej farmy fotowoltaicznej na otwartym terenie nigdy nie by\u0142o \u0142atwiejsze. Energia odnawialna to system energetyczny przysz\u0142o\u015bci, a teraz jest idealny czas, aby zainwestowa\u0107 w niezawodne \u017ar\u00f3d\u0142o czystej energii dla swojej firmy.<\/p>\n","protected":false},"author":1,"featured_media":{"alt":"","title":"Solarpark Zwartowo Polen","caption":"","width":2560,"height":1440,"sizes":{"thumbnail":"https:\/\/goldbecksolar.com\/wp-content\/uploads\/2024\/11\/Solarpark_Zwartowo_GS_Polen-165x165.jpg","small":"https:\/\/goldbecksolar.com\/wp-content\/uploads\/2024\/11\/Solarpark_Zwartowo_GS_Polen-700x394.jpg","medium":"https:\/\/goldbecksolar.com\/wp-content\/uploads\/2024\/11\/Solarpark_Zwartowo_GS_Polen-768x432.jpg","large":"https:\/\/goldbecksolar.com\/wp-content\/uploads\/2024\/11\/Solarpark_Zwartowo_GS_Polen-1920x1080.jpg","full":"https:\/\/goldbecksolar.com\/wp-content\/uploads\/2024\/11\/Solarpark_Zwartowo_GS_Polen-scaled.jpg"},"srcset":"https:\/\/goldbecksolar.com\/wp-content\/uploads\/2024\/11\/Solarpark_Zwartowo_GS_Polen-700x394.jpg 700w, https:\/\/goldbecksolar.com\/wp-content\/uploads\/2024\/11\/Solarpark_Zwartowo_GS_Polen-1920x1080.jpg 1920w, https:\/\/goldbecksolar.com\/wp-content\/uploads\/2024\/11\/Solarpark_Zwartowo_GS_Polen-768x432.jpg 768w, https:\/\/goldbecksolar.com\/wp-content\/uploads\/2024\/11\/Solarpark_Zwartowo_GS_Polen-1536x864.jpg 1536w, https:\/\/goldbecksolar.com\/wp-content\/uploads\/2024\/11\/Solarpark_Zwartowo_GS_Polen-2048x1152.jpg 2048w, https:\/\/goldbecksolar.com\/wp-content\/uploads\/2024\/11\/Solarpark_Zwartowo_GS_Polen-520x293.jpg 520w, https:\/\/goldbecksolar.com\/wp-content\/uploads\/2024\/11\/Solarpark_Zwartowo_GS_Polen-320x180.jpg 320w"},"parent":18572,"menu_order":1,"comment_status":"closed","ping_status":"closed","template":"template-unterseite.php","meta":{"_acf_changed":false,"footnotes":""},"class_list":["post-19024","page","type-page","status-publish","has-post-thumbnail","hentry"],"acf":[],"type_label":"Strona","_links":{"self":[{"href":"https:\/\/goldbecksolar.com\/pl\/wp-json\/wp\/v2\/pages\/19024","targetHints":{"allow":["GET"]}}],"collection":[{"href":"https:\/\/goldbecksolar.com\/pl\/wp-json\/wp\/v2\/pages"}],"about":[{"href":"https:\/\/goldbecksolar.com\/pl\/wp-json\/wp\/v2\/types\/page"}],"author":[{"embeddable":true,"href":"https:\/\/goldbecksolar.com\/pl\/wp-json\/wp\/v2\/users\/1"}],"replies":[{"embeddable":true,"href":"https:\/\/goldbecksolar.com\/pl\/wp-json\/wp\/v2\/comments?post=19024"}],"version-history":[{"count":2,"href":"https:\/\/goldbecksolar.com\/pl\/wp-json\/wp\/v2\/pages\/19024\/revisions"}],"predecessor-version":[{"id":21203,"href":"https:\/\/goldbecksolar.com\/pl\/wp-json\/wp\/v2\/pages\/19024\/revisions\/21203"}],"up":[{"embeddable":true,"href":"https:\/\/goldbecksolar.com\/pl\/wp-json\/wp\/v2\/pages\/18572"}],"wp:featuredmedia":[{"embeddable":true,"href":"https:\/\/goldbecksolar.com\/pl\/wp-json\/wp\/v2\/media\/17220"}],"wp:attachment":[{"href":"https:\/\/goldbecksolar.com\/pl\/wp-json\/wp\/v2\/media?parent=19024"}],"curies":[{"name":"wp","href":"https:\/\/api.w.org\/{rel}","templated":true}]}}