{"id":19019,"date":"2018-04-19T11:48:18","date_gmt":"2018-04-19T09:48:18","guid":{"rendered":"https:\/\/goldbecksolar.com\/skontaktuj-sie-z-nami\/"},"modified":"2026-02-25T10:09:05","modified_gmt":"2026-02-25T09:09:05","slug":"skontaktuj-sie-z-nami","status":"publish","type":"page","link":"https:\/\/goldbecksolar.com\/pl\/skontaktuj-sie-z-nami\/","title":"Skontaktuj si\u0119 z nami","content":"<p>Masz dodatkowe pytania? Chcesz dowiedzie\u0107 si\u0119, czy Tw\u00f3j budynek, obszar lub pomys\u0142 nadaje si\u0119 do instalacji solarnej? Grupa GOLDBECK SOLAR jest globaln\u0105 firm\u0105 z lokalizacjami w Europie, Azji oraz Ameryce P\u00f3\u0142nocnej i Po\u0142udniowej. Nasze zespo\u0142y s\u0105 zawsze gotowe do pomocy. Z niecierpliwo\u015bci\u0105 czekamy na kontakt.<\/p>\n<p>Zapraszamy do kontaktu z nami. Czekamy na Tw\u00f3j telefon lub <a href=\"https:\/\/info.goldbecksolar.com\/pl-pl\/kontaktformular\">wiadomo\u015b\u0107<\/a>.<\/p>\n","excerpt":{"rendered":"<p>Masz dodatkowe pytania? Chcesz dowiedzie\u0107 si\u0119, czy Tw\u00f3j budynek, obszar lub pomys\u0142 nadaje si\u0119 do instalacji solarnej? Grupa GOLDBECK SOLAR jest globaln\u0105 firm\u0105 z lokalizacjami w Europie, Azji oraz Ameryce P\u00f3\u0142nocnej i Po\u0142udniowej. Nasze zespo\u0142y s\u0105 zawsze gotowe do pomocy. Z niecierpliwo\u015bci\u0105 czekamy na kontakt. Zapraszamy do kontaktu z nami. Czekamy na Tw\u00f3j telefon lub [&hellip;]<\/p>\n","protected":false},"author":1,"featured_media":null,"parent":0,"menu_order":7,"comment_status":"closed","ping_status":"closed","template":"","meta":{"_acf_changed":false,"footnotes":""},"class_list":["post-19019","page","type-page","status-publish","hentry"],"acf":[],"type_label":"Strona","_links":{"self":[{"href":"https:\/\/goldbecksolar.com\/pl\/wp-json\/wp\/v2\/pages\/19019","targetHints":{"allow":["GET"]}}],"collection":[{"href":"https:\/\/goldbecksolar.com\/pl\/wp-json\/wp\/v2\/pages"}],"about":[{"href":"https:\/\/goldbecksolar.com\/pl\/wp-json\/wp\/v2\/types\/page"}],"author":[{"embeddable":true,"href":"https:\/\/goldbecksolar.com\/pl\/wp-json\/wp\/v2\/users\/1"}],"replies":[{"embeddable":true,"href":"https:\/\/goldbecksolar.com\/pl\/wp-json\/wp\/v2\/comments?post=19019"}],"version-history":[{"count":7,"href":"https:\/\/goldbecksolar.com\/pl\/wp-json\/wp\/v2\/pages\/19019\/revisions"}],"predecessor-version":[{"id":21221,"href":"https:\/\/goldbecksolar.com\/pl\/wp-json\/wp\/v2\/pages\/19019\/revisions\/21221"}],"wp:attachment":[{"href":"https:\/\/goldbecksolar.com\/pl\/wp-json\/wp\/v2\/media?parent=19019"}],"curies":[{"name":"wp","href":"https:\/\/api.w.org\/{rel}","templated":true}]}}