{"id":19013,"date":"2018-04-24T15:25:43","date_gmt":"2018-04-24T13:25:43","guid":{"rendered":"https:\/\/goldbecksolar.com\/wydarzenia\/"},"modified":"2025-02-13T12:16:58","modified_gmt":"2025-02-13T11:16:58","slug":"wydarzenia","status":"publish","type":"page","link":"https:\/\/goldbecksolar.com\/pl\/aktualnosci\/wydarzenia\/","title":"Wydarzenia","content":"<p>Dowiedz si\u0119, na jakich wydarzeniach, konferencjach, imprezach i targach mo\u017cesz spotka\u0107 GOLDBECK SOLAR.<\/p>\n<p>Z niecierpliwo\u015bci\u0105 czekamy na osobiste spotkanie i om\u00f3wienie potencjalnych projekt\u00f3w solarnych! Wszystkie najnowsze <a href=\"https:\/\/www.pressebox.de\/newsroom\/goldbeck-solar-gmbh-hirschberg-an-der-bergstrasse\">wiadomo\u015bci<\/a>, aktualizacje i najwa\u017cniejsze informacje na temat GOLDBECK SOLAR mo\u017cna r\u00f3wnie\u017c znale\u017a\u0107 w naszej sekcji <a href=\"https:\/\/goldbecksolar.com\/news\/\">aktualno\u015bci<\/a>. <\/p>\n","excerpt":{"rendered":"<p>Dowiedz si\u0119, na jakich wydarzeniach, konferencjach, imprezach i targach mo\u017cesz spotka\u0107 GOLDBECK SOLAR. Z niecierpliwo\u015bci\u0105 czekamy na osobiste spotkanie i om\u00f3wienie potencjalnych projekt\u00f3w solarnych! Wszystkie najnowsze wiadomo\u015bci, aktualizacje i najwa\u017cniejsze informacje na temat GOLDBECK SOLAR mo\u017cna r\u00f3wnie\u017c znale\u017a\u0107 w naszej sekcji aktualno\u015bci.<\/p>\n","protected":false},"author":1,"featured_media":null,"parent":19016,"menu_order":1,"comment_status":"closed","ping_status":"closed","template":"","meta":{"_acf_changed":false,"footnotes":""},"class_list":["post-19013","page","type-page","status-publish","hentry"],"acf":[],"type_label":"Strona","_links":{"self":[{"href":"https:\/\/goldbecksolar.com\/pl\/wp-json\/wp\/v2\/pages\/19013","targetHints":{"allow":["GET"]}}],"collection":[{"href":"https:\/\/goldbecksolar.com\/pl\/wp-json\/wp\/v2\/pages"}],"about":[{"href":"https:\/\/goldbecksolar.com\/pl\/wp-json\/wp\/v2\/types\/page"}],"author":[{"embeddable":true,"href":"https:\/\/goldbecksolar.com\/pl\/wp-json\/wp\/v2\/users\/1"}],"replies":[{"embeddable":true,"href":"https:\/\/goldbecksolar.com\/pl\/wp-json\/wp\/v2\/comments?post=19013"}],"version-history":[{"count":1,"href":"https:\/\/goldbecksolar.com\/pl\/wp-json\/wp\/v2\/pages\/19013\/revisions"}],"predecessor-version":[{"id":19017,"href":"https:\/\/goldbecksolar.com\/pl\/wp-json\/wp\/v2\/pages\/19013\/revisions\/19017"}],"up":[{"embeddable":true,"href":"https:\/\/goldbecksolar.com\/pl\/wp-json\/wp\/v2\/pages\/19016"}],"wp:attachment":[{"href":"https:\/\/goldbecksolar.com\/pl\/wp-json\/wp\/v2\/media?parent=19013"}],"curies":[{"name":"wp","href":"https:\/\/api.w.org\/{rel}","templated":true}]}}