{"id":19012,"date":"2018-07-20T14:55:49","date_gmt":"2018-07-20T12:55:49","guid":{"rendered":"https:\/\/goldbecksolar.com\/obszar-pobierania\/"},"modified":"2025-09-17T14:52:49","modified_gmt":"2025-09-17T12:52:49","slug":"obszar-pobierania","status":"publish","type":"page","link":"https:\/\/goldbecksolar.com\/pl\/obszar-pobierania\/","title":"Obszar pobierania","content":"<p class=\"p1\">Witamy w naszym dziale pobierania. Tutaj mo\u017cesz pobra\u0107 wa\u017cne informacje o GOLDBECK SOLAR oraz naszych produktach i us\u0142ugach w kompaktowym i wysokiej jako\u015bci formacie PDF. W naszym obszarze pobierania mo\u017cna r\u00f3wnie\u017c pobra\u0107 nasze wytyczne dotycz\u0105ce zgodno\u015bci i polityk\u0119 prywatno\u015bci w postaci plik\u00f3w PDF.  <\/p>\n","excerpt":{"rendered":"<p>Witamy w naszym dziale pobierania. Tutaj mo\u017cesz pobra\u0107 wa\u017cne informacje o GOLDBECK SOLAR oraz naszych produktach i us\u0142ugach w kompaktowym i wysokiej jako\u015bci formacie PDF. W naszym obszarze pobierania mo\u017cna r\u00f3wnie\u017c pobra\u0107 nasze wytyczne dotycz\u0105ce zgodno\u015bci i polityk\u0119 prywatno\u015bci w postaci plik\u00f3w PDF.<\/p>\n","protected":false},"author":1,"featured_media":{"alt":"Noordermeerdijk solarpark, 98Wwp","title":"Screenshot 2025-06-12 144100","caption":"Noordermeerdijk solarpark","width":1789,"height":803,"sizes":{"thumbnail":"https:\/\/goldbecksolar.com\/wp-content\/uploads\/2025\/06\/Screenshot-2025-06-12-144100-165x165.jpg","small":"https:\/\/goldbecksolar.com\/wp-content\/uploads\/2025\/06\/Screenshot-2025-06-12-144100-700x314.jpg","medium":"https:\/\/goldbecksolar.com\/wp-content\/uploads\/2025\/06\/Screenshot-2025-06-12-144100-768x345.jpg","large":"https:\/\/goldbecksolar.com\/wp-content\/uploads\/2025\/06\/Screenshot-2025-06-12-144100.jpg","full":"https:\/\/goldbecksolar.com\/wp-content\/uploads\/2025\/06\/Screenshot-2025-06-12-144100.jpg"},"srcset":"https:\/\/goldbecksolar.com\/wp-content\/uploads\/2025\/06\/Screenshot-2025-06-12-144100-700x314.jpg 700w, https:\/\/goldbecksolar.com\/wp-content\/uploads\/2025\/06\/Screenshot-2025-06-12-144100-768x345.jpg 768w, https:\/\/goldbecksolar.com\/wp-content\/uploads\/2025\/06\/Screenshot-2025-06-12-144100-1536x689.jpg 1536w, https:\/\/goldbecksolar.com\/wp-content\/uploads\/2025\/06\/Screenshot-2025-06-12-144100-520x233.jpg 520w, https:\/\/goldbecksolar.com\/wp-content\/uploads\/2025\/06\/Screenshot-2025-06-12-144100-320x144.jpg 320w, https:\/\/goldbecksolar.com\/wp-content\/uploads\/2025\/06\/Screenshot-2025-06-12-144100.jpg 1789w"},"parent":0,"menu_order":14,"comment_status":"closed","ping_status":"closed","template":"","meta":{"_acf_changed":false,"footnotes":""},"class_list":["post-19012","page","type-page","status-publish","has-post-thumbnail","hentry"],"acf":[],"type_label":"Strona","_links":{"self":[{"href":"https:\/\/goldbecksolar.com\/pl\/wp-json\/wp\/v2\/pages\/19012","targetHints":{"allow":["GET"]}}],"collection":[{"href":"https:\/\/goldbecksolar.com\/pl\/wp-json\/wp\/v2\/pages"}],"about":[{"href":"https:\/\/goldbecksolar.com\/pl\/wp-json\/wp\/v2\/types\/page"}],"author":[{"embeddable":true,"href":"https:\/\/goldbecksolar.com\/pl\/wp-json\/wp\/v2\/users\/1"}],"replies":[{"embeddable":true,"href":"https:\/\/goldbecksolar.com\/pl\/wp-json\/wp\/v2\/comments?post=19012"}],"version-history":[{"count":10,"href":"https:\/\/goldbecksolar.com\/pl\/wp-json\/wp\/v2\/pages\/19012\/revisions"}],"predecessor-version":[{"id":20322,"href":"https:\/\/goldbecksolar.com\/pl\/wp-json\/wp\/v2\/pages\/19012\/revisions\/20322"}],"wp:featuredmedia":[{"embeddable":true,"href":"https:\/\/goldbecksolar.com\/pl\/wp-json\/wp\/v2\/media\/19720"}],"wp:attachment":[{"href":"https:\/\/goldbecksolar.com\/pl\/wp-json\/wp\/v2\/media?parent=19012"}],"curies":[{"name":"wp","href":"https:\/\/api.w.org\/{rel}","templated":true}]}}