{"id":19009,"date":"2018-10-10T13:43:13","date_gmt":"2018-10-10T11:43:13","guid":{"rendered":"https:\/\/goldbecksolar.com\/jestesmy-goldbeck-solar\/wytyczne-dotyczace-zgodnosci\/"},"modified":"2025-02-13T11:57:06","modified_gmt":"2025-02-13T10:57:06","slug":"wytyczne-dotyczace-zgodnosci","status":"publish","type":"page","link":"https:\/\/goldbecksolar.com\/pl\/jestesmy-goldbeck-solar\/wytyczne-dotyczace-zgodnosci\/","title":"Wytyczne dotycz\u0105ce zgodno\u015bci","content":"<p class=\"paragraph\">Przestrzeganie niniejszej polityki zgodno\u015bci jest obowi\u0105zkiem ca\u0142ej firmy, a zatem wszystkich pracownik\u00f3w i naszych partner\u00f3w biznesowych.<\/p>\n","excerpt":{"rendered":"<p>Przestrzeganie niniejszej polityki zgodno\u015bci jest obowi\u0105zkiem ca\u0142ej firmy, a zatem wszystkich pracownik\u00f3w i naszych partner\u00f3w biznesowych.<\/p>\n","protected":false},"author":1,"featured_media":null,"parent":18330,"menu_order":3,"comment_status":"closed","ping_status":"closed","template":"","meta":{"_acf_changed":false,"footnotes":""},"class_list":["post-19009","page","type-page","status-publish","hentry"],"acf":[],"type_label":"Strona","_links":{"self":[{"href":"https:\/\/goldbecksolar.com\/pl\/wp-json\/wp\/v2\/pages\/19009","targetHints":{"allow":["GET"]}}],"collection":[{"href":"https:\/\/goldbecksolar.com\/pl\/wp-json\/wp\/v2\/pages"}],"about":[{"href":"https:\/\/goldbecksolar.com\/pl\/wp-json\/wp\/v2\/types\/page"}],"author":[{"embeddable":true,"href":"https:\/\/goldbecksolar.com\/pl\/wp-json\/wp\/v2\/users\/1"}],"replies":[{"embeddable":true,"href":"https:\/\/goldbecksolar.com\/pl\/wp-json\/wp\/v2\/comments?post=19009"}],"version-history":[{"count":1,"href":"https:\/\/goldbecksolar.com\/pl\/wp-json\/wp\/v2\/pages\/19009\/revisions"}],"predecessor-version":[{"id":19010,"href":"https:\/\/goldbecksolar.com\/pl\/wp-json\/wp\/v2\/pages\/19009\/revisions\/19010"}],"up":[{"embeddable":true,"href":"https:\/\/goldbecksolar.com\/pl\/wp-json\/wp\/v2\/pages\/18330"}],"wp:attachment":[{"href":"https:\/\/goldbecksolar.com\/pl\/wp-json\/wp\/v2\/media?parent=19009"}],"curies":[{"name":"wp","href":"https:\/\/api.w.org\/{rel}","templated":true}]}}