{"id":19005,"date":"2019-08-14T10:43:13","date_gmt":"2019-08-14T08:43:13","guid":{"rendered":"https:\/\/goldbecksolar.com\/innowacje-dla-rynku-energii\/"},"modified":"2026-02-20T15:39:13","modified_gmt":"2026-02-20T14:39:13","slug":"innowacje-dla-rynku-energii","status":"publish","type":"page","link":"https:\/\/goldbecksolar.com\/pl\/innowacje-dla-rynku-energii\/","title":"Innowacje dla rynku energii","content":"<p><span data-contrast=\"none\">Aby rozwi\u0105zania solarne mia\u0142y trwa\u0142y efekt, musz\u0105 by\u0107 stale rozwijane. GOLDBECK SOLAR nie czeka na innowacje, wnosimy nasz\u0105 wiedz\u0119 i aktywnie nap\u0119dzamy innowacje. Wsp\u00f3lnie z renomowanymi instytutami badawczymi, takimi jak <a href=\"https:\/\/www.itwm.fraunhofer.de\/\" target=\"_blank\" rel=\"noopener\">Fraunhofer ITWM<\/a>, pracujemy nad rynkiem solarnym przysz\u0142o\u015bci dla naszych klient\u00f3w. W ostatnich latach zaowocowa\u0142o to pionierskimi rozwi\u0105zaniami dla naszej bran\u017cy, takimi jak <a href=\"https:\/\/goldbecksolar.com\/innovationen\/solarplanner\/\">SolarPlanner<\/a> i <a href=\"https:\/\/goldbecksolar.com\/innovationen\/marcs\/\">system MarcS, kt\u00f3ry zdoby\u0142 nagrod\u0119 Intersolar Award<\/a>.   <\/span><span data-ccp-props=\"{\"201341983\":0,\"335551550\":2,\"335551620\":2,\"335559739\":0,\"335559740\":240}\"> <\/span><\/p>\n","excerpt":{"rendered":"<p>Aby rozwi\u0105zania solarne mia\u0142y trwa\u0142y efekt, musz\u0105 by\u0107 stale rozwijane. GOLDBECK SOLAR nie czeka na innowacje, wnosimy nasz\u0105 wiedz\u0119 i aktywnie nap\u0119dzamy innowacje. Wsp\u00f3lnie z renomowanymi instytutami badawczymi, takimi jak Fraunhofer ITWM, pracujemy nad rynkiem solarnym przysz\u0142o\u015bci dla naszych klient\u00f3w. W ostatnich latach zaowocowa\u0142o to pionierskimi rozwi\u0105zaniami dla naszej bran\u017cy, takimi jak SolarPlanner i system [&hellip;]<\/p>\n","protected":false},"author":1,"featured_media":{"alt":"","title":"PM Goldbeck Solar Forschungsprojekt MarcS_3","caption":"","width":2560,"height":1920,"sizes":{"thumbnail":"https:\/\/goldbecksolar.com\/wp-content\/uploads\/2022\/08\/PM-Goldbeck-Solar-Forschungsprojekt-MarcS_3-Kopie-165x165.jpg","small":"https:\/\/goldbecksolar.com\/wp-content\/uploads\/2022\/08\/PM-Goldbeck-Solar-Forschungsprojekt-MarcS_3-Kopie-700x525.jpg","medium":"https:\/\/goldbecksolar.com\/wp-content\/uploads\/2022\/08\/PM-Goldbeck-Solar-Forschungsprojekt-MarcS_3-Kopie-768x576.jpg","large":"https:\/\/goldbecksolar.com\/wp-content\/uploads\/2022\/08\/PM-Goldbeck-Solar-Forschungsprojekt-MarcS_3-Kopie-1440x1080.jpg","full":"https:\/\/goldbecksolar.com\/wp-content\/uploads\/2022\/08\/PM-Goldbeck-Solar-Forschungsprojekt-MarcS_3-Kopie-scaled.jpg"},"srcset":"https:\/\/goldbecksolar.com\/wp-content\/uploads\/2022\/08\/PM-Goldbeck-Solar-Forschungsprojekt-MarcS_3-Kopie-700x525.jpg 700w, https:\/\/goldbecksolar.com\/wp-content\/uploads\/2022\/08\/PM-Goldbeck-Solar-Forschungsprojekt-MarcS_3-Kopie-1440x1080.jpg 1440w, https:\/\/goldbecksolar.com\/wp-content\/uploads\/2022\/08\/PM-Goldbeck-Solar-Forschungsprojekt-MarcS_3-Kopie-768x576.jpg 768w, https:\/\/goldbecksolar.com\/wp-content\/uploads\/2022\/08\/PM-Goldbeck-Solar-Forschungsprojekt-MarcS_3-Kopie-1536x1152.jpg 1536w, https:\/\/goldbecksolar.com\/wp-content\/uploads\/2022\/08\/PM-Goldbeck-Solar-Forschungsprojekt-MarcS_3-Kopie-2048x1536.jpg 2048w, https:\/\/goldbecksolar.com\/wp-content\/uploads\/2022\/08\/PM-Goldbeck-Solar-Forschungsprojekt-MarcS_3-Kopie-520x390.jpg 520w, https:\/\/goldbecksolar.com\/wp-content\/uploads\/2022\/08\/PM-Goldbeck-Solar-Forschungsprojekt-MarcS_3-Kopie-320x240.jpg 320w"},"parent":0,"menu_order":5,"comment_status":"closed","ping_status":"closed","template":"","meta":{"_acf_changed":false,"footnotes":""},"class_list":["post-19005","page","type-page","status-publish","has-post-thumbnail","hentry"],"acf":[],"type_label":"Strona","_links":{"self":[{"href":"https:\/\/goldbecksolar.com\/pl\/wp-json\/wp\/v2\/pages\/19005","targetHints":{"allow":["GET"]}}],"collection":[{"href":"https:\/\/goldbecksolar.com\/pl\/wp-json\/wp\/v2\/pages"}],"about":[{"href":"https:\/\/goldbecksolar.com\/pl\/wp-json\/wp\/v2\/types\/page"}],"author":[{"embeddable":true,"href":"https:\/\/goldbecksolar.com\/pl\/wp-json\/wp\/v2\/users\/1"}],"replies":[{"embeddable":true,"href":"https:\/\/goldbecksolar.com\/pl\/wp-json\/wp\/v2\/comments?post=19005"}],"version-history":[{"count":1,"href":"https:\/\/goldbecksolar.com\/pl\/wp-json\/wp\/v2\/pages\/19005\/revisions"}],"predecessor-version":[{"id":21078,"href":"https:\/\/goldbecksolar.com\/pl\/wp-json\/wp\/v2\/pages\/19005\/revisions\/21078"}],"wp:featuredmedia":[{"embeddable":true,"href":"https:\/\/goldbecksolar.com\/pl\/wp-json\/wp\/v2\/media\/16146"}],"wp:attachment":[{"href":"https:\/\/goldbecksolar.com\/pl\/wp-json\/wp\/v2\/media?parent=19005"}],"curies":[{"name":"wp","href":"https:\/\/api.w.org\/{rel}","templated":true}]}}