{"id":18966,"date":"2021-01-04T17:13:27","date_gmt":"2021-01-04T16:13:27","guid":{"rendered":"https:\/\/goldbecksolar.com\/biezace-dzialanie\/"},"modified":"2025-02-14T10:20:37","modified_gmt":"2025-02-14T09:20:37","slug":"biezace-dzialanie","status":"publish","type":"page","link":"https:\/\/goldbecksolar.com\/pl\/nasze-uslugi\/om-obsluga-i-konserwacja\/biezace-dzialanie\/","title":"Bie\u017c\u0105ce dzia\u0142anie","content":"<h1>Projekty solarne w trakcie realizacji<\/h1>\n<p>Udany projekt solarny wymaga ci\u0105g\u0142ego i profesjonalnego wsparcia, aby niezawodnie utrzyma\u0107 jego warto\u015b\u0107, zagwarantowa\u0107 niezawodno\u015b\u0107 operacyjn\u0105 i osi\u0105gn\u0105\u0107 optymalne zyski. Dzi\u0119ki us\u0142ugom O&amp;M \u015bwiadczonym przez GOLDBECK SOLAR mo\u017cesz mie\u0107 pewno\u015b\u0107, \u017ce Twoja instalacja solarna zapewnia najlepsze wyniki podczas eksploatacji. <\/p>\n","excerpt":{"rendered":"<p>Projekty solarne w trakcie realizacji Udany projekt solarny wymaga ci\u0105g\u0142ego i profesjonalnego wsparcia, aby niezawodnie utrzyma\u0107 jego warto\u015b\u0107, zagwarantowa\u0107 niezawodno\u015b\u0107 operacyjn\u0105 i osi\u0105gn\u0105\u0107 optymalne zyski. Dzi\u0119ki us\u0142ugom O&amp;M \u015bwiadczonym przez GOLDBECK SOLAR mo\u017cesz mie\u0107 pewno\u015b\u0107, \u017ce Twoja instalacja solarna zapewnia najlepsze wyniki podczas eksploatacji.<\/p>\n","protected":false},"author":1,"featured_media":{"alt":"","title":"O&#038;M GOLDBECK SOLAR: Service im laufenden Betrieb","caption":"","width":2560,"height":1707,"sizes":{"thumbnail":"https:\/\/goldbecksolar.com\/wp-content\/uploads\/2021\/09\/GP_8785-165x165.jpg","small":"https:\/\/goldbecksolar.com\/wp-content\/uploads\/2021\/09\/GP_8785-700x467.jpg","medium":"https:\/\/goldbecksolar.com\/wp-content\/uploads\/2021\/09\/GP_8785-768x512.jpg","large":"https:\/\/goldbecksolar.com\/wp-content\/uploads\/2021\/09\/GP_8785-1620x1080.jpg","full":"https:\/\/goldbecksolar.com\/wp-content\/uploads\/2021\/09\/GP_8785-scaled.jpg"},"srcset":"https:\/\/goldbecksolar.com\/wp-content\/uploads\/2021\/09\/GP_8785-700x467.jpg 700w, https:\/\/goldbecksolar.com\/wp-content\/uploads\/2021\/09\/GP_8785-1620x1080.jpg 1620w, https:\/\/goldbecksolar.com\/wp-content\/uploads\/2021\/09\/GP_8785-768x512.jpg 768w, https:\/\/goldbecksolar.com\/wp-content\/uploads\/2021\/09\/GP_8785-1536x1024.jpg 1536w, https:\/\/goldbecksolar.com\/wp-content\/uploads\/2021\/09\/GP_8785-2048x1365.jpg 2048w, https:\/\/goldbecksolar.com\/wp-content\/uploads\/2021\/09\/GP_8785-520x347.jpg 520w, https:\/\/goldbecksolar.com\/wp-content\/uploads\/2021\/09\/GP_8785-320x213.jpg 320w"},"parent":19029,"menu_order":1,"comment_status":"closed","ping_status":"closed","template":"template-unterseite.php","meta":{"_acf_changed":false,"footnotes":""},"class_list":["post-18966","page","type-page","status-publish","has-post-thumbnail","hentry"],"acf":[],"type_label":"Strona","_links":{"self":[{"href":"https:\/\/goldbecksolar.com\/pl\/wp-json\/wp\/v2\/pages\/18966","targetHints":{"allow":["GET"]}}],"collection":[{"href":"https:\/\/goldbecksolar.com\/pl\/wp-json\/wp\/v2\/pages"}],"about":[{"href":"https:\/\/goldbecksolar.com\/pl\/wp-json\/wp\/v2\/types\/page"}],"author":[{"embeddable":true,"href":"https:\/\/goldbecksolar.com\/pl\/wp-json\/wp\/v2\/users\/1"}],"replies":[{"embeddable":true,"href":"https:\/\/goldbecksolar.com\/pl\/wp-json\/wp\/v2\/comments?post=18966"}],"version-history":[{"count":1,"href":"https:\/\/goldbecksolar.com\/pl\/wp-json\/wp\/v2\/pages\/18966\/revisions"}],"predecessor-version":[{"id":18978,"href":"https:\/\/goldbecksolar.com\/pl\/wp-json\/wp\/v2\/pages\/18966\/revisions\/18978"}],"up":[{"embeddable":true,"href":"https:\/\/goldbecksolar.com\/pl\/wp-json\/wp\/v2\/pages\/19029"}],"wp:featuredmedia":[{"embeddable":true,"href":"https:\/\/goldbecksolar.com\/pl\/wp-json\/wp\/v2\/media\/15579"}],"wp:attachment":[{"href":"https:\/\/goldbecksolar.com\/pl\/wp-json\/wp\/v2\/media?parent=18966"}],"curies":[{"name":"wp","href":"https:\/\/api.w.org\/{rel}","templated":true}]}}