{"id":18853,"date":"2024-11-25T14:50:13","date_gmt":"2024-11-25T13:50:13","guid":{"rendered":"https:\/\/goldbecksolar.com\/jestesmy-goldbeck-solar\/fakty-liczby-i-dane\/"},"modified":"2026-02-23T15:18:12","modified_gmt":"2026-02-23T14:18:12","slug":"fakty-liczby-i-dane","status":"publish","type":"page","link":"https:\/\/goldbecksolar.com\/pl\/jestesmy-goldbeck-solar\/fakty-liczby-i-dane\/","title":"Fakty, liczby i dane","content":"<p>GOLDBECK SOLAR jest mi\u0119dzynarodow\u0105 firm\u0105 specjalizuj\u0105c\u0105 si\u0119 w budowie &#8222;pod klucz&#8221; system\u00f3w energii s\u0142onecznej na skal\u0119 komercyjn\u0105, przemys\u0142ow\u0105 i wielkoskalow\u0105. Nasze systemy fotowoltaiczne s\u0105 zr\u00f3wnowa\u017cone, dobrze przemy\u015blane, op\u0142acalne i dostosowane do indywidualnych wymaga\u0144 naszych klient\u00f3w. Wsp\u00f3lnie z Tob\u0105 wytwarzamy czyst\u0105 energi\u0119 &#8211; w kraju i za granic\u0105.<\/p>\n","excerpt":{"rendered":"<p>GOLDBECK SOLAR jest mi\u0119dzynarodow\u0105 firm\u0105 specjalizuj\u0105c\u0105 si\u0119 w budowie &#8222;pod klucz&#8221; system\u00f3w energii s\u0142onecznej na skal\u0119 komercyjn\u0105, przemys\u0142ow\u0105 i wielkoskalow\u0105. Nasze systemy fotowoltaiczne s\u0105 zr\u00f3wnowa\u017cone, dobrze przemy\u015blane, op\u0142acalne i dostosowane do indywidualnych wymaga\u0144 naszych klient\u00f3w. Wsp\u00f3lnie z Tob\u0105 wytwarzamy czyst\u0105 energi\u0119 &#8211; w kraju i za granic\u0105.<\/p>\n","protected":false},"author":9,"featured_media":{"alt":"","title":"Maasvlakte, Niederlande","caption":"","width":2048,"height":1536,"sizes":{"thumbnail":"https:\/\/goldbecksolar.com\/wp-content\/uploads\/2024\/11\/GS_Solardach-165x165.webp","small":"https:\/\/goldbecksolar.com\/wp-content\/uploads\/2024\/11\/GS_Solardach-700x525.webp","medium":"https:\/\/goldbecksolar.com\/wp-content\/uploads\/2024\/11\/GS_Solardach-768x576.webp","large":"https:\/\/goldbecksolar.com\/wp-content\/uploads\/2024\/11\/GS_Solardach-1440x1080.webp","full":"https:\/\/goldbecksolar.com\/wp-content\/uploads\/2024\/11\/GS_Solardach.webp"},"srcset":"https:\/\/goldbecksolar.com\/wp-content\/uploads\/2024\/11\/GS_Solardach-700x525.webp 700w, https:\/\/goldbecksolar.com\/wp-content\/uploads\/2024\/11\/GS_Solardach-1440x1080.webp 1440w, https:\/\/goldbecksolar.com\/wp-content\/uploads\/2024\/11\/GS_Solardach-768x576.webp 768w, https:\/\/goldbecksolar.com\/wp-content\/uploads\/2024\/11\/GS_Solardach-1536x1152.webp 1536w, https:\/\/goldbecksolar.com\/wp-content\/uploads\/2024\/11\/GS_Solardach-520x390.webp 520w, https:\/\/goldbecksolar.com\/wp-content\/uploads\/2024\/11\/GS_Solardach-320x240.webp 320w, https:\/\/goldbecksolar.com\/wp-content\/uploads\/2024\/11\/GS_Solardach.webp 2048w"},"parent":18330,"menu_order":0,"comment_status":"closed","ping_status":"closed","template":"","meta":{"_acf_changed":false,"footnotes":""},"class_list":["post-18853","page","type-page","status-publish","has-post-thumbnail","hentry"],"acf":[],"type_label":"Strona","_links":{"self":[{"href":"https:\/\/goldbecksolar.com\/pl\/wp-json\/wp\/v2\/pages\/18853","targetHints":{"allow":["GET"]}}],"collection":[{"href":"https:\/\/goldbecksolar.com\/pl\/wp-json\/wp\/v2\/pages"}],"about":[{"href":"https:\/\/goldbecksolar.com\/pl\/wp-json\/wp\/v2\/types\/page"}],"author":[{"embeddable":true,"href":"https:\/\/goldbecksolar.com\/pl\/wp-json\/wp\/v2\/users\/9"}],"replies":[{"embeddable":true,"href":"https:\/\/goldbecksolar.com\/pl\/wp-json\/wp\/v2\/comments?post=18853"}],"version-history":[{"count":3,"href":"https:\/\/goldbecksolar.com\/pl\/wp-json\/wp\/v2\/pages\/18853\/revisions"}],"predecessor-version":[{"id":21101,"href":"https:\/\/goldbecksolar.com\/pl\/wp-json\/wp\/v2\/pages\/18853\/revisions\/21101"}],"up":[{"embeddable":true,"href":"https:\/\/goldbecksolar.com\/pl\/wp-json\/wp\/v2\/pages\/18330"}],"wp:featuredmedia":[{"embeddable":true,"href":"https:\/\/goldbecksolar.com\/pl\/wp-json\/wp\/v2\/media\/17118"}],"wp:attachment":[{"href":"https:\/\/goldbecksolar.com\/pl\/wp-json\/wp\/v2\/media?parent=18853"}],"curies":[{"name":"wp","href":"https:\/\/api.w.org\/{rel}","templated":true}]}}