{"id":18849,"date":"2024-11-29T09:27:13","date_gmt":"2024-11-29T08:27:13","guid":{"rendered":"https:\/\/goldbecksolar.com\/inwestycja-goldbeck-solar\/"},"modified":"2026-03-10T09:55:59","modified_gmt":"2026-03-10T08:55:59","slug":"inwestycja-goldbeck-solar","status":"publish","type":"page","link":"https:\/\/goldbecksolar.com\/pl\/inwestycja-goldbeck-solar\/","title":"INWESTYCJA SOLARNA GOLDBECK","content":"<p style=\"text-align: center;\">GOLDBECK SOLAR Investment GmbH jest sp\u00f3\u0142k\u0105 inwestycyjn\u0105 Grupy GOLDBECK SOLAR. Oferujemy indywidualne rozwi\u0105zania dla ca\u0142ego cyklu \u017cycia projekt\u00f3w fotowoltaicznych &#8211; od rozwoju projektu i strukturyzacji po sprzeda\u017c instalacji pod klucz, zarz\u0105dzanie aktywami i marketing czystej energii elektrycznej. <\/p>\n<p style=\"text-align: center;\">Naszym celem jest stworzenie zr\u00f3wnowa\u017conej i ekonomicznej podstawy dla dzia\u0142ania system\u00f3w fotowoltaicznych. Chcemy odgrywa\u0107 aktywn\u0105 rol\u0119 w kszta\u0142towaniu globalnej transformacji w kierunku odnawialnych \u017ar\u00f3de\u0142 energii. <\/p>\n<p>&nbsp;<\/p>\n<p style=\"text-align: center;\"><a class=\"btn btn-editor\" href=\"https:\/\/info.goldbecksolar.com\/pl-pl\/kontaktformular\">Skontaktuj si\u0119 z nami!<\/a><\/p>\n","excerpt":{"rendered":"<p>GOLDBECK SOLAR Investment GmbH jest sp\u00f3\u0142k\u0105 inwestycyjn\u0105 Grupy GOLDBECK SOLAR. Oferujemy indywidualne rozwi\u0105zania dla ca\u0142ego cyklu \u017cycia projekt\u00f3w fotowoltaicznych &#8211; od rozwoju projektu i strukturyzacji po sprzeda\u017c instalacji pod klucz, zarz\u0105dzanie aktywami i marketing czystej energii elektrycznej. Naszym celem jest stworzenie zr\u00f3wnowa\u017conej i ekonomicznej podstawy dla dzia\u0142ania system\u00f3w fotowoltaicznych. Chcemy odgrywa\u0107 aktywn\u0105 rol\u0119 w kszta\u0142towaniu [&hellip;]<\/p>\n","protected":false},"author":1,"featured_media":{"alt":"","title":"Solarpanele_GSI Investment","caption":"","width":2560,"height":1440,"sizes":{"thumbnail":"https:\/\/goldbecksolar.com\/wp-content\/uploads\/2024\/11\/P1160084_Investment_Header_2-165x165.jpg","small":"https:\/\/goldbecksolar.com\/wp-content\/uploads\/2024\/11\/P1160084_Investment_Header_2-700x394.jpg","medium":"https:\/\/goldbecksolar.com\/wp-content\/uploads\/2024\/11\/P1160084_Investment_Header_2-768x432.jpg","large":"https:\/\/goldbecksolar.com\/wp-content\/uploads\/2024\/11\/P1160084_Investment_Header_2-1920x1080.jpg","full":"https:\/\/goldbecksolar.com\/wp-content\/uploads\/2024\/11\/P1160084_Investment_Header_2-scaled.jpg"},"srcset":"https:\/\/goldbecksolar.com\/wp-content\/uploads\/2024\/11\/P1160084_Investment_Header_2-700x394.jpg 700w, https:\/\/goldbecksolar.com\/wp-content\/uploads\/2024\/11\/P1160084_Investment_Header_2-1920x1080.jpg 1920w, https:\/\/goldbecksolar.com\/wp-content\/uploads\/2024\/11\/P1160084_Investment_Header_2-768x432.jpg 768w, https:\/\/goldbecksolar.com\/wp-content\/uploads\/2024\/11\/P1160084_Investment_Header_2-1536x864.jpg 1536w, https:\/\/goldbecksolar.com\/wp-content\/uploads\/2024\/11\/P1160084_Investment_Header_2-2048x1152.jpg 2048w, https:\/\/goldbecksolar.com\/wp-content\/uploads\/2024\/11\/P1160084_Investment_Header_2-520x293.jpg 520w, https:\/\/goldbecksolar.com\/wp-content\/uploads\/2024\/11\/P1160084_Investment_Header_2-320x180.jpg 320w"},"parent":0,"menu_order":10,"comment_status":"closed","ping_status":"closed","template":"","meta":{"_acf_changed":false,"footnotes":""},"class_list":["post-18849","page","type-page","status-publish","has-post-thumbnail","hentry"],"acf":[],"type_label":"Strona","_links":{"self":[{"href":"https:\/\/goldbecksolar.com\/pl\/wp-json\/wp\/v2\/pages\/18849","targetHints":{"allow":["GET"]}}],"collection":[{"href":"https:\/\/goldbecksolar.com\/pl\/wp-json\/wp\/v2\/pages"}],"about":[{"href":"https:\/\/goldbecksolar.com\/pl\/wp-json\/wp\/v2\/types\/page"}],"author":[{"embeddable":true,"href":"https:\/\/goldbecksolar.com\/pl\/wp-json\/wp\/v2\/users\/1"}],"replies":[{"embeddable":true,"href":"https:\/\/goldbecksolar.com\/pl\/wp-json\/wp\/v2\/comments?post=18849"}],"version-history":[{"count":3,"href":"https:\/\/goldbecksolar.com\/pl\/wp-json\/wp\/v2\/pages\/18849\/revisions"}],"predecessor-version":[{"id":21315,"href":"https:\/\/goldbecksolar.com\/pl\/wp-json\/wp\/v2\/pages\/18849\/revisions\/21315"}],"wp:featuredmedia":[{"embeddable":true,"href":"https:\/\/goldbecksolar.com\/pl\/wp-json\/wp\/v2\/media\/17274"}],"wp:attachment":[{"href":"https:\/\/goldbecksolar.com\/pl\/wp-json\/wp\/v2\/media?parent=18849"}],"curies":[{"name":"wp","href":"https:\/\/api.w.org\/{rel}","templated":true}]}}