{"id":18842,"date":"2024-11-29T09:50:13","date_gmt":"2024-11-29T08:50:13","guid":{"rendered":"https:\/\/goldbecksolar.com\/nasz-zespol-inwestycyjny-goldbeck-solar\/"},"modified":"2025-02-11T09:22:50","modified_gmt":"2025-02-11T08:22:50","slug":"nasz-zespol-inwestycyjny-goldbeck-solar","status":"publish","type":"page","link":"https:\/\/goldbecksolar.com\/pl\/inwestycja-goldbeck-solar\/goldbeck-solar-investment-twoi-eksperci-od-inwestycji-fotowoltaicznych\/nasz-zespol-inwestycyjny-goldbeck-solar\/","title":"Nasz zesp\u00f3\u0142 inwestycyjny GOLDBECK SOLAR","content":"<p>Od momentu powstania w 2018 r. zbudowali\u015bmy wysoko wykwalifikowany zesp\u00f3\u0142 inwestycyjny GOLDBECK SOLAR, kt\u00f3ry obecnie sk\u0142ada si\u0119 z trzynastu ekspert\u00f3w z dziesi\u0119ciu r\u00f3\u017cnych kraj\u00f3w. Nasi pracownicy posiadaj\u0105 bogate do\u015bwiadczenie w bran\u017cy solarnej i inwestycyjnej. Wraz z naszymi kolegami z Grupy GOLDBECK SOLAR koncentrujemy si\u0119 na niezawodnej wsp\u00f3\u0142pracy z naszymi klientami.  <\/p>\n","excerpt":{"rendered":"<p>Od momentu powstania w 2018 r. zbudowali\u015bmy wysoko wykwalifikowany zesp\u00f3\u0142 inwestycyjny GOLDBECK SOLAR, kt\u00f3ry obecnie sk\u0142ada si\u0119 z trzynastu ekspert\u00f3w z dziesi\u0119ciu r\u00f3\u017cnych kraj\u00f3w. Nasi pracownicy posiadaj\u0105 bogate do\u015bwiadczenie w bran\u017cy solarnej i inwestycyjnej. Wraz z naszymi kolegami z Grupy GOLDBECK SOLAR koncentrujemy si\u0119 na niezawodnej wsp\u00f3\u0142pracy z naszymi klientami.<\/p>\n","protected":false},"author":1,"featured_media":{"alt":"","title":"GOLDBECK SOLAR Investment: wer_wir_sind","caption":"","width":2355,"height":2560,"sizes":{"thumbnail":"https:\/\/goldbecksolar.com\/wp-content\/uploads\/2024\/12\/wer_wir_sind-165x165.jpg","small":"https:\/\/goldbecksolar.com\/wp-content\/uploads\/2024\/12\/wer_wir_sind-644x700.jpg","medium":"https:\/\/goldbecksolar.com\/wp-content\/uploads\/2024\/12\/wer_wir_sind-768x835.jpg","large":"https:\/\/goldbecksolar.com\/wp-content\/uploads\/2024\/12\/wer_wir_sind-994x1080.jpg","full":"https:\/\/goldbecksolar.com\/wp-content\/uploads\/2024\/12\/wer_wir_sind-scaled.jpg"},"srcset":"https:\/\/goldbecksolar.com\/wp-content\/uploads\/2024\/12\/wer_wir_sind-644x700.jpg 644w, https:\/\/goldbecksolar.com\/wp-content\/uploads\/2024\/12\/wer_wir_sind-994x1080.jpg 994w, https:\/\/goldbecksolar.com\/wp-content\/uploads\/2024\/12\/wer_wir_sind-768x835.jpg 768w, https:\/\/goldbecksolar.com\/wp-content\/uploads\/2024\/12\/wer_wir_sind-1413x1536.jpg 1413w, https:\/\/goldbecksolar.com\/wp-content\/uploads\/2024\/12\/wer_wir_sind-1884x2048.jpg 1884w, https:\/\/goldbecksolar.com\/wp-content\/uploads\/2024\/12\/wer_wir_sind-478x520.jpg 478w, https:\/\/goldbecksolar.com\/wp-content\/uploads\/2024\/12\/wer_wir_sind-294x320.jpg 294w"},"parent":18843,"menu_order":1,"comment_status":"closed","ping_status":"closed","template":"","meta":{"_acf_changed":false,"footnotes":""},"class_list":["post-18842","page","type-page","status-publish","has-post-thumbnail","hentry"],"acf":[],"type_label":"Strona","_links":{"self":[{"href":"https:\/\/goldbecksolar.com\/pl\/wp-json\/wp\/v2\/pages\/18842","targetHints":{"allow":["GET"]}}],"collection":[{"href":"https:\/\/goldbecksolar.com\/pl\/wp-json\/wp\/v2\/pages"}],"about":[{"href":"https:\/\/goldbecksolar.com\/pl\/wp-json\/wp\/v2\/types\/page"}],"author":[{"embeddable":true,"href":"https:\/\/goldbecksolar.com\/pl\/wp-json\/wp\/v2\/users\/1"}],"replies":[{"embeddable":true,"href":"https:\/\/goldbecksolar.com\/pl\/wp-json\/wp\/v2\/comments?post=18842"}],"version-history":[{"count":1,"href":"https:\/\/goldbecksolar.com\/pl\/wp-json\/wp\/v2\/pages\/18842\/revisions"}],"predecessor-version":[{"id":18845,"href":"https:\/\/goldbecksolar.com\/pl\/wp-json\/wp\/v2\/pages\/18842\/revisions\/18845"}],"up":[{"embeddable":true,"href":"https:\/\/goldbecksolar.com\/pl\/wp-json\/wp\/v2\/pages\/18843"}],"wp:featuredmedia":[{"embeddable":true,"href":"https:\/\/goldbecksolar.com\/pl\/wp-json\/wp\/v2\/media\/17370"}],"wp:attachment":[{"href":"https:\/\/goldbecksolar.com\/pl\/wp-json\/wp\/v2\/media?parent=18842"}],"curies":[{"name":"wp","href":"https:\/\/api.w.org\/{rel}","templated":true}]}}