{"id":18839,"date":"2024-11-29T09:50:13","date_gmt":"2024-11-29T08:50:13","guid":{"rendered":"https:\/\/goldbecksolar.com\/goldbeck-solar-investment-czym-sie-zajmujemy\/"},"modified":"2025-02-11T09:47:06","modified_gmt":"2025-02-11T08:47:06","slug":"goldbeck-solar-investment-czym-sie-zajmujemy","status":"publish","type":"page","link":"https:\/\/goldbecksolar.com\/pl\/inwestycja-goldbeck-solar\/goldbeck-solar-investment-czym-sie-zajmujemy\/","title":"GOLDBECK SOLAR Investment: Czym si\u0119 zajmujemy","content":"<p><span data-contrast=\"none\">GOLDBECK SOLAR Investment jest Twoim partnerem w zakresie zr\u00f3wnowa\u017conego rozwoju projekt\u00f3w, przysz\u0142o\u015bciowych koncepcji inwestycyjnych, nowoczesnego partnerstwa energetycznego oraz <\/span><span data-contrast=\"none\">zarz\u0105dzanie<\/span> <span data-contrast=\"none\">zarz\u0105dzanie<\/span><span data-contrast=\"none\">  aktyw\u00f3w solarnych. Twoja droga do przysz\u0142o\u015bci czystej energii zaczyna si\u0119 z nami <\/span><span data-contrast=\"none\">:<\/span><span data-contrast=\"none\"> wydajny, ustrukturyzowany i oparty na ponad 23-letnim do\u015bwiadczeniu na rynku energii.<\/span><span data-ccp-props=\"{\"201341983\":0,\"335551550\":2,\"335551620\":2,\"335559739\":0,\"335559740\":240}\"> <\/span><\/p>\n","excerpt":{"rendered":"<p>GOLDBECK SOLAR Investment jest Twoim partnerem w zakresie zr\u00f3wnowa\u017conego rozwoju projekt\u00f3w, przysz\u0142o\u015bciowych koncepcji inwestycyjnych, nowoczesnego partnerstwa energetycznego oraz zarz\u0105dzanie zarz\u0105dzanie aktyw\u00f3w solarnych. Twoja droga do przysz\u0142o\u015bci czystej energii zaczyna si\u0119 z nami : wydajny, ustrukturyzowany i oparty na ponad 23-letnim do\u015bwiadczeniu na rynku energii.<\/p>\n","protected":false},"author":1,"featured_media":{"alt":"","title":"istockphoto-1345681583-612&#215;612","caption":"Foreman and businessman shaking hands after meeting and over deal their agreement or contract. Soar panel. Green electricity","width":612,"height":408,"sizes":{"thumbnail":"https:\/\/goldbecksolar.com\/wp-content\/uploads\/2023\/02\/istockphoto-1345681583-612x612-1-165x165.jpg","small":"https:\/\/goldbecksolar.com\/wp-content\/uploads\/2023\/02\/istockphoto-1345681583-612x612-1.jpg","medium":"https:\/\/goldbecksolar.com\/wp-content\/uploads\/2023\/02\/istockphoto-1345681583-612x612-1.jpg","large":"https:\/\/goldbecksolar.com\/wp-content\/uploads\/2023\/02\/istockphoto-1345681583-612x612-1.jpg","full":"https:\/\/goldbecksolar.com\/wp-content\/uploads\/2023\/02\/istockphoto-1345681583-612x612-1.jpg"},"srcset":"https:\/\/goldbecksolar.com\/wp-content\/uploads\/2023\/02\/istockphoto-1345681583-612x612-1.jpg 612w, https:\/\/goldbecksolar.com\/wp-content\/uploads\/2023\/02\/istockphoto-1345681583-612x612-1-520x347.jpg 520w, https:\/\/goldbecksolar.com\/wp-content\/uploads\/2023\/02\/istockphoto-1345681583-612x612-1-320x213.jpg 320w"},"parent":18849,"menu_order":1,"comment_status":"closed","ping_status":"closed","template":"","meta":{"_acf_changed":false,"footnotes":""},"class_list":["post-18839","page","type-page","status-publish","has-post-thumbnail","hentry"],"acf":[],"type_label":"Strona","_links":{"self":[{"href":"https:\/\/goldbecksolar.com\/pl\/wp-json\/wp\/v2\/pages\/18839","targetHints":{"allow":["GET"]}}],"collection":[{"href":"https:\/\/goldbecksolar.com\/pl\/wp-json\/wp\/v2\/pages"}],"about":[{"href":"https:\/\/goldbecksolar.com\/pl\/wp-json\/wp\/v2\/types\/page"}],"author":[{"embeddable":true,"href":"https:\/\/goldbecksolar.com\/pl\/wp-json\/wp\/v2\/users\/1"}],"replies":[{"embeddable":true,"href":"https:\/\/goldbecksolar.com\/pl\/wp-json\/wp\/v2\/comments?post=18839"}],"version-history":[{"count":1,"href":"https:\/\/goldbecksolar.com\/pl\/wp-json\/wp\/v2\/pages\/18839\/revisions"}],"predecessor-version":[{"id":18850,"href":"https:\/\/goldbecksolar.com\/pl\/wp-json\/wp\/v2\/pages\/18839\/revisions\/18850"}],"up":[{"embeddable":true,"href":"https:\/\/goldbecksolar.com\/pl\/wp-json\/wp\/v2\/pages\/18849"}],"wp:featuredmedia":[{"embeddable":true,"href":"https:\/\/goldbecksolar.com\/pl\/wp-json\/wp\/v2\/media\/16383"}],"wp:attachment":[{"href":"https:\/\/goldbecksolar.com\/pl\/wp-json\/wp\/v2\/media?parent=18839"}],"curies":[{"name":"wp","href":"https:\/\/api.w.org\/{rel}","templated":true}]}}