{"id":18838,"date":"2024-11-29T09:50:37","date_gmt":"2024-11-29T08:50:37","guid":{"rendered":"https:\/\/goldbecksolar.com\/nasz-profil\/"},"modified":"2025-02-11T09:22:50","modified_gmt":"2025-02-11T08:22:50","slug":"nasz-profil","status":"publish","type":"page","link":"https:\/\/goldbecksolar.com\/pl\/inwestycja-goldbeck-solar\/goldbeck-solar-investment-twoi-eksperci-od-inwestycji-fotowoltaicznych\/nasz-profil\/","title":"Nasz profil","content":"<p>GOLDBECK SOLAR Investment oferuje rozwi\u0105zania dla ca\u0142ego cyklu \u017cycia projekt\u00f3w fotowoltaicznych &#8211; nasz profil obejmuje zar\u00f3wno rozw\u00f3j i marketing, jak i dostawy czystej energii elektrycznej.<\/p>\n","excerpt":{"rendered":"<p>GOLDBECK SOLAR Investment oferuje rozwi\u0105zania dla ca\u0142ego cyklu \u017cycia projekt\u00f3w fotowoltaicznych &#8211; nasz profil obejmuje zar\u00f3wno rozw\u00f3j i marketing, jak i dostawy czystej energii elektrycznej.<\/p>\n","protected":false},"author":1,"featured_media":{"alt":"","title":"GOLDBECK SOLAR Investment: wer_wir_sind","caption":"","width":2355,"height":2560,"sizes":{"thumbnail":"https:\/\/goldbecksolar.com\/wp-content\/uploads\/2024\/12\/wer_wir_sind-165x165.jpg","small":"https:\/\/goldbecksolar.com\/wp-content\/uploads\/2024\/12\/wer_wir_sind-644x700.jpg","medium":"https:\/\/goldbecksolar.com\/wp-content\/uploads\/2024\/12\/wer_wir_sind-768x835.jpg","large":"https:\/\/goldbecksolar.com\/wp-content\/uploads\/2024\/12\/wer_wir_sind-994x1080.jpg","full":"https:\/\/goldbecksolar.com\/wp-content\/uploads\/2024\/12\/wer_wir_sind-scaled.jpg"},"srcset":"https:\/\/goldbecksolar.com\/wp-content\/uploads\/2024\/12\/wer_wir_sind-644x700.jpg 644w, https:\/\/goldbecksolar.com\/wp-content\/uploads\/2024\/12\/wer_wir_sind-994x1080.jpg 994w, https:\/\/goldbecksolar.com\/wp-content\/uploads\/2024\/12\/wer_wir_sind-768x835.jpg 768w, https:\/\/goldbecksolar.com\/wp-content\/uploads\/2024\/12\/wer_wir_sind-1413x1536.jpg 1413w, https:\/\/goldbecksolar.com\/wp-content\/uploads\/2024\/12\/wer_wir_sind-1884x2048.jpg 1884w, https:\/\/goldbecksolar.com\/wp-content\/uploads\/2024\/12\/wer_wir_sind-478x520.jpg 478w, https:\/\/goldbecksolar.com\/wp-content\/uploads\/2024\/12\/wer_wir_sind-294x320.jpg 294w"},"parent":18843,"menu_order":0,"comment_status":"closed","ping_status":"closed","template":"","meta":{"_acf_changed":false,"footnotes":""},"class_list":["post-18838","page","type-page","status-publish","has-post-thumbnail","hentry"],"acf":[],"type_label":"Strona","_links":{"self":[{"href":"https:\/\/goldbecksolar.com\/pl\/wp-json\/wp\/v2\/pages\/18838","targetHints":{"allow":["GET"]}}],"collection":[{"href":"https:\/\/goldbecksolar.com\/pl\/wp-json\/wp\/v2\/pages"}],"about":[{"href":"https:\/\/goldbecksolar.com\/pl\/wp-json\/wp\/v2\/types\/page"}],"author":[{"embeddable":true,"href":"https:\/\/goldbecksolar.com\/pl\/wp-json\/wp\/v2\/users\/1"}],"replies":[{"embeddable":true,"href":"https:\/\/goldbecksolar.com\/pl\/wp-json\/wp\/v2\/comments?post=18838"}],"version-history":[{"count":1,"href":"https:\/\/goldbecksolar.com\/pl\/wp-json\/wp\/v2\/pages\/18838\/revisions"}],"predecessor-version":[{"id":18844,"href":"https:\/\/goldbecksolar.com\/pl\/wp-json\/wp\/v2\/pages\/18838\/revisions\/18844"}],"up":[{"embeddable":true,"href":"https:\/\/goldbecksolar.com\/pl\/wp-json\/wp\/v2\/pages\/18843"}],"wp:featuredmedia":[{"embeddable":true,"href":"https:\/\/goldbecksolar.com\/pl\/wp-json\/wp\/v2\/media\/17370"}],"wp:attachment":[{"href":"https:\/\/goldbecksolar.com\/pl\/wp-json\/wp\/v2\/media?parent=18838"}],"curies":[{"name":"wp","href":"https:\/\/api.w.org\/{rel}","templated":true}]}}