{"id":18832,"date":"2024-11-29T09:51:13","date_gmt":"2024-11-29T08:51:13","guid":{"rendered":"https:\/\/goldbecksolar.com\/umowa-zakupu-energii-ppa\/"},"modified":"2026-02-20T12:06:50","modified_gmt":"2026-02-20T11:06:50","slug":"umowa-zakupu-energii-ppa","status":"publish","type":"page","link":"https:\/\/goldbecksolar.com\/pl\/inwestycja-goldbeck-solar\/goldbeck-solar-investment-czym-sie-zajmujemy\/umowa-zakupu-energii-ppa\/","title":"Umowa zakupu energii (PPA)","content":"<h3><span class=\"TextRun SCXW241173043 BCX2\" lang=\"DE-CH\" xml:lang=\"DE-CH\" data-contrast=\"none\"><span class=\"NormalTextRun CommentHighlightRest SCXW241173043 BCX2\">Prosty spos\u00f3b na czyst\u0105 energi\u0119<\/span><span class=\"NormalTextRun CommentHighlightRest SCXW241173043 BCX2\"> dla klient\u00f3w korporacyjnych<\/span><\/span><\/h3>\n<p><span data-contrast=\"none\">Korzysta\u0107 z energii s\u0142onecznej bez inwestowania we w\u0142asny system solarny? Zosta\u0144 naszym partnerem w ramach umowy zakupu energii (PPA). Dzi\u0119ki naszym projektom wytwarzamy energi\u0119 elektryczn\u0105 ze \u017ar\u00f3de\u0142 odnawialnych, zmniejszasz sw\u00f3j \u015blad CO2 i robisz co\u015b dla \u015brodowiska.    <\/span><span data-ccp-props=\"{\"201341983\":0,\"335551550\":2,\"335551620\":2,\"335559739\":0,\"335559740\":240}\"> <\/span><\/p>\n","excerpt":{"rendered":"<p>Prosty spos\u00f3b na czyst\u0105 energi\u0119 dla klient\u00f3w korporacyjnych Korzysta\u0107 z energii s\u0142onecznej bez inwestowania we w\u0142asny system solarny? Zosta\u0144 naszym partnerem w ramach umowy zakupu energii (PPA). Dzi\u0119ki naszym projektom wytwarzamy energi\u0119 elektryczn\u0105 ze \u017ar\u00f3de\u0142 odnawialnych, zmniejszasz sw\u00f3j \u015blad CO2 i robisz co\u015b dla \u015brodowiska.<\/p>\n","protected":false},"author":1,"featured_media":{"alt":"","title":"Sonnenweg_Solarprojekt","caption":"","width":2560,"height":1536,"sizes":{"thumbnail":"https:\/\/goldbecksolar.com\/wp-content\/uploads\/2024\/11\/Sonnenweg_Bild-1-165x165.jpg","small":"https:\/\/goldbecksolar.com\/wp-content\/uploads\/2024\/11\/Sonnenweg_Bild-1-700x420.jpg","medium":"https:\/\/goldbecksolar.com\/wp-content\/uploads\/2024\/11\/Sonnenweg_Bild-1-768x461.jpg","large":"https:\/\/goldbecksolar.com\/wp-content\/uploads\/2024\/11\/Sonnenweg_Bild-1-1800x1080.jpg","full":"https:\/\/goldbecksolar.com\/wp-content\/uploads\/2024\/11\/Sonnenweg_Bild-1-scaled.jpg"},"srcset":"https:\/\/goldbecksolar.com\/wp-content\/uploads\/2024\/11\/Sonnenweg_Bild-1-700x420.jpg 700w, https:\/\/goldbecksolar.com\/wp-content\/uploads\/2024\/11\/Sonnenweg_Bild-1-1800x1080.jpg 1800w, https:\/\/goldbecksolar.com\/wp-content\/uploads\/2024\/11\/Sonnenweg_Bild-1-768x461.jpg 768w, https:\/\/goldbecksolar.com\/wp-content\/uploads\/2024\/11\/Sonnenweg_Bild-1-1536x922.jpg 1536w, https:\/\/goldbecksolar.com\/wp-content\/uploads\/2024\/11\/Sonnenweg_Bild-1-2048x1229.jpg 2048w, https:\/\/goldbecksolar.com\/wp-content\/uploads\/2024\/11\/Sonnenweg_Bild-1-520x312.jpg 520w, https:\/\/goldbecksolar.com\/wp-content\/uploads\/2024\/11\/Sonnenweg_Bild-1-320x192.jpg 320w"},"parent":18839,"menu_order":3,"comment_status":"closed","ping_status":"closed","template":"","meta":{"_acf_changed":false,"footnotes":""},"class_list":["post-18832","page","type-page","status-publish","has-post-thumbnail","hentry"],"acf":[],"type_label":"Strona","_links":{"self":[{"href":"https:\/\/goldbecksolar.com\/pl\/wp-json\/wp\/v2\/pages\/18832","targetHints":{"allow":["GET"]}}],"collection":[{"href":"https:\/\/goldbecksolar.com\/pl\/wp-json\/wp\/v2\/pages"}],"about":[{"href":"https:\/\/goldbecksolar.com\/pl\/wp-json\/wp\/v2\/types\/page"}],"author":[{"embeddable":true,"href":"https:\/\/goldbecksolar.com\/pl\/wp-json\/wp\/v2\/users\/1"}],"replies":[{"embeddable":true,"href":"https:\/\/goldbecksolar.com\/pl\/wp-json\/wp\/v2\/comments?post=18832"}],"version-history":[{"count":2,"href":"https:\/\/goldbecksolar.com\/pl\/wp-json\/wp\/v2\/pages\/18832\/revisions"}],"predecessor-version":[{"id":21056,"href":"https:\/\/goldbecksolar.com\/pl\/wp-json\/wp\/v2\/pages\/18832\/revisions\/21056"}],"up":[{"embeddable":true,"href":"https:\/\/goldbecksolar.com\/pl\/wp-json\/wp\/v2\/pages\/18839"}],"wp:featuredmedia":[{"embeddable":true,"href":"https:\/\/goldbecksolar.com\/pl\/wp-json\/wp\/v2\/media\/17151"}],"wp:attachment":[{"href":"https:\/\/goldbecksolar.com\/pl\/wp-json\/wp\/v2\/media?parent=18832"}],"curies":[{"name":"wp","href":"https:\/\/api.w.org\/{rel}","templated":true}]}}