{"id":18830,"date":"2024-11-29T09:51:13","date_gmt":"2024-11-29T08:51:13","guid":{"rendered":"https:\/\/goldbecksolar.com\/ukierunkowane-zarzadzanie-aktywami\/"},"modified":"2026-02-20T11:59:33","modified_gmt":"2026-02-20T10:59:33","slug":"ukierunkowane-zarzadzanie-aktywami","status":"publish","type":"page","link":"https:\/\/goldbecksolar.com\/pl\/inwestycja-goldbeck-solar\/goldbeck-solar-investment-czym-sie-zajmujemy\/ukierunkowane-zarzadzanie-aktywami\/","title":"Zarz\u0105dzanie aktywami","content":"<p>Jeste\u015bmy partnerem, na kt\u00f3rym mo\u017cna polega\u0107 w zakresie zarz\u0105dzania systemem energii s\u0142onecznej. Nasze zarz\u0105dzanie aktywami jest gwarancj\u0105 doskona\u0142ej ekonomicznie i technicznie wydajno\u015bci systemu solarnego. Obecnie zarz\u0105dzamy w\u0142asnymi i partnerskimi systemami o \u0142\u0105cznej mocy 400 WMp z zachowaniem wysokich standard\u00f3w jako\u015bci, kt\u00f3rych mo\u017cna oczekiwa\u0107 od GOLDBECK SOLAR.  <\/p>\n","excerpt":{"rendered":"<p>Jeste\u015bmy partnerem, na kt\u00f3rym mo\u017cna polega\u0107 w zakresie zarz\u0105dzania systemem energii s\u0142onecznej. Nasze zarz\u0105dzanie aktywami jest gwarancj\u0105 doskona\u0142ej ekonomicznie i technicznie wydajno\u015bci systemu solarnego. Obecnie zarz\u0105dzamy w\u0142asnymi i partnerskimi systemami o \u0142\u0105cznej mocy 400 WMp z zachowaniem wysokich standard\u00f3w jako\u015bci, kt\u00f3rych mo\u017cna oczekiwa\u0107 od GOLDBECK SOLAR.<\/p>\n","protected":false},"author":1,"featured_media":{"alt":"","title":"Solarpark Agethorst","caption":"","width":1920,"height":1080,"sizes":{"thumbnail":"https:\/\/goldbecksolar.com\/wp-content\/uploads\/2024\/09\/thumbnail_image005-165x165.jpg","small":"https:\/\/goldbecksolar.com\/wp-content\/uploads\/2024\/09\/thumbnail_image005-700x394.jpg","medium":"https:\/\/goldbecksolar.com\/wp-content\/uploads\/2024\/09\/thumbnail_image005-768x432.jpg","large":"https:\/\/goldbecksolar.com\/wp-content\/uploads\/2024\/09\/thumbnail_image005-1920x1080.jpg","full":"https:\/\/goldbecksolar.com\/wp-content\/uploads\/2024\/09\/thumbnail_image005.jpg"},"srcset":"https:\/\/goldbecksolar.com\/wp-content\/uploads\/2024\/09\/thumbnail_image005-700x394.jpg 700w, https:\/\/goldbecksolar.com\/wp-content\/uploads\/2024\/09\/thumbnail_image005.jpg 1920w, https:\/\/goldbecksolar.com\/wp-content\/uploads\/2024\/09\/thumbnail_image005-768x432.jpg 768w, https:\/\/goldbecksolar.com\/wp-content\/uploads\/2024\/09\/thumbnail_image005-1536x864.jpg 1536w, https:\/\/goldbecksolar.com\/wp-content\/uploads\/2024\/09\/thumbnail_image005-520x293.jpg 520w, https:\/\/goldbecksolar.com\/wp-content\/uploads\/2024\/09\/thumbnail_image005-320x180.jpg 320w"},"parent":18839,"menu_order":2,"comment_status":"closed","ping_status":"closed","template":"","meta":{"_acf_changed":false,"footnotes":""},"class_list":["post-18830","page","type-page","status-publish","has-post-thumbnail","hentry"],"acf":[],"type_label":"Strona","_links":{"self":[{"href":"https:\/\/goldbecksolar.com\/pl\/wp-json\/wp\/v2\/pages\/18830","targetHints":{"allow":["GET"]}}],"collection":[{"href":"https:\/\/goldbecksolar.com\/pl\/wp-json\/wp\/v2\/pages"}],"about":[{"href":"https:\/\/goldbecksolar.com\/pl\/wp-json\/wp\/v2\/types\/page"}],"author":[{"embeddable":true,"href":"https:\/\/goldbecksolar.com\/pl\/wp-json\/wp\/v2\/users\/1"}],"replies":[{"embeddable":true,"href":"https:\/\/goldbecksolar.com\/pl\/wp-json\/wp\/v2\/comments?post=18830"}],"version-history":[{"count":2,"href":"https:\/\/goldbecksolar.com\/pl\/wp-json\/wp\/v2\/pages\/18830\/revisions"}],"predecessor-version":[{"id":18899,"href":"https:\/\/goldbecksolar.com\/pl\/wp-json\/wp\/v2\/pages\/18830\/revisions\/18899"}],"up":[{"embeddable":true,"href":"https:\/\/goldbecksolar.com\/pl\/wp-json\/wp\/v2\/pages\/18839"}],"wp:featuredmedia":[{"embeddable":true,"href":"https:\/\/goldbecksolar.com\/pl\/wp-json\/wp\/v2\/media\/17025"}],"wp:attachment":[{"href":"https:\/\/goldbecksolar.com\/pl\/wp-json\/wp\/v2\/media?parent=18830"}],"curies":[{"name":"wp","href":"https:\/\/api.w.org\/{rel}","templated":true}]}}