{"id":18829,"date":"2024-11-29T09:51:13","date_gmt":"2024-11-29T08:51:13","guid":{"rendered":"https:\/\/goldbecksolar.com\/solidne-finansowanie-projektow-solarnych\/"},"modified":"2026-02-19T14:34:14","modified_gmt":"2026-02-19T13:34:14","slug":"solidne-finansowanie-projektow-solarnych","status":"publish","type":"page","link":"https:\/\/goldbecksolar.com\/pl\/inwestycja-goldbeck-solar\/goldbeck-solar-investment-czym-sie-zajmujemy\/solidne-finansowanie-projektow-solarnych\/","title":"Finansowanie","content":"<p style=\"text-align: center;\"><span data-contrast=\"none\">Zr\u00f3wnowa\u017cone systemy solarne s\u0105 budowane w oparciu o stabilne podstawy finansowe. Koncentrujemy si\u0119 na projektach na du\u017c\u0105 skal\u0119. Nasz zesp\u00f3\u0142 ds. finans\u00f3w i inwestycji strukturyzuje finansowanie projekt\u00f3w w oparciu o nasze wieloletnie do\u015bwiadczenie na rynku energii s\u0142onecznej oraz na mi\u0119dzynarodowych rynkach finansowych i inwestycyjnych. Opracowujemy koncepcje sprzeda\u017cy <a href=\"https:\/\/goldbecksolar.com\/en\/goldbeck-solar-investment\/goldbeck-solar-investment-what-we-do\/project-development\/our-project-pipeline\/\" target=\"_blank\" rel=\"noopener\">dla<\/a> <a href=\"https:\/\/goldbecksolar.com\/goldbeck-solar-investment\/projekte-und-erfolge\/projekte\/projekte-in-betrieb\/\" target=\"_blank\" rel=\"noopener\">projekt\u00f3w gotowych do budowy lub dzia\u0142aj\u0105cych<\/a>. Dope\u0142nieniem naszych dzia\u0142a\u0144 jest nabywanie projekt\u00f3w i linii projektowych na etapie rozwoju.   <\/span><\/p>\n<p>&nbsp;<\/p>\n","excerpt":{"rendered":"<p>Zr\u00f3wnowa\u017cone systemy solarne s\u0105 budowane w oparciu o stabilne podstawy finansowe. Koncentrujemy si\u0119 na projektach na du\u017c\u0105 skal\u0119. Nasz zesp\u00f3\u0142 ds. finans\u00f3w i inwestycji strukturyzuje finansowanie projekt\u00f3w w oparciu o nasze wieloletnie do\u015bwiadczenie na rynku energii s\u0142onecznej oraz na mi\u0119dzynarodowych rynkach finansowych i inwestycyjnych. Opracowujemy koncepcje sprzeda\u017cy dla projekt\u00f3w gotowych do budowy lub dzia\u0142aj\u0105cych. Dope\u0142nieniem [&hellip;]<\/p>\n","protected":false},"author":1,"featured_media":{"alt":"","title":"Collage_GSI Finanzierung","caption":"","width":1920,"height":600,"sizes":{"thumbnail":"https:\/\/goldbecksolar.com\/wp-content\/uploads\/2024\/12\/Collage_GSI-165x165.jpg","small":"https:\/\/goldbecksolar.com\/wp-content\/uploads\/2024\/12\/Collage_GSI-700x219.jpg","medium":"https:\/\/goldbecksolar.com\/wp-content\/uploads\/2024\/12\/Collage_GSI-768x240.jpg","large":"https:\/\/goldbecksolar.com\/wp-content\/uploads\/2024\/12\/Collage_GSI.jpg","full":"https:\/\/goldbecksolar.com\/wp-content\/uploads\/2024\/12\/Collage_GSI.jpg"},"srcset":"https:\/\/goldbecksolar.com\/wp-content\/uploads\/2024\/12\/Collage_GSI-700x219.jpg 700w, https:\/\/goldbecksolar.com\/wp-content\/uploads\/2024\/12\/Collage_GSI-768x240.jpg 768w, https:\/\/goldbecksolar.com\/wp-content\/uploads\/2024\/12\/Collage_GSI-1536x480.jpg 1536w, https:\/\/goldbecksolar.com\/wp-content\/uploads\/2024\/12\/Collage_GSI-520x163.jpg 520w, https:\/\/goldbecksolar.com\/wp-content\/uploads\/2024\/12\/Collage_GSI-320x100.jpg 320w, https:\/\/goldbecksolar.com\/wp-content\/uploads\/2024\/12\/Collage_GSI.jpg 1920w"},"parent":18839,"menu_order":1,"comment_status":"closed","ping_status":"closed","template":"","meta":{"_acf_changed":false,"footnotes":""},"class_list":["post-18829","page","type-page","status-publish","has-post-thumbnail","hentry"],"acf":[],"type_label":"Strona","_links":{"self":[{"href":"https:\/\/goldbecksolar.com\/pl\/wp-json\/wp\/v2\/pages\/18829","targetHints":{"allow":["GET"]}}],"collection":[{"href":"https:\/\/goldbecksolar.com\/pl\/wp-json\/wp\/v2\/pages"}],"about":[{"href":"https:\/\/goldbecksolar.com\/pl\/wp-json\/wp\/v2\/types\/page"}],"author":[{"embeddable":true,"href":"https:\/\/goldbecksolar.com\/pl\/wp-json\/wp\/v2\/users\/1"}],"replies":[{"embeddable":true,"href":"https:\/\/goldbecksolar.com\/pl\/wp-json\/wp\/v2\/comments?post=18829"}],"version-history":[{"count":3,"href":"https:\/\/goldbecksolar.com\/pl\/wp-json\/wp\/v2\/pages\/18829\/revisions"}],"predecessor-version":[{"id":20981,"href":"https:\/\/goldbecksolar.com\/pl\/wp-json\/wp\/v2\/pages\/18829\/revisions\/20981"}],"up":[{"embeddable":true,"href":"https:\/\/goldbecksolar.com\/pl\/wp-json\/wp\/v2\/pages\/18839"}],"wp:featuredmedia":[{"embeddable":true,"href":"https:\/\/goldbecksolar.com\/pl\/wp-json\/wp\/v2\/media\/17361"}],"wp:attachment":[{"href":"https:\/\/goldbecksolar.com\/pl\/wp-json\/wp\/v2\/media?parent=18829"}],"curies":[{"name":"wp","href":"https:\/\/api.w.org\/{rel}","templated":true}]}}