{"id":18827,"date":"2024-12-02T16:19:13","date_gmt":"2024-12-02T15:19:13","guid":{"rendered":"https:\/\/goldbecksolar.com\/fotowoltaika\/magazynowanie-energii-w-akumulatorach\/"},"modified":"2026-02-20T11:39:45","modified_gmt":"2026-02-20T10:39:45","slug":"magazynowanie-energii-w-akumulatorach","status":"publish","type":"page","link":"https:\/\/goldbecksolar.com\/pl\/fotowoltaika\/magazynowanie-energii-w-akumulatorach\/","title":"Magazynowanie energii w akumulatorach","content":"<p>Jeste\u015bmy przekonani, \u017ce ca\u0142kowite przej\u015bcie na energi\u0119 odnawialn\u0105 mo\u017ce by\u0107 skuteczne tylko wtedy, gdy istnieje inteligentna sie\u0107 mi\u0119dzy wytwarzaniem energii a jej zu\u017cyciem. Dzi\u0119ki temu energia elektryczna b\u0119dzie dost\u0119pna dok\u0142adnie wtedy, gdy b\u0119dzie potrzebna. Akumulatorowe systemy magazynowania energii s\u0105 atrakcyjne zar\u00f3wno pod wzgl\u0119dem ekonomicznym, jak i technicznym &#8211; dlatego te\u017c idealnie nadaj\u0105 si\u0119 do wykorzystania na du\u017c\u0105 skal\u0119.<\/p>\n","excerpt":{"rendered":"<p>Jeste\u015bmy przekonani, \u017ce ca\u0142kowite przej\u015bcie na energi\u0119 odnawialn\u0105 mo\u017ce by\u0107 skuteczne tylko wtedy, gdy istnieje inteligentna sie\u0107 mi\u0119dzy wytwarzaniem energii a jej zu\u017cyciem. Dzi\u0119ki temu energia elektryczna b\u0119dzie dost\u0119pna dok\u0142adnie wtedy, gdy b\u0119dzie potrzebna. Akumulatorowe systemy magazynowania energii s\u0105 atrakcyjne zar\u00f3wno pod wzgl\u0119dem ekonomicznym, jak i technicznym &#8211; dlatego te\u017c idealnie nadaj\u0105 si\u0119 do wykorzystania [&hellip;]<\/p>\n","protected":false},"author":9,"featured_media":{"alt":"","title":"Batterie-Energiespeicher","caption":"","width":2560,"height":1707,"sizes":{"thumbnail":"https:\/\/goldbecksolar.com\/wp-content\/uploads\/2024\/12\/Batterie-Energiespeicher-165x165.jpg","small":"https:\/\/goldbecksolar.com\/wp-content\/uploads\/2024\/12\/Batterie-Energiespeicher-700x467.jpg","medium":"https:\/\/goldbecksolar.com\/wp-content\/uploads\/2024\/12\/Batterie-Energiespeicher-768x512.jpg","large":"https:\/\/goldbecksolar.com\/wp-content\/uploads\/2024\/12\/Batterie-Energiespeicher-1620x1080.jpg","full":"https:\/\/goldbecksolar.com\/wp-content\/uploads\/2024\/12\/Batterie-Energiespeicher-scaled.jpg"},"srcset":"https:\/\/goldbecksolar.com\/wp-content\/uploads\/2024\/12\/Batterie-Energiespeicher-700x467.jpg 700w, https:\/\/goldbecksolar.com\/wp-content\/uploads\/2024\/12\/Batterie-Energiespeicher-1620x1080.jpg 1620w, https:\/\/goldbecksolar.com\/wp-content\/uploads\/2024\/12\/Batterie-Energiespeicher-768x512.jpg 768w, https:\/\/goldbecksolar.com\/wp-content\/uploads\/2024\/12\/Batterie-Energiespeicher-1536x1024.jpg 1536w, https:\/\/goldbecksolar.com\/wp-content\/uploads\/2024\/12\/Batterie-Energiespeicher-2048x1365.jpg 2048w, https:\/\/goldbecksolar.com\/wp-content\/uploads\/2024\/12\/Batterie-Energiespeicher-520x347.jpg 520w, https:\/\/goldbecksolar.com\/wp-content\/uploads\/2024\/12\/Batterie-Energiespeicher-320x213.jpg 320w"},"parent":18572,"menu_order":3,"comment_status":"closed","ping_status":"closed","template":"","meta":{"_acf_changed":false,"footnotes":""},"class_list":["post-18827","page","type-page","status-publish","has-post-thumbnail","hentry"],"acf":[],"type_label":"Strona","_links":{"self":[{"href":"https:\/\/goldbecksolar.com\/pl\/wp-json\/wp\/v2\/pages\/18827","targetHints":{"allow":["GET"]}}],"collection":[{"href":"https:\/\/goldbecksolar.com\/pl\/wp-json\/wp\/v2\/pages"}],"about":[{"href":"https:\/\/goldbecksolar.com\/pl\/wp-json\/wp\/v2\/types\/page"}],"author":[{"embeddable":true,"href":"https:\/\/goldbecksolar.com\/pl\/wp-json\/wp\/v2\/users\/9"}],"replies":[{"embeddable":true,"href":"https:\/\/goldbecksolar.com\/pl\/wp-json\/wp\/v2\/comments?post=18827"}],"version-history":[{"count":2,"href":"https:\/\/goldbecksolar.com\/pl\/wp-json\/wp\/v2\/pages\/18827\/revisions"}],"predecessor-version":[{"id":21045,"href":"https:\/\/goldbecksolar.com\/pl\/wp-json\/wp\/v2\/pages\/18827\/revisions\/21045"}],"up":[{"embeddable":true,"href":"https:\/\/goldbecksolar.com\/pl\/wp-json\/wp\/v2\/pages\/18572"}],"wp:featuredmedia":[{"embeddable":true,"href":"https:\/\/goldbecksolar.com\/pl\/wp-json\/wp\/v2\/media\/17307"}],"wp:attachment":[{"href":"https:\/\/goldbecksolar.com\/pl\/wp-json\/wp\/v2\/media?parent=18827"}],"curies":[{"name":"wp","href":"https:\/\/api.w.org\/{rel}","templated":true}]}}