{"id":18826,"date":"2024-12-09T17:14:59","date_gmt":"2024-12-09T16:14:59","guid":{"rendered":"https:\/\/goldbecksolar.com\/wszystko-w-skrocie-cyfrowy-plac-budowy\/"},"modified":"2025-02-13T11:41:24","modified_gmt":"2025-02-13T10:41:24","slug":"wszystko-w-skrocie-cyfrowy-plac-budowy","status":"publish","type":"page","link":"https:\/\/goldbecksolar.com\/pl\/innowacje-dla-rynku-energii\/wszystko-w-skrocie-cyfrowy-plac-budowy\/","title":"Wszystko w skr\u00f3cie: cyfrowy plac budowy","content":"<p>Narz\u0119dzia cyfrowe i technologie oparte na chmurze wspieraj\u0105 nas w wielu codziennych procesach. Chcemy r\u00f3wnie\u017c wykorzysta\u0107 ich zalety w naszych systemach fotowoltaicznych. Dzi\u0119ki cyfrowemu placowi budowy GOLDBECK SOLAR testuje przysz\u0142o\u015b\u0107 budowy elektrowni s\u0142onecznych w projektach solarnych w Niemczech i Kanadzie.  <\/p>\n","excerpt":{"rendered":"<p>Narz\u0119dzia cyfrowe i technologie oparte na chmurze wspieraj\u0105 nas w wielu codziennych procesach. Chcemy r\u00f3wnie\u017c wykorzysta\u0107 ich zalety w naszych systemach fotowoltaicznych. Dzi\u0119ki cyfrowemu placowi budowy GOLDBECK SOLAR testuje przysz\u0142o\u015b\u0107 budowy elektrowni s\u0142onecznych w projektach solarnych w Niemczech i Kanadzie.<\/p>\n","protected":false},"author":3,"featured_media":{"alt":"","title":"O&#038;M: Operation &#038; Maintenance","caption":"","width":2222,"height":1014,"sizes":{"thumbnail":"https:\/\/goldbecksolar.com\/wp-content\/uploads\/2021\/01\/om_header_1-165x165.jpg","small":"https:\/\/goldbecksolar.com\/wp-content\/uploads\/2021\/01\/om_header_1-700x319.jpg","medium":"https:\/\/goldbecksolar.com\/wp-content\/uploads\/2021\/01\/om_header_1-768x350.jpg","large":"https:\/\/goldbecksolar.com\/wp-content\/uploads\/2021\/01\/om_header_1-1920x876.jpg","full":"https:\/\/goldbecksolar.com\/wp-content\/uploads\/2021\/01\/om_header_1.jpg"},"srcset":"https:\/\/goldbecksolar.com\/wp-content\/uploads\/2021\/01\/om_header_1-700x319.jpg 700w, https:\/\/goldbecksolar.com\/wp-content\/uploads\/2021\/01\/om_header_1-1920x876.jpg 1920w, https:\/\/goldbecksolar.com\/wp-content\/uploads\/2021\/01\/om_header_1-768x350.jpg 768w, https:\/\/goldbecksolar.com\/wp-content\/uploads\/2021\/01\/om_header_1-1536x701.jpg 1536w, https:\/\/goldbecksolar.com\/wp-content\/uploads\/2021\/01\/om_header_1-2048x935.jpg 2048w, https:\/\/goldbecksolar.com\/wp-content\/uploads\/2021\/01\/om_header_1-520x237.jpg 520w, https:\/\/goldbecksolar.com\/wp-content\/uploads\/2021\/01\/om_header_1-320x146.jpg 320w"},"parent":19005,"menu_order":4,"comment_status":"closed","ping_status":"closed","template":"","meta":{"_acf_changed":false,"footnotes":""},"class_list":["post-18826","page","type-page","status-publish","has-post-thumbnail","hentry"],"acf":[],"type_label":"Strona","_links":{"self":[{"href":"https:\/\/goldbecksolar.com\/pl\/wp-json\/wp\/v2\/pages\/18826","targetHints":{"allow":["GET"]}}],"collection":[{"href":"https:\/\/goldbecksolar.com\/pl\/wp-json\/wp\/v2\/pages"}],"about":[{"href":"https:\/\/goldbecksolar.com\/pl\/wp-json\/wp\/v2\/types\/page"}],"author":[{"embeddable":true,"href":"https:\/\/goldbecksolar.com\/pl\/wp-json\/wp\/v2\/users\/3"}],"replies":[{"embeddable":true,"href":"https:\/\/goldbecksolar.com\/pl\/wp-json\/wp\/v2\/comments?post=18826"}],"version-history":[{"count":1,"href":"https:\/\/goldbecksolar.com\/pl\/wp-json\/wp\/v2\/pages\/18826\/revisions"}],"predecessor-version":[{"id":19008,"href":"https:\/\/goldbecksolar.com\/pl\/wp-json\/wp\/v2\/pages\/18826\/revisions\/19008"}],"up":[{"embeddable":true,"href":"https:\/\/goldbecksolar.com\/pl\/wp-json\/wp\/v2\/pages\/19005"}],"wp:featuredmedia":[{"embeddable":true,"href":"https:\/\/goldbecksolar.com\/pl\/wp-json\/wp\/v2\/media\/14973"}],"wp:attachment":[{"href":"https:\/\/goldbecksolar.com\/pl\/wp-json\/wp\/v2\/media?parent=18826"}],"curies":[{"name":"wp","href":"https:\/\/api.w.org\/{rel}","templated":true}]}}