{"id":18818,"date":"2024-12-10T11:03:20","date_gmt":"2024-12-10T10:03:20","guid":{"rendered":"https:\/\/goldbecksolar.com\/dzialajace-projekty\/"},"modified":"2025-02-11T13:38:21","modified_gmt":"2025-02-11T12:38:21","slug":"dzialajace-projekty","status":"publish","type":"page","link":"https:\/\/goldbecksolar.com\/pl\/inwestycja-goldbeck-solar\/przeglad-i-sukcesy-projektu\/projekty\/dzialajace-projekty\/","title":"Dzia\u0142aj\u0105ce projekty","content":"<p style=\"text-align: center;\">Nasz <a href=\"https:\/\/goldbecksolar.com\/was-wir-tun\/asset-management\/\">zesp\u00f3\u0142 ds. zarz\u0105dzania aktywami<\/a> zarz\u0105dza dzia\u0142aj\u0105cymi systemami fotowoltaicznymi i zapewnia ich optymalizacj\u0119 ekonomiczn\u0105 i techniczn\u0105. Obecnie zarz\u0105dzamy 400 MWp sk\u0142adaj\u0105cymi si\u0119 z kombinacji naszych w\u0142asnych i partnerskich elektrowni s\u0142onecznych. Naszym celem jest ci\u0105g\u0142a maksymalizacja wydajno\u015bci instalacji i zapewnienie d\u0142ugoterminowego wzrostu warto\u015bci.  <\/p>\n<p style=\"text-align: center;\">Tutaj mo\u017cna zobaczy\u0107 systemy fotowoltaiczne, kt\u00f3re obecnie obs\u0142ugujemy.<\/p>\n","excerpt":{"rendered":"<p>Nasz zesp\u00f3\u0142 ds. zarz\u0105dzania aktywami zarz\u0105dza dzia\u0142aj\u0105cymi systemami fotowoltaicznymi i zapewnia ich optymalizacj\u0119 ekonomiczn\u0105 i techniczn\u0105. Obecnie zarz\u0105dzamy 400 MWp sk\u0142adaj\u0105cymi si\u0119 z kombinacji naszych w\u0142asnych i partnerskich elektrowni s\u0142onecznych. Naszym celem jest ci\u0105g\u0142a maksymalizacja wydajno\u015bci instalacji i zapewnienie d\u0142ugoterminowego wzrostu warto\u015bci. Tutaj mo\u017cna zobaczy\u0107 systemy fotowoltaiczne, kt\u00f3re obecnie obs\u0142ugujemy.<\/p>\n","protected":false},"author":9,"featured_media":{"alt":"","title":"solarpark_zwartowo","caption":"","width":2560,"height":1707,"sizes":{"thumbnail":"https:\/\/goldbecksolar.com\/wp-content\/uploads\/2022\/03\/solarpark_zwartowo-165x165.jpg","small":"https:\/\/goldbecksolar.com\/wp-content\/uploads\/2022\/03\/solarpark_zwartowo-700x467.jpg","medium":"https:\/\/goldbecksolar.com\/wp-content\/uploads\/2022\/03\/solarpark_zwartowo-768x512.jpg","large":"https:\/\/goldbecksolar.com\/wp-content\/uploads\/2022\/03\/solarpark_zwartowo-1620x1080.jpg","full":"https:\/\/goldbecksolar.com\/wp-content\/uploads\/2022\/03\/solarpark_zwartowo-scaled.jpg"},"srcset":"https:\/\/goldbecksolar.com\/wp-content\/uploads\/2022\/03\/solarpark_zwartowo-700x467.jpg 700w, https:\/\/goldbecksolar.com\/wp-content\/uploads\/2022\/03\/solarpark_zwartowo-1620x1080.jpg 1620w, https:\/\/goldbecksolar.com\/wp-content\/uploads\/2022\/03\/solarpark_zwartowo-768x512.jpg 768w, https:\/\/goldbecksolar.com\/wp-content\/uploads\/2022\/03\/solarpark_zwartowo-1536x1024.jpg 1536w, https:\/\/goldbecksolar.com\/wp-content\/uploads\/2022\/03\/solarpark_zwartowo-2048x1365.jpg 2048w, https:\/\/goldbecksolar.com\/wp-content\/uploads\/2022\/03\/solarpark_zwartowo-520x347.jpg 520w, https:\/\/goldbecksolar.com\/wp-content\/uploads\/2022\/03\/solarpark_zwartowo-320x213.jpg 320w"},"parent":18820,"menu_order":1,"comment_status":"closed","ping_status":"closed","template":"","meta":{"_acf_changed":false,"footnotes":""},"class_list":["post-18818","page","type-page","status-publish","has-post-thumbnail","hentry"],"acf":[],"type_label":"Strona","_links":{"self":[{"href":"https:\/\/goldbecksolar.com\/pl\/wp-json\/wp\/v2\/pages\/18818","targetHints":{"allow":["GET"]}}],"collection":[{"href":"https:\/\/goldbecksolar.com\/pl\/wp-json\/wp\/v2\/pages"}],"about":[{"href":"https:\/\/goldbecksolar.com\/pl\/wp-json\/wp\/v2\/types\/page"}],"author":[{"embeddable":true,"href":"https:\/\/goldbecksolar.com\/pl\/wp-json\/wp\/v2\/users\/9"}],"replies":[{"embeddable":true,"href":"https:\/\/goldbecksolar.com\/pl\/wp-json\/wp\/v2\/comments?post=18818"}],"version-history":[{"count":1,"href":"https:\/\/goldbecksolar.com\/pl\/wp-json\/wp\/v2\/pages\/18818\/revisions"}],"predecessor-version":[{"id":18822,"href":"https:\/\/goldbecksolar.com\/pl\/wp-json\/wp\/v2\/pages\/18818\/revisions\/18822"}],"up":[{"embeddable":true,"href":"https:\/\/goldbecksolar.com\/pl\/wp-json\/wp\/v2\/pages\/18820"}],"wp:featuredmedia":[{"embeddable":true,"href":"https:\/\/goldbecksolar.com\/pl\/wp-json\/wp\/v2\/media\/15807"}],"wp:attachment":[{"href":"https:\/\/goldbecksolar.com\/pl\/wp-json\/wp\/v2\/media?parent=18818"}],"curies":[{"name":"wp","href":"https:\/\/api.w.org\/{rel}","templated":true}]}}