{"id":18810,"date":"2024-12-17T12:06:22","date_gmt":"2024-12-17T11:06:22","guid":{"rendered":"https:\/\/goldbecksolar.com\/dzierzawa-powierzchni\/"},"modified":"2025-02-10T14:07:58","modified_gmt":"2025-02-10T13:07:58","slug":"dzierzawa-powierzchni","status":"publish","type":"page","link":"https:\/\/goldbecksolar.com\/pl\/inwestycja-goldbeck-solar\/goldbeck-solar-investment-czym-sie-zajmujemy\/rozwoj-projektu\/dzierzawa-powierzchni\/","title":"Dzier\u017cawa powierzchni","content":"<p>Wydzier\u017caw swoj\u0105 ziemi\u0119 pod instalacj\u0119 solarn\u0105 i zamie\u0144 j\u0105 w zr\u00f3wnowa\u017cone \u017ar\u00f3d\u0142o energii!<\/p>\n","excerpt":{"rendered":"<p>Wydzier\u017caw swoj\u0105 ziemi\u0119 pod instalacj\u0119 solarn\u0105 i zamie\u0144 j\u0105 w zr\u00f3wnowa\u017cone \u017ar\u00f3d\u0142o energii!<\/p>\n","protected":false},"author":9,"featured_media":{"alt":"","title":"Luftaufnahme des Sunera-Solarparks","caption":"","width":2560,"height":1440,"sizes":{"thumbnail":"https:\/\/goldbecksolar.com\/wp-content\/uploads\/2024\/12\/Sunera-165x165.jpg","small":"https:\/\/goldbecksolar.com\/wp-content\/uploads\/2024\/12\/Sunera-700x394.jpg","medium":"https:\/\/goldbecksolar.com\/wp-content\/uploads\/2024\/12\/Sunera-768x432.jpg","large":"https:\/\/goldbecksolar.com\/wp-content\/uploads\/2024\/12\/Sunera-1920x1080.jpg","full":"https:\/\/goldbecksolar.com\/wp-content\/uploads\/2024\/12\/Sunera-scaled.jpg"},"srcset":"https:\/\/goldbecksolar.com\/wp-content\/uploads\/2024\/12\/Sunera-700x394.jpg 700w, https:\/\/goldbecksolar.com\/wp-content\/uploads\/2024\/12\/Sunera-1920x1080.jpg 1920w, https:\/\/goldbecksolar.com\/wp-content\/uploads\/2024\/12\/Sunera-768x432.jpg 768w, https:\/\/goldbecksolar.com\/wp-content\/uploads\/2024\/12\/Sunera-1536x864.jpg 1536w, https:\/\/goldbecksolar.com\/wp-content\/uploads\/2024\/12\/Sunera-2048x1152.jpg 2048w, https:\/\/goldbecksolar.com\/wp-content\/uploads\/2024\/12\/Sunera-520x293.jpg 520w, https:\/\/goldbecksolar.com\/wp-content\/uploads\/2024\/12\/Sunera-320x180.jpg 320w"},"parent":18835,"menu_order":1,"comment_status":"closed","ping_status":"closed","template":"","meta":{"_acf_changed":false,"footnotes":""},"class_list":["post-18810","page","type-page","status-publish","has-post-thumbnail","hentry"],"acf":[],"type_label":"Strona","_links":{"self":[{"href":"https:\/\/goldbecksolar.com\/pl\/wp-json\/wp\/v2\/pages\/18810","targetHints":{"allow":["GET"]}}],"collection":[{"href":"https:\/\/goldbecksolar.com\/pl\/wp-json\/wp\/v2\/pages"}],"about":[{"href":"https:\/\/goldbecksolar.com\/pl\/wp-json\/wp\/v2\/types\/page"}],"author":[{"embeddable":true,"href":"https:\/\/goldbecksolar.com\/pl\/wp-json\/wp\/v2\/users\/9"}],"replies":[{"embeddable":true,"href":"https:\/\/goldbecksolar.com\/pl\/wp-json\/wp\/v2\/comments?post=18810"}],"version-history":[{"count":1,"href":"https:\/\/goldbecksolar.com\/pl\/wp-json\/wp\/v2\/pages\/18810\/revisions"}],"predecessor-version":[{"id":18813,"href":"https:\/\/goldbecksolar.com\/pl\/wp-json\/wp\/v2\/pages\/18810\/revisions\/18813"}],"up":[{"embeddable":true,"href":"https:\/\/goldbecksolar.com\/pl\/wp-json\/wp\/v2\/pages\/18835"}],"wp:featuredmedia":[{"embeddable":true,"href":"https:\/\/goldbecksolar.com\/pl\/wp-json\/wp\/v2\/media\/17466"}],"wp:attachment":[{"href":"https:\/\/goldbecksolar.com\/pl\/wp-json\/wp\/v2\/media?parent=18810"}],"curies":[{"name":"wp","href":"https:\/\/api.w.org\/{rel}","templated":true}]}}