{"id":18805,"date":"2024-12-19T11:41:11","date_gmt":"2024-12-19T10:41:11","guid":{"rendered":"https:\/\/goldbecksolar.com\/nasze-najwazniejsze-projekty\/"},"modified":"2025-02-11T09:40:32","modified_gmt":"2025-02-11T08:40:32","slug":"nasze-najwazniejsze-projekty","status":"publish","type":"page","link":"https:\/\/goldbecksolar.com\/pl\/nasze-referencje\/nasze-najwazniejsze-projekty\/","title":"Nasze najwa\u017cniejsze projekty","content":"<p class=\"big\">Liczne instalacje solarne dla firm, w\u0142adz lokalnych i w\u0142a\u015bcicieli grunt\u00f3w \u015bwiadcz\u0105 o zaanga\u017cowaniu naszej firmy i jej sukcesie. Owocuj\u0105 one silnymi osi\u0105gni\u0119ciami w bran\u017cy energetycznej. Dowiedz si\u0119 wi\u0119cej o naszych najwa\u017cniejszych projektach tutaj.  <\/p>\n","excerpt":{"rendered":"<p>Liczne instalacje solarne dla firm, w\u0142adz lokalnych i w\u0142a\u015bcicieli grunt\u00f3w \u015bwiadcz\u0105 o zaanga\u017cowaniu naszej firmy i jej sukcesie. Owocuj\u0105 one silnymi osi\u0105gni\u0119ciami w bran\u017cy energetycznej. Dowiedz si\u0119 wi\u0119cej o naszych najwa\u017cniejszych projektach tutaj.<\/p>\n","protected":false},"author":1,"featured_media":{"alt":"","title":"Highlight: Saran, Karaganda, Kazachstan","caption":"100,000 kWp \/ Gr\u00f6\u00dftes Solarprojekt in Zentralasien 2019","width":2560,"height":1440,"sizes":{"thumbnail":"https:\/\/goldbecksolar.com\/wp-content\/uploads\/2020\/05\/solarpark_saran_karaganda-165x165.jpg","small":"https:\/\/goldbecksolar.com\/wp-content\/uploads\/2020\/05\/solarpark_saran_karaganda-700x394.jpg","medium":"https:\/\/goldbecksolar.com\/wp-content\/uploads\/2020\/05\/solarpark_saran_karaganda-768x432.jpg","large":"https:\/\/goldbecksolar.com\/wp-content\/uploads\/2020\/05\/solarpark_saran_karaganda-1920x1080.jpg","full":"https:\/\/goldbecksolar.com\/wp-content\/uploads\/2020\/05\/solarpark_saran_karaganda-scaled.jpg"},"srcset":"https:\/\/goldbecksolar.com\/wp-content\/uploads\/2020\/05\/solarpark_saran_karaganda-700x394.jpg 700w, https:\/\/goldbecksolar.com\/wp-content\/uploads\/2020\/05\/solarpark_saran_karaganda-1920x1080.jpg 1920w, https:\/\/goldbecksolar.com\/wp-content\/uploads\/2020\/05\/solarpark_saran_karaganda-768x432.jpg 768w, https:\/\/goldbecksolar.com\/wp-content\/uploads\/2020\/05\/solarpark_saran_karaganda-1536x864.jpg 1536w, https:\/\/goldbecksolar.com\/wp-content\/uploads\/2020\/05\/solarpark_saran_karaganda-2048x1152.jpg 2048w, https:\/\/goldbecksolar.com\/wp-content\/uploads\/2020\/05\/solarpark_saran_karaganda-520x293.jpg 520w, https:\/\/goldbecksolar.com\/wp-content\/uploads\/2020\/05\/solarpark_saran_karaganda-320x180.jpg 320w"},"parent":18847,"menu_order":0,"comment_status":"closed","ping_status":"closed","template":"","meta":{"_acf_changed":false,"footnotes":""},"class_list":["post-18805","page","type-page","status-publish","has-post-thumbnail","hentry"],"acf":[],"type_label":"Strona","_links":{"self":[{"href":"https:\/\/goldbecksolar.com\/pl\/wp-json\/wp\/v2\/pages\/18805","targetHints":{"allow":["GET"]}}],"collection":[{"href":"https:\/\/goldbecksolar.com\/pl\/wp-json\/wp\/v2\/pages"}],"about":[{"href":"https:\/\/goldbecksolar.com\/pl\/wp-json\/wp\/v2\/types\/page"}],"author":[{"embeddable":true,"href":"https:\/\/goldbecksolar.com\/pl\/wp-json\/wp\/v2\/users\/1"}],"replies":[{"embeddable":true,"href":"https:\/\/goldbecksolar.com\/pl\/wp-json\/wp\/v2\/comments?post=18805"}],"version-history":[{"count":1,"href":"https:\/\/goldbecksolar.com\/pl\/wp-json\/wp\/v2\/pages\/18805\/revisions"}],"predecessor-version":[{"id":18806,"href":"https:\/\/goldbecksolar.com\/pl\/wp-json\/wp\/v2\/pages\/18805\/revisions\/18806"}],"up":[{"embeddable":true,"href":"https:\/\/goldbecksolar.com\/pl\/wp-json\/wp\/v2\/pages\/18847"}],"wp:featuredmedia":[{"embeddable":true,"href":"https:\/\/goldbecksolar.com\/pl\/wp-json\/wp\/v2\/media\/14367"}],"wp:attachment":[{"href":"https:\/\/goldbecksolar.com\/pl\/wp-json\/wp\/v2\/media?parent=18805"}],"curies":[{"name":"wp","href":"https:\/\/api.w.org\/{rel}","templated":true}]}}