{"id":18573,"date":"2022-04-22T15:05:13","date_gmt":"2022-04-22T13:05:13","guid":{"rendered":"https:\/\/goldbecksolar.com\/goldbeck-solar-systemy-fotowoltaiczne-dla-handlu-i-przemyslu\/"},"modified":"2026-03-12T16:11:29","modified_gmt":"2026-03-12T15:11:29","slug":"goldbeck-solar-systemy-fotowoltaiczne-dla-handlu-i-przemyslu","status":"publish","type":"page","link":"https:\/\/goldbecksolar.com\/pl\/","title":"GOLDBECK SOLAR: Systemy fotowoltaiczne dla handlu i przemys\u0142u","content":"<h1>Zr\u00f3wnowa\u017cona energia dla firm i inwestor\u00f3w<\/h1>\n<p class=\"p1\">GOLDBECK SOLAR wspiera swoich klient\u00f3w komercyjnych i przemys\u0142owych w ca\u0142ym \u0142a\u0144cuchu warto\u015bci projektu solarnego: od opracowania i budowy projektu po eksploatacj\u0119 i sprzeda\u017c czystej energii. Dzi\u0119ki ponad 24-letniemu do\u015bwiadczeniu w sektorze energii odnawialnej jeste\u015bmy niezawodnym partnerem. Nasze holistycznie zaplanowane i gotowe systemy fotowoltaiczne s\u0105 zr\u00f3wnowa\u017cone, dobrze przemy\u015blane i op\u0142acalne.<\/p>\n<p>&nbsp;<\/p>\n<p style=\"text-align: center;\"><a class=\"btn btn-editor\" href=\"https:\/\/info.goldbecksolar.com\/pl-pl\/kontaktformular\">Skontaktuj si\u0119 z nami!<\/a><\/p>\n","excerpt":{"rendered":"<p>Zr\u00f3wnowa\u017cona energia dla firm i inwestor\u00f3w GOLDBECK SOLAR wspiera swoich klient\u00f3w komercyjnych i przemys\u0142owych w ca\u0142ym \u0142a\u0144cuchu warto\u015bci projektu solarnego: od opracowania i budowy projektu po eksploatacj\u0119 i sprzeda\u017c czystej energii. Dzi\u0119ki ponad 24-letniemu do\u015bwiadczeniu w sektorze energii odnawialnej jeste\u015bmy niezawodnym partnerem. Nasze holistycznie zaplanowane i gotowe systemy fotowoltaiczne s\u0105 zr\u00f3wnowa\u017cone, dobrze przemy\u015blane i op\u0142acalne. [&hellip;]<\/p>\n","protected":false},"author":1,"featured_media":{"alt":"","title":"Photovoltaikanlagen Goldbeck Solar","caption":"","width":992,"height":1036,"sizes":{"thumbnail":"https:\/\/goldbecksolar.com\/wp-content\/uploads\/2022\/06\/GP_9261_mobil-165x165.jpg","small":"https:\/\/goldbecksolar.com\/wp-content\/uploads\/2022\/06\/GP_9261_mobil-670x700.jpg","medium":"https:\/\/goldbecksolar.com\/wp-content\/uploads\/2022\/06\/GP_9261_mobil-768x802.jpg","large":"https:\/\/goldbecksolar.com\/wp-content\/uploads\/2022\/06\/GP_9261_mobil.jpg","full":"https:\/\/goldbecksolar.com\/wp-content\/uploads\/2022\/06\/GP_9261_mobil.jpg"},"srcset":"https:\/\/goldbecksolar.com\/wp-content\/uploads\/2022\/06\/GP_9261_mobil-670x700.jpg 670w, https:\/\/goldbecksolar.com\/wp-content\/uploads\/2022\/06\/GP_9261_mobil-768x802.jpg 768w, https:\/\/goldbecksolar.com\/wp-content\/uploads\/2022\/06\/GP_9261_mobil-498x520.jpg 498w, https:\/\/goldbecksolar.com\/wp-content\/uploads\/2022\/06\/GP_9261_mobil-306x320.jpg 306w, https:\/\/goldbecksolar.com\/wp-content\/uploads\/2022\/06\/GP_9261_mobil.jpg 992w"},"parent":0,"menu_order":0,"comment_status":"closed","ping_status":"closed","template":"template-landingpage.php","meta":{"_acf_changed":false,"footnotes":""},"class_list":["post-18573","page","type-page","status-publish","has-post-thumbnail","hentry"],"acf":[],"type_label":"Strona","_links":{"self":[{"href":"https:\/\/goldbecksolar.com\/pl\/wp-json\/wp\/v2\/pages\/18573","targetHints":{"allow":["GET"]}}],"collection":[{"href":"https:\/\/goldbecksolar.com\/pl\/wp-json\/wp\/v2\/pages"}],"about":[{"href":"https:\/\/goldbecksolar.com\/pl\/wp-json\/wp\/v2\/types\/page"}],"author":[{"embeddable":true,"href":"https:\/\/goldbecksolar.com\/pl\/wp-json\/wp\/v2\/users\/1"}],"replies":[{"embeddable":true,"href":"https:\/\/goldbecksolar.com\/pl\/wp-json\/wp\/v2\/comments?post=18573"}],"version-history":[{"count":6,"href":"https:\/\/goldbecksolar.com\/pl\/wp-json\/wp\/v2\/pages\/18573\/revisions"}],"predecessor-version":[{"id":21381,"href":"https:\/\/goldbecksolar.com\/pl\/wp-json\/wp\/v2\/pages\/18573\/revisions\/21381"}],"wp:featuredmedia":[{"embeddable":true,"href":"https:\/\/goldbecksolar.com\/pl\/wp-json\/wp\/v2\/media\/15975"}],"wp:attachment":[{"href":"https:\/\/goldbecksolar.com\/pl\/wp-json\/wp\/v2\/media?parent=18573"}],"curies":[{"name":"wp","href":"https:\/\/api.w.org\/{rel}","templated":true}]}}