{"id":18330,"date":"2018-04-17T15:00:13","date_gmt":"2018-04-17T13:00:13","guid":{"rendered":"https:\/\/goldbecksolar.com\/jestesmy-goldbeck-solar\/"},"modified":"2025-10-07T12:21:25","modified_gmt":"2025-10-07T10:21:25","slug":"jestesmy-goldbeck-solar","status":"publish","type":"page","link":"https:\/\/goldbecksolar.com\/pl\/jestesmy-goldbeck-solar\/","title":"Jeste\u015bmy GOLDBECK SOLAR","content":"<p>GOLDBECK SOLAR jest mi\u0119dzynarodow\u0105 firm\u0105 specjalizuj\u0105c\u0105 si\u0119 w budowie &#8222;pod klucz&#8221; przemys\u0142owych, komercyjnych i wielkoskalowych elektrowni s\u0142onecznych.<\/p>\n","excerpt":{"rendered":"<p>GOLDBECK SOLAR jest mi\u0119dzynarodow\u0105 firm\u0105 specjalizuj\u0105c\u0105 si\u0119 w budowie &#8222;pod klucz&#8221; przemys\u0142owych, komercyjnych i wielkoskalowych elektrowni s\u0142onecznych.<\/p>\n","protected":false},"author":1,"featured_media":{"alt":"","title":"Goldbeck Solar, Hirschberg","caption":"","width":2000,"height":1283,"sizes":{"thumbnail":"https:\/\/goldbecksolar.com\/wp-content\/uploads\/2019\/09\/Goldbeck-Solar-Germany-1-165x165.jpg","small":"https:\/\/goldbecksolar.com\/wp-content\/uploads\/2019\/09\/Goldbeck-Solar-Germany-1-700x449.jpg","medium":"https:\/\/goldbecksolar.com\/wp-content\/uploads\/2019\/09\/Goldbeck-Solar-Germany-1-768x493.jpg","large":"https:\/\/goldbecksolar.com\/wp-content\/uploads\/2019\/09\/Goldbeck-Solar-Germany-1-1684x1080.jpg","full":"https:\/\/goldbecksolar.com\/wp-content\/uploads\/2019\/09\/Goldbeck-Solar-Germany-1.jpg"},"srcset":"https:\/\/goldbecksolar.com\/wp-content\/uploads\/2019\/09\/Goldbeck-Solar-Germany-1-700x449.jpg 700w, https:\/\/goldbecksolar.com\/wp-content\/uploads\/2019\/09\/Goldbeck-Solar-Germany-1-1684x1080.jpg 1684w, https:\/\/goldbecksolar.com\/wp-content\/uploads\/2019\/09\/Goldbeck-Solar-Germany-1-768x493.jpg 768w, https:\/\/goldbecksolar.com\/wp-content\/uploads\/2019\/09\/Goldbeck-Solar-Germany-1-1536x985.jpg 1536w, https:\/\/goldbecksolar.com\/wp-content\/uploads\/2019\/09\/Goldbeck-Solar-Germany-1-520x334.jpg 520w, https:\/\/goldbecksolar.com\/wp-content\/uploads\/2019\/09\/Goldbeck-Solar-Germany-1-320x205.jpg 320w, https:\/\/goldbecksolar.com\/wp-content\/uploads\/2019\/09\/Goldbeck-Solar-Germany-1.jpg 2000w"},"parent":0,"menu_order":2,"comment_status":"closed","ping_status":"closed","template":"","meta":{"_acf_changed":false,"footnotes":""},"class_list":["post-18330","page","type-page","status-publish","has-post-thumbnail","hentry"],"acf":[],"type_label":"Strona","_links":{"self":[{"href":"https:\/\/goldbecksolar.com\/pl\/wp-json\/wp\/v2\/pages\/18330","targetHints":{"allow":["GET"]}}],"collection":[{"href":"https:\/\/goldbecksolar.com\/pl\/wp-json\/wp\/v2\/pages"}],"about":[{"href":"https:\/\/goldbecksolar.com\/pl\/wp-json\/wp\/v2\/types\/page"}],"author":[{"embeddable":true,"href":"https:\/\/goldbecksolar.com\/pl\/wp-json\/wp\/v2\/users\/1"}],"replies":[{"embeddable":true,"href":"https:\/\/goldbecksolar.com\/pl\/wp-json\/wp\/v2\/comments?post=18330"}],"version-history":[{"count":3,"href":"https:\/\/goldbecksolar.com\/pl\/wp-json\/wp\/v2\/pages\/18330\/revisions"}],"predecessor-version":[{"id":20207,"href":"https:\/\/goldbecksolar.com\/pl\/wp-json\/wp\/v2\/pages\/18330\/revisions\/20207"}],"wp:featuredmedia":[{"embeddable":true,"href":"https:\/\/goldbecksolar.com\/pl\/wp-json\/wp\/v2\/media\/14055"}],"wp:attachment":[{"href":"https:\/\/goldbecksolar.com\/pl\/wp-json\/wp\/v2\/media?parent=18330"}],"curies":[{"name":"wp","href":"https:\/\/api.w.org\/{rel}","templated":true}]}}