{"id":20962,"date":"2026-02-12T11:39:28","date_gmt":"2026-02-12T10:39:28","guid":{"rendered":"https:\/\/goldbecksolar.com\/somos-goldbeck-solar\/nuestros-mercados-y-ubicaciones\/"},"modified":"2026-04-23T10:13:27","modified_gmt":"2026-04-23T08:13:27","slug":"nuestros-mercados-y-ubicaciones","status":"publish","type":"page","link":"https:\/\/goldbecksolar.com\/es\/somos-goldbeck-solar\/nuestros-mercados-y-ubicaciones\/","title":"Mercados","content":"<p>GOLDBECK SOLAR tiene sus or\u00edgenes en Alemania, pero ofrece sistemas solares llave en mano para espacios abiertos o tejados industriales y comerciales, as\u00ed como su mantenimiento y revisi\u00f3n en Europa, Am\u00e9rica del Sur y del Norte y Asia Central. Actualmente estamos activos en 12 pa\u00edses, pero ya hemos instalado plantas solares en 20 pa\u00edses. Nuestro mapa muestra d\u00f3nde estamos realizando actualmente proyectos solares de forma activa y d\u00f3nde hemos construido sistemas fotovoltaicos en el pasado.  <\/p>\n","excerpt":{"rendered":"<p>GOLDBECK SOLAR tiene sus or\u00edgenes en Alemania, pero ofrece sistemas solares llave en mano para espacios abiertos o tejados industriales y comerciales, as\u00ed como su mantenimiento y revisi\u00f3n en Europa, Am\u00e9rica del Sur y del Norte y Asia Central. Actualmente estamos activos en 12 pa\u00edses, pero ya hemos instalado plantas solares en 20 pa\u00edses. Nuestro [&hellip;]<\/p>\n","protected":false},"author":1,"featured_media":null,"parent":19578,"menu_order":6,"comment_status":"closed","ping_status":"closed","template":"","meta":{"_acf_changed":false,"footnotes":""},"class_list":["post-20962","page","type-page","status-publish","hentry"],"acf":[],"type_label":"P\u00e1gina","_links":{"self":[{"href":"https:\/\/goldbecksolar.com\/es\/wp-json\/wp\/v2\/pages\/20962","targetHints":{"allow":["GET"]}}],"collection":[{"href":"https:\/\/goldbecksolar.com\/es\/wp-json\/wp\/v2\/pages"}],"about":[{"href":"https:\/\/goldbecksolar.com\/es\/wp-json\/wp\/v2\/types\/page"}],"author":[{"embeddable":true,"href":"https:\/\/goldbecksolar.com\/es\/wp-json\/wp\/v2\/users\/1"}],"replies":[{"embeddable":true,"href":"https:\/\/goldbecksolar.com\/es\/wp-json\/wp\/v2\/comments?post=20962"}],"version-history":[{"count":2,"href":"https:\/\/goldbecksolar.com\/es\/wp-json\/wp\/v2\/pages\/20962\/revisions"}],"predecessor-version":[{"id":21680,"href":"https:\/\/goldbecksolar.com\/es\/wp-json\/wp\/v2\/pages\/20962\/revisions\/21680"}],"up":[{"embeddable":true,"href":"https:\/\/goldbecksolar.com\/es\/wp-json\/wp\/v2\/pages\/19578"}],"wp:attachment":[{"href":"https:\/\/goldbecksolar.com\/es\/wp-json\/wp\/v2\/media?parent=20962"}],"curies":[{"name":"wp","href":"https:\/\/api.w.org\/{rel}","templated":true}]}}