{"id":19637,"date":"2024-12-18T14:12:19","date_gmt":"2024-12-18T13:12:19","guid":{"rendered":"https:\/\/goldbecksolar.com\/goldbeck-solar-inversion\/goldbeck-solar-investment-que-hacemos\/desarrollo-del-proyecto\/nuestra-cartera-de-proyectos\/"},"modified":"2024-12-18T14:12:19","modified_gmt":"2024-12-18T13:12:19","slug":"nuestra-cartera-de-proyectos","status":"publish","type":"page","link":"https:\/\/goldbecksolar.com\/es\/goldbeck-solar-inversion\/goldbeck-solar-investment-que-hacemos\/desarrollo-del-proyecto\/nuestra-cartera-de-proyectos\/","title":"Nuestra cartera de proyectos","content":"<p class=\"big\">GOLDBECK SOLAR cuenta con una s\u00f3lida cartera de proyectos actualmente en desarrollo que est\u00e1n impulsando el crecimiento de las energ\u00edas renovables en todo el mundo. Nuestra cartera de proyectos asciende actualmente a m\u00e1s de 3 GWp. <\/p>\n","excerpt":{"rendered":"<p>GOLDBECK SOLAR cuenta con una s\u00f3lida cartera de proyectos actualmente en desarrollo que est\u00e1n impulsando el crecimiento de las energ\u00edas renovables en todo el mundo. Nuestra cartera de proyectos asciende actualmente a m\u00e1s de 3 GWp.<\/p>\n","protected":false},"author":9,"featured_media":{"alt":"","title":"Solarpanele in einem Solarpark","caption":"","width":2355,"height":2560,"sizes":{"thumbnail":"https:\/\/goldbecksolar.com\/wp-content\/uploads\/2024\/12\/unsere_pipeline-165x165.jpg","small":"https:\/\/goldbecksolar.com\/wp-content\/uploads\/2024\/12\/unsere_pipeline-644x700.jpg","medium":"https:\/\/goldbecksolar.com\/wp-content\/uploads\/2024\/12\/unsere_pipeline-768x835.jpg","large":"https:\/\/goldbecksolar.com\/wp-content\/uploads\/2024\/12\/unsere_pipeline-994x1080.jpg","full":"https:\/\/goldbecksolar.com\/wp-content\/uploads\/2024\/12\/unsere_pipeline-scaled.jpg"},"srcset":"https:\/\/goldbecksolar.com\/wp-content\/uploads\/2024\/12\/unsere_pipeline-644x700.jpg 644w, https:\/\/goldbecksolar.com\/wp-content\/uploads\/2024\/12\/unsere_pipeline-994x1080.jpg 994w, https:\/\/goldbecksolar.com\/wp-content\/uploads\/2024\/12\/unsere_pipeline-768x835.jpg 768w, https:\/\/goldbecksolar.com\/wp-content\/uploads\/2024\/12\/unsere_pipeline-1413x1536.jpg 1413w, https:\/\/goldbecksolar.com\/wp-content\/uploads\/2024\/12\/unsere_pipeline-1884x2048.jpg 1884w, https:\/\/goldbecksolar.com\/wp-content\/uploads\/2024\/12\/unsere_pipeline-478x520.jpg 478w, https:\/\/goldbecksolar.com\/wp-content\/uploads\/2024\/12\/unsere_pipeline-294x320.jpg 294w"},"parent":19626,"menu_order":0,"comment_status":"closed","ping_status":"closed","template":"","meta":{"_acf_changed":false,"footnotes":""},"class_list":["post-19637","page","type-page","status-publish","has-post-thumbnail","hentry"],"acf":[],"type_label":"P\u00e1gina","_links":{"self":[{"href":"https:\/\/goldbecksolar.com\/es\/wp-json\/wp\/v2\/pages\/19637","targetHints":{"allow":["GET"]}}],"collection":[{"href":"https:\/\/goldbecksolar.com\/es\/wp-json\/wp\/v2\/pages"}],"about":[{"href":"https:\/\/goldbecksolar.com\/es\/wp-json\/wp\/v2\/types\/page"}],"author":[{"embeddable":true,"href":"https:\/\/goldbecksolar.com\/es\/wp-json\/wp\/v2\/users\/9"}],"replies":[{"embeddable":true,"href":"https:\/\/goldbecksolar.com\/es\/wp-json\/wp\/v2\/comments?post=19637"}],"version-history":[{"count":0,"href":"https:\/\/goldbecksolar.com\/es\/wp-json\/wp\/v2\/pages\/19637\/revisions"}],"up":[{"embeddable":true,"href":"https:\/\/goldbecksolar.com\/es\/wp-json\/wp\/v2\/pages\/19626"}],"wp:featuredmedia":[{"embeddable":true,"href":"https:\/\/goldbecksolar.com\/es\/wp-json\/wp\/v2\/media\/17365"}],"wp:attachment":[{"href":"https:\/\/goldbecksolar.com\/es\/wp-json\/wp\/v2\/media?parent=19637"}],"curies":[{"name":"wp","href":"https:\/\/api.w.org\/{rel}","templated":true}]}}