{"id":19630,"date":"2024-12-10T11:02:11","date_gmt":"2024-12-10T10:02:11","guid":{"rendered":"https:\/\/goldbecksolar.com\/goldbeck-solar-inversion\/vision-general-del-proyecto-y-exitos\/proyectos\/"},"modified":"2024-12-10T11:02:11","modified_gmt":"2024-12-10T10:02:11","slug":"proyectos","status":"publish","type":"page","link":"https:\/\/goldbecksolar.com\/es\/goldbeck-solar-inversion\/vision-general-del-proyecto-y-exitos\/proyectos\/","title":"Proyectos","content":"<p>Llevamos activos como sociedad de inversi\u00f3n de GOLDBECK SOLAR desde 2018 y ya hemos podido planificar, realizar y vender un gran n\u00famero de proyectos solares desde entonces. A continuaci\u00f3n encontrar\u00e1s un resumen de las instalaciones fotovoltaicas en <a href=\"https:\/\/goldbecksolar.com\/goldbeck-solar-investment\/projekte-und-erfolge\/projekte\/projekte-in-betrieb\/\">funcionamiento<\/a>, en <a href=\"https:\/\/goldbecksolar.com\/goldbeck-solar-investment\/projekte-und-erfolge\/projekte\/projekte-im-bau\/\">construcci\u00f3n<\/a> o ya <a href=\"https:\/\/goldbecksolar.com\/goldbeck-solar-investment\/projekte-und-erfolge\/projekte\/verkaufte-solarprojekte\/\">vendidas<\/a>. <\/p>\n","excerpt":{"rendered":"<p>Llevamos activos como sociedad de inversi\u00f3n de GOLDBECK SOLAR desde 2018 y ya hemos podido planificar, realizar y vender un gran n\u00famero de proyectos solares desde entonces. A continuaci\u00f3n encontrar\u00e1s un resumen de las instalaciones fotovoltaicas en funcionamiento, en construcci\u00f3n o ya vendidas.<\/p>\n","protected":false},"author":9,"featured_media":{"alt":"","title":"Pelluhue (Ex Santa Julia) Projekte","caption":"Pelluhue, Chile","width":2560,"height":1920,"sizes":{"thumbnail":"https:\/\/goldbecksolar.com\/wp-content\/uploads\/2023\/10\/Santa-Julia-chile-1-165x165.jpg","small":"https:\/\/goldbecksolar.com\/wp-content\/uploads\/2023\/10\/Santa-Julia-chile-1-700x525.jpg","medium":"https:\/\/goldbecksolar.com\/wp-content\/uploads\/2023\/10\/Santa-Julia-chile-1-768x576.jpg","large":"https:\/\/goldbecksolar.com\/wp-content\/uploads\/2023\/10\/Santa-Julia-chile-1-1440x1080.jpg","full":"https:\/\/goldbecksolar.com\/wp-content\/uploads\/2023\/10\/Santa-Julia-chile-1-scaled.jpg"},"srcset":"https:\/\/goldbecksolar.com\/wp-content\/uploads\/2023\/10\/Santa-Julia-chile-1-700x525.jpg 700w, https:\/\/goldbecksolar.com\/wp-content\/uploads\/2023\/10\/Santa-Julia-chile-1-1440x1080.jpg 1440w, https:\/\/goldbecksolar.com\/wp-content\/uploads\/2023\/10\/Santa-Julia-chile-1-768x576.jpg 768w, https:\/\/goldbecksolar.com\/wp-content\/uploads\/2023\/10\/Santa-Julia-chile-1-1536x1152.jpg 1536w, https:\/\/goldbecksolar.com\/wp-content\/uploads\/2023\/10\/Santa-Julia-chile-1-2048x1536.jpg 2048w, https:\/\/goldbecksolar.com\/wp-content\/uploads\/2023\/10\/Santa-Julia-chile-1-520x390.jpg 520w, https:\/\/goldbecksolar.com\/wp-content\/uploads\/2023\/10\/Santa-Julia-chile-1-320x240.jpg 320w"},"parent":19627,"menu_order":0,"comment_status":"closed","ping_status":"closed","template":"","meta":{"_acf_changed":false,"footnotes":""},"class_list":["post-19630","page","type-page","status-publish","has-post-thumbnail","hentry"],"acf":[],"type_label":"P\u00e1gina","_links":{"self":[{"href":"https:\/\/goldbecksolar.com\/es\/wp-json\/wp\/v2\/pages\/19630","targetHints":{"allow":["GET"]}}],"collection":[{"href":"https:\/\/goldbecksolar.com\/es\/wp-json\/wp\/v2\/pages"}],"about":[{"href":"https:\/\/goldbecksolar.com\/es\/wp-json\/wp\/v2\/types\/page"}],"author":[{"embeddable":true,"href":"https:\/\/goldbecksolar.com\/es\/wp-json\/wp\/v2\/users\/9"}],"replies":[{"embeddable":true,"href":"https:\/\/goldbecksolar.com\/es\/wp-json\/wp\/v2\/comments?post=19630"}],"version-history":[{"count":0,"href":"https:\/\/goldbecksolar.com\/es\/wp-json\/wp\/v2\/pages\/19630\/revisions"}],"up":[{"embeddable":true,"href":"https:\/\/goldbecksolar.com\/es\/wp-json\/wp\/v2\/pages\/19627"}],"wp:featuredmedia":[{"embeddable":true,"href":"https:\/\/goldbecksolar.com\/es\/wp-json\/wp\/v2\/media\/16678"}],"wp:attachment":[{"href":"https:\/\/goldbecksolar.com\/es\/wp-json\/wp\/v2\/media?parent=19630"}],"curies":[{"name":"wp","href":"https:\/\/api.w.org\/{rel}","templated":true}]}}