{"id":19629,"date":"2024-12-12T09:46:13","date_gmt":"2024-12-12T08:46:13","guid":{"rendered":"https:\/\/goldbecksolar.com\/nuestros-servicios\/om-operacion-y-mantenimiento\/"},"modified":"2026-02-20T11:48:23","modified_gmt":"2026-02-20T10:48:23","slug":"om-operacion-y-mantenimiento","status":"publish","type":"page","link":"https:\/\/goldbecksolar.com\/es\/nuestros-servicios\/om-operacion-y-mantenimiento\/","title":"O&amp;M: Operaci\u00f3n y Mantenimiento","content":"<p class=\"p1 big\" style=\"text-align: center;\">Una vez que tu instalaci\u00f3n solar se ha instalado y est\u00e1 en funcionamiento, comenzamos la gesti\u00f3n a largo plazo de tu activo basada en la colaboraci\u00f3n. Mantener su valor, garantizar su fiabilidad y asegurar su rendimiento son los tres pilares de un sistema fotovoltaico explotado de forma rentable. Nuestros servicios de O&amp;M garantizan que tu inversi\u00f3n se base en estos tres pilares: de forma segura, sostenible y rentable.<\/p>\n","excerpt":{"rendered":"<p>Una vez que tu instalaci\u00f3n solar se ha instalado y est\u00e1 en funcionamiento, comenzamos la gesti\u00f3n a largo plazo de tu activo basada en la colaboraci\u00f3n. Mantener su valor, garantizar su fiabilidad y asegurar su rendimiento son los tres pilares de un sistema fotovoltaico explotado de forma rentable. Nuestros servicios de O&amp;M garantizan que tu [&hellip;]<\/p>\n","protected":false},"author":1,"featured_media":{"alt":"","title":"O&#038;M-Team GOLDBECK SOLAR bei der Pr\u00fcfung einer Solaranlage","caption":"Mitarbeiter X und Mitarbeiter Y vom Operation & Maintenance-Team von GOLDBECK SOLAR an der Solaranlage XY\nFoto: Robert Gross Photography","width":2560,"height":1707,"sizes":{"thumbnail":"https:\/\/goldbecksolar.com\/wp-content\/uploads\/2021\/09\/GP_8891-165x165.jpg","small":"https:\/\/goldbecksolar.com\/wp-content\/uploads\/2021\/09\/GP_8891-700x467.jpg","medium":"https:\/\/goldbecksolar.com\/wp-content\/uploads\/2021\/09\/GP_8891-768x512.jpg","large":"https:\/\/goldbecksolar.com\/wp-content\/uploads\/2021\/09\/GP_8891-1620x1080.jpg","full":"https:\/\/goldbecksolar.com\/wp-content\/uploads\/2021\/09\/GP_8891-scaled.jpg"},"srcset":"https:\/\/goldbecksolar.com\/wp-content\/uploads\/2021\/09\/GP_8891-700x467.jpg 700w, https:\/\/goldbecksolar.com\/wp-content\/uploads\/2021\/09\/GP_8891-1620x1080.jpg 1620w, https:\/\/goldbecksolar.com\/wp-content\/uploads\/2021\/09\/GP_8891-768x512.jpg 768w, https:\/\/goldbecksolar.com\/wp-content\/uploads\/2021\/09\/GP_8891-1536x1024.jpg 1536w, https:\/\/goldbecksolar.com\/wp-content\/uploads\/2021\/09\/GP_8891-2048x1365.jpg 2048w, https:\/\/goldbecksolar.com\/wp-content\/uploads\/2021\/09\/GP_8891-520x347.jpg 520w, https:\/\/goldbecksolar.com\/wp-content\/uploads\/2021\/09\/GP_8891-320x213.jpg 320w"},"parent":19580,"menu_order":1,"comment_status":"closed","ping_status":"closed","template":"","meta":{"_acf_changed":false,"footnotes":""},"class_list":["post-19629","page","type-page","status-publish","has-post-thumbnail","hentry"],"acf":[],"type_label":"P\u00e1gina","_links":{"self":[{"href":"https:\/\/goldbecksolar.com\/es\/wp-json\/wp\/v2\/pages\/19629","targetHints":{"allow":["GET"]}}],"collection":[{"href":"https:\/\/goldbecksolar.com\/es\/wp-json\/wp\/v2\/pages"}],"about":[{"href":"https:\/\/goldbecksolar.com\/es\/wp-json\/wp\/v2\/types\/page"}],"author":[{"embeddable":true,"href":"https:\/\/goldbecksolar.com\/es\/wp-json\/wp\/v2\/users\/1"}],"replies":[{"embeddable":true,"href":"https:\/\/goldbecksolar.com\/es\/wp-json\/wp\/v2\/comments?post=19629"}],"version-history":[{"count":1,"href":"https:\/\/goldbecksolar.com\/es\/wp-json\/wp\/v2\/pages\/19629\/revisions"}],"predecessor-version":[{"id":21047,"href":"https:\/\/goldbecksolar.com\/es\/wp-json\/wp\/v2\/pages\/19629\/revisions\/21047"}],"up":[{"embeddable":true,"href":"https:\/\/goldbecksolar.com\/es\/wp-json\/wp\/v2\/pages\/19580"}],"wp:featuredmedia":[{"embeddable":true,"href":"https:\/\/goldbecksolar.com\/es\/wp-json\/wp\/v2\/media\/15574"}],"wp:attachment":[{"href":"https:\/\/goldbecksolar.com\/es\/wp-json\/wp\/v2\/media?parent=19629"}],"curies":[{"name":"wp","href":"https:\/\/api.w.org\/{rel}","templated":true}]}}