{"id":19628,"date":"2024-11-29T09:51:13","date_gmt":"2024-11-29T08:51:13","guid":{"rendered":"https:\/\/goldbecksolar.com\/goldbeck-solar-inversion\/goldbeck-solar-investment-que-hacemos\/contrato-de-compra-de-energia-cce\/"},"modified":"2026-02-20T12:11:27","modified_gmt":"2026-02-20T11:11:27","slug":"contrato-de-compra-de-energia-cce","status":"publish","type":"page","link":"https:\/\/goldbecksolar.com\/es\/goldbeck-solar-inversion\/goldbeck-solar-investment-que-hacemos\/contrato-de-compra-de-energia-cce\/","title":"Contrato de compra de energ\u00eda (CCE)","content":"<h3><span class=\"TextRun SCXW241173043 BCX2\" lang=\"DE-CH\" xml:lang=\"DE-CH\" data-contrast=\"none\"><span class=\"NormalTextRun CommentHighlightRest SCXW241173043 BCX2\">El camino f\u00e1cil hacia la energ\u00eda limpia<\/span><span class=\"NormalTextRun CommentHighlightRest SCXW241173043 BCX2\"> para empresas<\/span><\/span><\/h3>\n<p><span data-contrast=\"none\">\u00bfUsar energ\u00eda solar sin invertir en tu propio sistema solar? Convi\u00e9rtete en nuestro socio como parte de un acuerdo de compra de energ\u00eda (PPA). Nosotros generamos la electricidad a partir de fuentes renovables con nuestros proyectos, t\u00fa reduces tu huella de CO2 y haces algo por el medio ambiente.    <\/span><span data-ccp-props=\"{\"201341983\":0,\"335551550\":2,\"335551620\":2,\"335559739\":0,\"335559740\":240}\"> <\/span><\/p>\n","excerpt":{"rendered":"<p>El camino f\u00e1cil hacia la energ\u00eda limpia para empresas \u00bfUsar energ\u00eda solar sin invertir en tu propio sistema solar? Convi\u00e9rtete en nuestro socio como parte de un acuerdo de compra de energ\u00eda (PPA). Nosotros generamos la electricidad a partir de fuentes renovables con nuestros proyectos, t\u00fa reduces tu huella de CO2 y haces algo por [&hellip;]<\/p>\n","protected":false},"author":1,"featured_media":{"alt":"","title":"Sonnenweg_Solarprojekt","caption":"","width":2560,"height":1536,"sizes":{"thumbnail":"https:\/\/goldbecksolar.com\/wp-content\/uploads\/2024\/11\/Sonnenweg_Bild-1-165x165.jpg","small":"https:\/\/goldbecksolar.com\/wp-content\/uploads\/2024\/11\/Sonnenweg_Bild-1-700x420.jpg","medium":"https:\/\/goldbecksolar.com\/wp-content\/uploads\/2024\/11\/Sonnenweg_Bild-1-768x461.jpg","large":"https:\/\/goldbecksolar.com\/wp-content\/uploads\/2024\/11\/Sonnenweg_Bild-1-1800x1080.jpg","full":"https:\/\/goldbecksolar.com\/wp-content\/uploads\/2024\/11\/Sonnenweg_Bild-1-scaled.jpg"},"srcset":"https:\/\/goldbecksolar.com\/wp-content\/uploads\/2024\/11\/Sonnenweg_Bild-1-700x420.jpg 700w, https:\/\/goldbecksolar.com\/wp-content\/uploads\/2024\/11\/Sonnenweg_Bild-1-1800x1080.jpg 1800w, https:\/\/goldbecksolar.com\/wp-content\/uploads\/2024\/11\/Sonnenweg_Bild-1-768x461.jpg 768w, https:\/\/goldbecksolar.com\/wp-content\/uploads\/2024\/11\/Sonnenweg_Bild-1-1536x922.jpg 1536w, https:\/\/goldbecksolar.com\/wp-content\/uploads\/2024\/11\/Sonnenweg_Bild-1-2048x1229.jpg 2048w, https:\/\/goldbecksolar.com\/wp-content\/uploads\/2024\/11\/Sonnenweg_Bild-1-520x312.jpg 520w, https:\/\/goldbecksolar.com\/wp-content\/uploads\/2024\/11\/Sonnenweg_Bild-1-320x192.jpg 320w"},"parent":19620,"menu_order":3,"comment_status":"closed","ping_status":"closed","template":"","meta":{"_acf_changed":false,"footnotes":""},"class_list":["post-19628","page","type-page","status-publish","has-post-thumbnail","hentry"],"acf":[],"type_label":"P\u00e1gina","_links":{"self":[{"href":"https:\/\/goldbecksolar.com\/es\/wp-json\/wp\/v2\/pages\/19628","targetHints":{"allow":["GET"]}}],"collection":[{"href":"https:\/\/goldbecksolar.com\/es\/wp-json\/wp\/v2\/pages"}],"about":[{"href":"https:\/\/goldbecksolar.com\/es\/wp-json\/wp\/v2\/types\/page"}],"author":[{"embeddable":true,"href":"https:\/\/goldbecksolar.com\/es\/wp-json\/wp\/v2\/users\/1"}],"replies":[{"embeddable":true,"href":"https:\/\/goldbecksolar.com\/es\/wp-json\/wp\/v2\/comments?post=19628"}],"version-history":[{"count":1,"href":"https:\/\/goldbecksolar.com\/es\/wp-json\/wp\/v2\/pages\/19628\/revisions"}],"predecessor-version":[{"id":21057,"href":"https:\/\/goldbecksolar.com\/es\/wp-json\/wp\/v2\/pages\/19628\/revisions\/21057"}],"up":[{"embeddable":true,"href":"https:\/\/goldbecksolar.com\/es\/wp-json\/wp\/v2\/pages\/19620"}],"wp:featuredmedia":[{"embeddable":true,"href":"https:\/\/goldbecksolar.com\/es\/wp-json\/wp\/v2\/media\/17152"}],"wp:attachment":[{"href":"https:\/\/goldbecksolar.com\/es\/wp-json\/wp\/v2\/media?parent=19628"}],"curies":[{"name":"wp","href":"https:\/\/api.w.org\/{rel}","templated":true}]}}