{"id":19624,"date":"2024-12-02T16:19:13","date_gmt":"2024-12-02T15:19:13","guid":{"rendered":"https:\/\/goldbecksolar.com\/fotovoltaica\/almacenamiento-de-energia-en-baterias\/"},"modified":"2026-02-20T11:40:46","modified_gmt":"2026-02-20T10:40:46","slug":"almacenamiento-de-energia-en-baterias","status":"publish","type":"page","link":"https:\/\/goldbecksolar.com\/es\/fotovoltaica\/almacenamiento-de-energia-en-baterias\/","title":"Almacenamiento de energ\u00eda en bater\u00edas","content":"<p>Estamos convencidos de que un cambio completo a las energ\u00edas renovables s\u00f3lo puede tener \u00e9xito si existe una interconexi\u00f3n inteligente entre la generaci\u00f3n y el consumo de energ\u00eda. Esto garantiza que la electricidad est\u00e9 disponible exactamente cuando se necesita. Los sistemas de almacenamiento de energ\u00eda en bater\u00edas son atractivos desde el punto de vista econ\u00f3mico y est\u00e1n t\u00e9cnicamente consolidados, por lo que son id\u00f3neos para su uso a gran escala en la actualidad.<\/p>\n","excerpt":{"rendered":"<p>Estamos convencidos de que un cambio completo a las energ\u00edas renovables s\u00f3lo puede tener \u00e9xito si existe una interconexi\u00f3n inteligente entre la generaci\u00f3n y el consumo de energ\u00eda. Esto garantiza que la electricidad est\u00e9 disponible exactamente cuando se necesita. Los sistemas de almacenamiento de energ\u00eda en bater\u00edas son atractivos desde el punto de vista econ\u00f3mico [&hellip;]<\/p>\n","protected":false},"author":9,"featured_media":{"alt":"","title":"Batterie-Energiespeicher","caption":"","width":2560,"height":1707,"sizes":{"thumbnail":"https:\/\/goldbecksolar.com\/wp-content\/uploads\/2024\/12\/Batterie-Energiespeicher-165x165.jpg","small":"https:\/\/goldbecksolar.com\/wp-content\/uploads\/2024\/12\/Batterie-Energiespeicher-700x467.jpg","medium":"https:\/\/goldbecksolar.com\/wp-content\/uploads\/2024\/12\/Batterie-Energiespeicher-768x512.jpg","large":"https:\/\/goldbecksolar.com\/wp-content\/uploads\/2024\/12\/Batterie-Energiespeicher-1620x1080.jpg","full":"https:\/\/goldbecksolar.com\/wp-content\/uploads\/2024\/12\/Batterie-Energiespeicher-scaled.jpg"},"srcset":"https:\/\/goldbecksolar.com\/wp-content\/uploads\/2024\/12\/Batterie-Energiespeicher-700x467.jpg 700w, https:\/\/goldbecksolar.com\/wp-content\/uploads\/2024\/12\/Batterie-Energiespeicher-1620x1080.jpg 1620w, https:\/\/goldbecksolar.com\/wp-content\/uploads\/2024\/12\/Batterie-Energiespeicher-768x512.jpg 768w, https:\/\/goldbecksolar.com\/wp-content\/uploads\/2024\/12\/Batterie-Energiespeicher-1536x1024.jpg 1536w, https:\/\/goldbecksolar.com\/wp-content\/uploads\/2024\/12\/Batterie-Energiespeicher-2048x1365.jpg 2048w, https:\/\/goldbecksolar.com\/wp-content\/uploads\/2024\/12\/Batterie-Energiespeicher-520x347.jpg 520w, https:\/\/goldbecksolar.com\/wp-content\/uploads\/2024\/12\/Batterie-Energiespeicher-320x213.jpg 320w"},"parent":19581,"menu_order":3,"comment_status":"closed","ping_status":"closed","template":"","meta":{"_acf_changed":false,"footnotes":""},"class_list":["post-19624","page","type-page","status-publish","has-post-thumbnail","hentry"],"acf":[],"type_label":"P\u00e1gina","_links":{"self":[{"href":"https:\/\/goldbecksolar.com\/es\/wp-json\/wp\/v2\/pages\/19624","targetHints":{"allow":["GET"]}}],"collection":[{"href":"https:\/\/goldbecksolar.com\/es\/wp-json\/wp\/v2\/pages"}],"about":[{"href":"https:\/\/goldbecksolar.com\/es\/wp-json\/wp\/v2\/types\/page"}],"author":[{"embeddable":true,"href":"https:\/\/goldbecksolar.com\/es\/wp-json\/wp\/v2\/users\/9"}],"replies":[{"embeddable":true,"href":"https:\/\/goldbecksolar.com\/es\/wp-json\/wp\/v2\/comments?post=19624"}],"version-history":[{"count":1,"href":"https:\/\/goldbecksolar.com\/es\/wp-json\/wp\/v2\/pages\/19624\/revisions"}],"predecessor-version":[{"id":21046,"href":"https:\/\/goldbecksolar.com\/es\/wp-json\/wp\/v2\/pages\/19624\/revisions\/21046"}],"up":[{"embeddable":true,"href":"https:\/\/goldbecksolar.com\/es\/wp-json\/wp\/v2\/pages\/19581"}],"wp:featuredmedia":[{"embeddable":true,"href":"https:\/\/goldbecksolar.com\/es\/wp-json\/wp\/v2\/media\/17308"}],"wp:attachment":[{"href":"https:\/\/goldbecksolar.com\/es\/wp-json\/wp\/v2\/media?parent=19624"}],"curies":[{"name":"wp","href":"https:\/\/api.w.org\/{rel}","templated":true}]}}