{"id":19621,"date":"2024-11-29T09:51:13","date_gmt":"2024-11-29T08:51:13","guid":{"rendered":"https:\/\/goldbecksolar.com\/financiacion\/"},"modified":"2026-02-19T14:34:43","modified_gmt":"2026-02-19T13:34:43","slug":"financiacion","status":"publish","type":"page","link":"https:\/\/goldbecksolar.com\/es\/goldbeck-solar-inversion\/goldbeck-solar-investment-que-hacemos\/financiacion\/","title":"Financiaci\u00f3n","content":"<p style=\"text-align: center;\"><span data-contrast=\"none\">Los sistemas solares sostenibles se construyen sobre una base financieramente estable. Nos centramos en proyectos a gran escala. Nuestro equipo de Financiaci\u00f3n e Inversi\u00f3n estructura la financiaci\u00f3n de los proyectos bas\u00e1ndose en nuestras d\u00e9cadas de experiencia en el mercado solar y en los mercados internacionales de financiaci\u00f3n e inversi\u00f3n. Desarrollamos conceptos de venta <a href=\"https:\/\/goldbecksolar.com\/en\/goldbeck-solar-investment\/goldbeck-solar-investment-what-we-do\/project-development\/our-project-pipeline\/\" target=\"_blank\" rel=\"noopener\">para proyectos listos para la construcci\u00f3n<\/a> o <a href=\"https:\/\/goldbecksolar.com\/goldbeck-solar-investment\/projekte-und-erfolge\/projekte\/projekte-in-betrieb\/\" target=\"_blank\" rel=\"noopener\">en funcionamiento<\/a>. Nuestras actividades se completan con la adquisici\u00f3n de proyectos y pipelines de proyectos en fase de desarrollo.   <\/span><\/p>\n<p>&nbsp;<\/p>\n","excerpt":{"rendered":"<p>Los sistemas solares sostenibles se construyen sobre una base financieramente estable. Nos centramos en proyectos a gran escala. Nuestro equipo de Financiaci\u00f3n e Inversi\u00f3n estructura la financiaci\u00f3n de los proyectos bas\u00e1ndose en nuestras d\u00e9cadas de experiencia en el mercado solar y en los mercados internacionales de financiaci\u00f3n e inversi\u00f3n. Desarrollamos conceptos de venta para proyectos [&hellip;]<\/p>\n","protected":false},"author":1,"featured_media":{"alt":"","title":"Collage_GSI Finanzierung","caption":"","width":1920,"height":600,"sizes":{"thumbnail":"https:\/\/goldbecksolar.com\/wp-content\/uploads\/2024\/12\/Collage_GSI-165x165.jpg","small":"https:\/\/goldbecksolar.com\/wp-content\/uploads\/2024\/12\/Collage_GSI-700x219.jpg","medium":"https:\/\/goldbecksolar.com\/wp-content\/uploads\/2024\/12\/Collage_GSI-768x240.jpg","large":"https:\/\/goldbecksolar.com\/wp-content\/uploads\/2024\/12\/Collage_GSI.jpg","full":"https:\/\/goldbecksolar.com\/wp-content\/uploads\/2024\/12\/Collage_GSI.jpg"},"srcset":"https:\/\/goldbecksolar.com\/wp-content\/uploads\/2024\/12\/Collage_GSI-700x219.jpg 700w, https:\/\/goldbecksolar.com\/wp-content\/uploads\/2024\/12\/Collage_GSI-768x240.jpg 768w, https:\/\/goldbecksolar.com\/wp-content\/uploads\/2024\/12\/Collage_GSI-1536x480.jpg 1536w, https:\/\/goldbecksolar.com\/wp-content\/uploads\/2024\/12\/Collage_GSI-520x163.jpg 520w, https:\/\/goldbecksolar.com\/wp-content\/uploads\/2024\/12\/Collage_GSI-320x100.jpg 320w, https:\/\/goldbecksolar.com\/wp-content\/uploads\/2024\/12\/Collage_GSI.jpg 1920w"},"parent":19620,"menu_order":1,"comment_status":"closed","ping_status":"closed","template":"","meta":{"_acf_changed":false,"footnotes":""},"class_list":["post-19621","page","type-page","status-publish","has-post-thumbnail","hentry"],"acf":[],"type_label":"P\u00e1gina","_links":{"self":[{"href":"https:\/\/goldbecksolar.com\/es\/wp-json\/wp\/v2\/pages\/19621","targetHints":{"allow":["GET"]}}],"collection":[{"href":"https:\/\/goldbecksolar.com\/es\/wp-json\/wp\/v2\/pages"}],"about":[{"href":"https:\/\/goldbecksolar.com\/es\/wp-json\/wp\/v2\/types\/page"}],"author":[{"embeddable":true,"href":"https:\/\/goldbecksolar.com\/es\/wp-json\/wp\/v2\/users\/1"}],"replies":[{"embeddable":true,"href":"https:\/\/goldbecksolar.com\/es\/wp-json\/wp\/v2\/comments?post=19621"}],"version-history":[{"count":1,"href":"https:\/\/goldbecksolar.com\/es\/wp-json\/wp\/v2\/pages\/19621\/revisions"}],"predecessor-version":[{"id":20982,"href":"https:\/\/goldbecksolar.com\/es\/wp-json\/wp\/v2\/pages\/19621\/revisions\/20982"}],"up":[{"embeddable":true,"href":"https:\/\/goldbecksolar.com\/es\/wp-json\/wp\/v2\/pages\/19620"}],"wp:featuredmedia":[{"embeddable":true,"href":"https:\/\/goldbecksolar.com\/es\/wp-json\/wp\/v2\/media\/17362"}],"wp:attachment":[{"href":"https:\/\/goldbecksolar.com\/es\/wp-json\/wp\/v2\/media?parent=19621"}],"curies":[{"name":"wp","href":"https:\/\/api.w.org\/{rel}","templated":true}]}}