{"id":19620,"date":"2024-11-29T09:50:13","date_gmt":"2024-11-29T08:50:13","guid":{"rendered":"https:\/\/goldbecksolar.com\/goldbeck-solar-inversion\/goldbeck-solar-investment-que-hacemos\/"},"modified":"2024-11-29T09:50:13","modified_gmt":"2024-11-29T08:50:13","slug":"goldbeck-solar-investment-que-hacemos","status":"publish","type":"page","link":"https:\/\/goldbecksolar.com\/es\/goldbeck-solar-inversion\/goldbeck-solar-investment-que-hacemos\/","title":"GOLDBECK SOLAR Investment: Qu\u00e9 hacemos","content":"<p><span data-contrast=\"none\">GOLDBECK SOLAR Investment es tu socio para el desarrollo sostenible de proyectos, conceptos de inversi\u00f3n con futuro, asociaciones energ\u00e9ticas modernas y <\/span><span data-contrast=\"none\">la<\/span> <span data-contrast=\"none\">gesti\u00f3n<\/span><span data-contrast=\"none\">  de tus activos solares. Tu camino hacia un futuro de energ\u00eda limpia empieza con nosotros <\/span><span data-contrast=\"none\">:<\/span><span data-contrast=\"none\"> eficiente, estructurada y basada en m\u00e1s de 23 a\u00f1os de experiencia en el mercado de la energ\u00eda.<\/span><span data-ccp-props=\"{\"201341983\":0,\"335551550\":2,\"335551620\":2,\"335559739\":0,\"335559740\":240}\"> <\/span><\/p>\n","excerpt":{"rendered":"<p>GOLDBECK SOLAR Investment es tu socio para el desarrollo sostenible de proyectos, conceptos de inversi\u00f3n con futuro, asociaciones energ\u00e9ticas modernas y la gesti\u00f3n de tus activos solares. Tu camino hacia un futuro de energ\u00eda limpia empieza con nosotros : eficiente, estructurada y basada en m\u00e1s de 23 a\u00f1os de experiencia en el mercado de la [&hellip;]<\/p>\n","protected":false},"author":1,"featured_media":{"alt":"","title":"istockphoto-1345681583-612&#215;612","caption":"Foreman and businessman shaking hands after meeting and over deal their agreement or contract. Soar panel. Green electricity","width":612,"height":408,"sizes":{"thumbnail":"https:\/\/goldbecksolar.com\/wp-content\/uploads\/2023\/02\/istockphoto-1345681583-612x612-1-165x165.jpg","small":"https:\/\/goldbecksolar.com\/wp-content\/uploads\/2023\/02\/istockphoto-1345681583-612x612-1.jpg","medium":"https:\/\/goldbecksolar.com\/wp-content\/uploads\/2023\/02\/istockphoto-1345681583-612x612-1.jpg","large":"https:\/\/goldbecksolar.com\/wp-content\/uploads\/2023\/02\/istockphoto-1345681583-612x612-1.jpg","full":"https:\/\/goldbecksolar.com\/wp-content\/uploads\/2023\/02\/istockphoto-1345681583-612x612-1.jpg"},"srcset":"https:\/\/goldbecksolar.com\/wp-content\/uploads\/2023\/02\/istockphoto-1345681583-612x612-1.jpg 612w, https:\/\/goldbecksolar.com\/wp-content\/uploads\/2023\/02\/istockphoto-1345681583-612x612-1-520x347.jpg 520w, https:\/\/goldbecksolar.com\/wp-content\/uploads\/2023\/02\/istockphoto-1345681583-612x612-1-320x213.jpg 320w"},"parent":19614,"menu_order":1,"comment_status":"closed","ping_status":"closed","template":"","meta":{"_acf_changed":false,"footnotes":""},"class_list":["post-19620","page","type-page","status-publish","has-post-thumbnail","hentry"],"acf":[],"type_label":"P\u00e1gina","_links":{"self":[{"href":"https:\/\/goldbecksolar.com\/es\/wp-json\/wp\/v2\/pages\/19620","targetHints":{"allow":["GET"]}}],"collection":[{"href":"https:\/\/goldbecksolar.com\/es\/wp-json\/wp\/v2\/pages"}],"about":[{"href":"https:\/\/goldbecksolar.com\/es\/wp-json\/wp\/v2\/types\/page"}],"author":[{"embeddable":true,"href":"https:\/\/goldbecksolar.com\/es\/wp-json\/wp\/v2\/users\/1"}],"replies":[{"embeddable":true,"href":"https:\/\/goldbecksolar.com\/es\/wp-json\/wp\/v2\/comments?post=19620"}],"version-history":[{"count":0,"href":"https:\/\/goldbecksolar.com\/es\/wp-json\/wp\/v2\/pages\/19620\/revisions"}],"up":[{"embeddable":true,"href":"https:\/\/goldbecksolar.com\/es\/wp-json\/wp\/v2\/pages\/19614"}],"wp:featuredmedia":[{"embeddable":true,"href":"https:\/\/goldbecksolar.com\/es\/wp-json\/wp\/v2\/media\/16384"}],"wp:attachment":[{"href":"https:\/\/goldbecksolar.com\/es\/wp-json\/wp\/v2\/media?parent=19620"}],"curies":[{"name":"wp","href":"https:\/\/api.w.org\/{rel}","templated":true}]}}