{"id":19619,"date":"2024-11-29T09:51:13","date_gmt":"2024-11-29T08:51:13","guid":{"rendered":"https:\/\/goldbecksolar.com\/gestion-de-activos\/"},"modified":"2026-02-20T12:00:38","modified_gmt":"2026-02-20T11:00:38","slug":"gestion-de-activos","status":"publish","type":"page","link":"https:\/\/goldbecksolar.com\/es\/goldbeck-solar-inversion\/goldbeck-solar-investment-que-hacemos\/gestion-de-activos\/","title":"Gesti\u00f3n de activos","content":"<p>Somos el socio en el que puedes confiar para gestionar tu sistema de energ\u00eda solar. Nuestra gesti\u00f3n de activos es la garant\u00eda de un rendimiento econ\u00f3mica y t\u00e9cnicamente excelente de tu sistema solar. Actualmente gestionamos instalaciones propias y de socios con una potencia total de 400 WMp con los altos niveles de calidad que esperas de GOLDBECK SOLAR.  <\/p>\n","excerpt":{"rendered":"<p>Somos el socio en el que puedes confiar para gestionar tu sistema de energ\u00eda solar. Nuestra gesti\u00f3n de activos es la garant\u00eda de un rendimiento econ\u00f3mica y t\u00e9cnicamente excelente de tu sistema solar. Actualmente gestionamos instalaciones propias y de socios con una potencia total de 400 WMp con los altos niveles de calidad que esperas [&hellip;]<\/p>\n","protected":false},"author":1,"featured_media":{"alt":"","title":"Solarpark Agethorst","caption":"","width":1920,"height":1080,"sizes":{"thumbnail":"https:\/\/goldbecksolar.com\/wp-content\/uploads\/2024\/09\/thumbnail_image005-165x165.jpg","small":"https:\/\/goldbecksolar.com\/wp-content\/uploads\/2024\/09\/thumbnail_image005-700x394.jpg","medium":"https:\/\/goldbecksolar.com\/wp-content\/uploads\/2024\/09\/thumbnail_image005-768x432.jpg","large":"https:\/\/goldbecksolar.com\/wp-content\/uploads\/2024\/09\/thumbnail_image005-1920x1080.jpg","full":"https:\/\/goldbecksolar.com\/wp-content\/uploads\/2024\/09\/thumbnail_image005.jpg"},"srcset":"https:\/\/goldbecksolar.com\/wp-content\/uploads\/2024\/09\/thumbnail_image005-700x394.jpg 700w, https:\/\/goldbecksolar.com\/wp-content\/uploads\/2024\/09\/thumbnail_image005.jpg 1920w, https:\/\/goldbecksolar.com\/wp-content\/uploads\/2024\/09\/thumbnail_image005-768x432.jpg 768w, https:\/\/goldbecksolar.com\/wp-content\/uploads\/2024\/09\/thumbnail_image005-1536x864.jpg 1536w, https:\/\/goldbecksolar.com\/wp-content\/uploads\/2024\/09\/thumbnail_image005-520x293.jpg 520w, https:\/\/goldbecksolar.com\/wp-content\/uploads\/2024\/09\/thumbnail_image005-320x180.jpg 320w"},"parent":19620,"menu_order":2,"comment_status":"closed","ping_status":"closed","template":"","meta":{"_acf_changed":false,"footnotes":""},"class_list":["post-19619","page","type-page","status-publish","has-post-thumbnail","hentry"],"acf":[],"type_label":"P\u00e1gina","_links":{"self":[{"href":"https:\/\/goldbecksolar.com\/es\/wp-json\/wp\/v2\/pages\/19619","targetHints":{"allow":["GET"]}}],"collection":[{"href":"https:\/\/goldbecksolar.com\/es\/wp-json\/wp\/v2\/pages"}],"about":[{"href":"https:\/\/goldbecksolar.com\/es\/wp-json\/wp\/v2\/types\/page"}],"author":[{"embeddable":true,"href":"https:\/\/goldbecksolar.com\/es\/wp-json\/wp\/v2\/users\/1"}],"replies":[{"embeddable":true,"href":"https:\/\/goldbecksolar.com\/es\/wp-json\/wp\/v2\/comments?post=19619"}],"version-history":[{"count":2,"href":"https:\/\/goldbecksolar.com\/es\/wp-json\/wp\/v2\/pages\/19619\/revisions"}],"predecessor-version":[{"id":21052,"href":"https:\/\/goldbecksolar.com\/es\/wp-json\/wp\/v2\/pages\/19619\/revisions\/21052"}],"up":[{"embeddable":true,"href":"https:\/\/goldbecksolar.com\/es\/wp-json\/wp\/v2\/pages\/19620"}],"wp:featuredmedia":[{"embeddable":true,"href":"https:\/\/goldbecksolar.com\/es\/wp-json\/wp\/v2\/media\/17026"}],"wp:attachment":[{"href":"https:\/\/goldbecksolar.com\/es\/wp-json\/wp\/v2\/media?parent=19619"}],"curies":[{"name":"wp","href":"https:\/\/api.w.org\/{rel}","templated":true}]}}