{"id":19618,"date":"2024-11-29T09:50:13","date_gmt":"2024-11-29T08:50:13","guid":{"rendered":"https:\/\/goldbecksolar.com\/goldbeck-solar-inversion\/goldbeck-solar-investment-tus-expertos-en-inversiones-fotovoltaicas\/nuestro-equipo-de-inversion-goldbeck-solar\/"},"modified":"2024-11-29T09:50:13","modified_gmt":"2024-11-29T08:50:13","slug":"nuestro-equipo-de-inversion-goldbeck-solar","status":"publish","type":"page","link":"https:\/\/goldbecksolar.com\/es\/goldbeck-solar-inversion\/goldbeck-solar-investment-tus-expertos-en-inversiones-fotovoltaicas\/nuestro-equipo-de-inversion-goldbeck-solar\/","title":"Nuestro equipo de inversi\u00f3n GOLDBECK SOLAR","content":"<p>Desde nuestra fundaci\u00f3n en 2018, hemos creado nuestro equipo de inversi\u00f3n GOLDBECK SOLAR altamente cualificado, que hoy est\u00e1 formado por trece expertos de diez pa\u00edses diferentes. Nuestros empleados cuentan con una amplia experiencia en el sector de la energ\u00eda solar y la inversi\u00f3n. Junto con nuestros colegas del Grupo GOLDBECK SOLAR, nos centramos en una cooperaci\u00f3n fiable con nuestros clientes.  <\/p>\n","excerpt":{"rendered":"<p>Desde nuestra fundaci\u00f3n en 2018, hemos creado nuestro equipo de inversi\u00f3n GOLDBECK SOLAR altamente cualificado, que hoy est\u00e1 formado por trece expertos de diez pa\u00edses diferentes. Nuestros empleados cuentan con una amplia experiencia en el sector de la energ\u00eda solar y la inversi\u00f3n. Junto con nuestros colegas del Grupo GOLDBECK SOLAR, nos centramos en una [&hellip;]<\/p>\n","protected":false},"author":1,"featured_media":{"alt":"","title":"GOLDBECK SOLAR Investment: wer_wir_sind","caption":"","width":2355,"height":2560,"sizes":{"thumbnail":"https:\/\/goldbecksolar.com\/wp-content\/uploads\/2024\/12\/wer_wir_sind-165x165.jpg","small":"https:\/\/goldbecksolar.com\/wp-content\/uploads\/2024\/12\/wer_wir_sind-644x700.jpg","medium":"https:\/\/goldbecksolar.com\/wp-content\/uploads\/2024\/12\/wer_wir_sind-768x835.jpg","large":"https:\/\/goldbecksolar.com\/wp-content\/uploads\/2024\/12\/wer_wir_sind-994x1080.jpg","full":"https:\/\/goldbecksolar.com\/wp-content\/uploads\/2024\/12\/wer_wir_sind-scaled.jpg"},"srcset":"https:\/\/goldbecksolar.com\/wp-content\/uploads\/2024\/12\/wer_wir_sind-644x700.jpg 644w, https:\/\/goldbecksolar.com\/wp-content\/uploads\/2024\/12\/wer_wir_sind-994x1080.jpg 994w, https:\/\/goldbecksolar.com\/wp-content\/uploads\/2024\/12\/wer_wir_sind-768x835.jpg 768w, https:\/\/goldbecksolar.com\/wp-content\/uploads\/2024\/12\/wer_wir_sind-1413x1536.jpg 1413w, https:\/\/goldbecksolar.com\/wp-content\/uploads\/2024\/12\/wer_wir_sind-1884x2048.jpg 1884w, https:\/\/goldbecksolar.com\/wp-content\/uploads\/2024\/12\/wer_wir_sind-478x520.jpg 478w, https:\/\/goldbecksolar.com\/wp-content\/uploads\/2024\/12\/wer_wir_sind-294x320.jpg 294w"},"parent":19616,"menu_order":1,"comment_status":"closed","ping_status":"closed","template":"","meta":{"_acf_changed":false,"footnotes":""},"class_list":["post-19618","page","type-page","status-publish","has-post-thumbnail","hentry"],"acf":[],"type_label":"P\u00e1gina","_links":{"self":[{"href":"https:\/\/goldbecksolar.com\/es\/wp-json\/wp\/v2\/pages\/19618","targetHints":{"allow":["GET"]}}],"collection":[{"href":"https:\/\/goldbecksolar.com\/es\/wp-json\/wp\/v2\/pages"}],"about":[{"href":"https:\/\/goldbecksolar.com\/es\/wp-json\/wp\/v2\/types\/page"}],"author":[{"embeddable":true,"href":"https:\/\/goldbecksolar.com\/es\/wp-json\/wp\/v2\/users\/1"}],"replies":[{"embeddable":true,"href":"https:\/\/goldbecksolar.com\/es\/wp-json\/wp\/v2\/comments?post=19618"}],"version-history":[{"count":0,"href":"https:\/\/goldbecksolar.com\/es\/wp-json\/wp\/v2\/pages\/19618\/revisions"}],"up":[{"embeddable":true,"href":"https:\/\/goldbecksolar.com\/es\/wp-json\/wp\/v2\/pages\/19616"}],"wp:featuredmedia":[{"embeddable":true,"href":"https:\/\/goldbecksolar.com\/es\/wp-json\/wp\/v2\/media\/17371"}],"wp:attachment":[{"href":"https:\/\/goldbecksolar.com\/es\/wp-json\/wp\/v2\/media?parent=19618"}],"curies":[{"name":"wp","href":"https:\/\/api.w.org\/{rel}","templated":true}]}}