{"id":19616,"date":"2024-11-29T09:49:13","date_gmt":"2024-11-29T08:49:13","guid":{"rendered":"https:\/\/goldbecksolar.com\/goldbeck-solar-inversion\/goldbeck-solar-investment-tus-expertos-en-inversiones-fotovoltaicas\/"},"modified":"2024-11-29T09:49:13","modified_gmt":"2024-11-29T08:49:13","slug":"goldbeck-solar-investment-tus-expertos-en-inversiones-fotovoltaicas","status":"publish","type":"page","link":"https:\/\/goldbecksolar.com\/es\/goldbeck-solar-inversion\/goldbeck-solar-investment-tus-expertos-en-inversiones-fotovoltaicas\/","title":"GOLDBECK SOLAR Investment &#8211; Tus expertos en inversiones fotovoltaicas","content":"<p>GOLDBECK SOLAR Investment GmbH es la sociedad de inversiones del Grupo GOLDBECK SOLAR. Ofrecemos soluciones personalizadas para todo el ciclo de vida de los proyectos fotovoltaicos: desde el desarrollo y la estructuraci\u00f3n de proyectos hasta la venta de plantas llave en mano, la gesti\u00f3n de activos y la comercializaci\u00f3n de electricidad limpia. <\/p>\n<p>Nuestro objetivo es crear una base sostenible y econ\u00f3mica para el funcionamiento de los sistemas fotovoltaicos. Queremos desempe\u00f1ar un papel activo en la transformaci\u00f3n global hacia las energ\u00edas renovables. <\/p>\n<p><a href=\"https:\/\/goldbecksolar.com\/was-wir-tun\/\">Inf\u00f3rmate aqu\u00ed sobre nuestros servicios.  <\/a><\/p>\n","excerpt":{"rendered":"<p>GOLDBECK SOLAR Investment GmbH es la sociedad de inversiones del Grupo GOLDBECK SOLAR. Ofrecemos soluciones personalizadas para todo el ciclo de vida de los proyectos fotovoltaicos: desde el desarrollo y la estructuraci\u00f3n de proyectos hasta la venta de plantas llave en mano, la gesti\u00f3n de activos y la comercializaci\u00f3n de electricidad limpia. Nuestro objetivo es [&hellip;]<\/p>\n","protected":false},"author":1,"featured_media":{"alt":"","title":"GOLDBECK SOLAR Investment: wer_wir_sind","caption":"","width":2355,"height":2560,"sizes":{"thumbnail":"https:\/\/goldbecksolar.com\/wp-content\/uploads\/2024\/12\/wer_wir_sind-165x165.jpg","small":"https:\/\/goldbecksolar.com\/wp-content\/uploads\/2024\/12\/wer_wir_sind-644x700.jpg","medium":"https:\/\/goldbecksolar.com\/wp-content\/uploads\/2024\/12\/wer_wir_sind-768x835.jpg","large":"https:\/\/goldbecksolar.com\/wp-content\/uploads\/2024\/12\/wer_wir_sind-994x1080.jpg","full":"https:\/\/goldbecksolar.com\/wp-content\/uploads\/2024\/12\/wer_wir_sind-scaled.jpg"},"srcset":"https:\/\/goldbecksolar.com\/wp-content\/uploads\/2024\/12\/wer_wir_sind-644x700.jpg 644w, https:\/\/goldbecksolar.com\/wp-content\/uploads\/2024\/12\/wer_wir_sind-994x1080.jpg 994w, https:\/\/goldbecksolar.com\/wp-content\/uploads\/2024\/12\/wer_wir_sind-768x835.jpg 768w, https:\/\/goldbecksolar.com\/wp-content\/uploads\/2024\/12\/wer_wir_sind-1413x1536.jpg 1413w, https:\/\/goldbecksolar.com\/wp-content\/uploads\/2024\/12\/wer_wir_sind-1884x2048.jpg 1884w, https:\/\/goldbecksolar.com\/wp-content\/uploads\/2024\/12\/wer_wir_sind-478x520.jpg 478w, https:\/\/goldbecksolar.com\/wp-content\/uploads\/2024\/12\/wer_wir_sind-294x320.jpg 294w"},"parent":19614,"menu_order":0,"comment_status":"closed","ping_status":"closed","template":"","meta":{"_acf_changed":false,"footnotes":""},"class_list":["post-19616","page","type-page","status-publish","has-post-thumbnail","hentry"],"acf":[],"type_label":"P\u00e1gina","_links":{"self":[{"href":"https:\/\/goldbecksolar.com\/es\/wp-json\/wp\/v2\/pages\/19616","targetHints":{"allow":["GET"]}}],"collection":[{"href":"https:\/\/goldbecksolar.com\/es\/wp-json\/wp\/v2\/pages"}],"about":[{"href":"https:\/\/goldbecksolar.com\/es\/wp-json\/wp\/v2\/types\/page"}],"author":[{"embeddable":true,"href":"https:\/\/goldbecksolar.com\/es\/wp-json\/wp\/v2\/users\/1"}],"replies":[{"embeddable":true,"href":"https:\/\/goldbecksolar.com\/es\/wp-json\/wp\/v2\/comments?post=19616"}],"version-history":[{"count":0,"href":"https:\/\/goldbecksolar.com\/es\/wp-json\/wp\/v2\/pages\/19616\/revisions"}],"up":[{"embeddable":true,"href":"https:\/\/goldbecksolar.com\/es\/wp-json\/wp\/v2\/pages\/19614"}],"wp:featuredmedia":[{"embeddable":true,"href":"https:\/\/goldbecksolar.com\/es\/wp-json\/wp\/v2\/media\/17371"}],"wp:attachment":[{"href":"https:\/\/goldbecksolar.com\/es\/wp-json\/wp\/v2\/media?parent=19616"}],"curies":[{"name":"wp","href":"https:\/\/api.w.org\/{rel}","templated":true}]}}