{"id":19614,"date":"2024-11-29T09:27:13","date_gmt":"2024-11-29T08:27:13","guid":{"rendered":"https:\/\/goldbecksolar.com\/goldbeck-solar-inversion\/"},"modified":"2026-03-10T09:56:31","modified_gmt":"2026-03-10T08:56:31","slug":"goldbeck-solar-inversion","status":"publish","type":"page","link":"https:\/\/goldbecksolar.com\/es\/goldbeck-solar-inversion\/","title":"INVERSI\u00d3N SOLAR GOLDBECK","content":"<p style=\"text-align: center;\">GOLDBECK SOLAR Investment GmbH es la sociedad de inversiones del Grupo GOLDBECK SOLAR. Ofrecemos soluciones personalizadas para todo el ciclo de vida de los proyectos fotovoltaicos: desde el desarrollo y la estructuraci\u00f3n de proyectos hasta la venta de plantas llave en mano, la gesti\u00f3n de activos y la comercializaci\u00f3n de electricidad limpia. <\/p>\n<p style=\"text-align: center;\">Nuestro objetivo es crear una base sostenible y econ\u00f3mica para el funcionamiento de los sistemas fotovoltaicos. Queremos desempe\u00f1ar un papel activo en la transformaci\u00f3n global hacia las energ\u00edas renovables. <\/p>\n<p>&nbsp;<\/p>\n<p style=\"text-align: center;\"><a class=\"btn btn-editor\" href=\"https:\/\/info.goldbecksolar.com\/es-es\/kontaktformular\">Ponte en contacto con nosotros<\/a><\/p>\n","excerpt":{"rendered":"<p>GOLDBECK SOLAR Investment GmbH es la sociedad de inversiones del Grupo GOLDBECK SOLAR. Ofrecemos soluciones personalizadas para todo el ciclo de vida de los proyectos fotovoltaicos: desde el desarrollo y la estructuraci\u00f3n de proyectos hasta la venta de plantas llave en mano, la gesti\u00f3n de activos y la comercializaci\u00f3n de electricidad limpia. Nuestro objetivo es [&hellip;]<\/p>\n","protected":false},"author":1,"featured_media":{"alt":"","title":"Solarpanele_GSI Investment","caption":"","width":2560,"height":1440,"sizes":{"thumbnail":"https:\/\/goldbecksolar.com\/wp-content\/uploads\/2024\/11\/P1160084_Investment_Header_2-165x165.jpg","small":"https:\/\/goldbecksolar.com\/wp-content\/uploads\/2024\/11\/P1160084_Investment_Header_2-700x394.jpg","medium":"https:\/\/goldbecksolar.com\/wp-content\/uploads\/2024\/11\/P1160084_Investment_Header_2-768x432.jpg","large":"https:\/\/goldbecksolar.com\/wp-content\/uploads\/2024\/11\/P1160084_Investment_Header_2-1920x1080.jpg","full":"https:\/\/goldbecksolar.com\/wp-content\/uploads\/2024\/11\/P1160084_Investment_Header_2-scaled.jpg"},"srcset":"https:\/\/goldbecksolar.com\/wp-content\/uploads\/2024\/11\/P1160084_Investment_Header_2-700x394.jpg 700w, https:\/\/goldbecksolar.com\/wp-content\/uploads\/2024\/11\/P1160084_Investment_Header_2-1920x1080.jpg 1920w, https:\/\/goldbecksolar.com\/wp-content\/uploads\/2024\/11\/P1160084_Investment_Header_2-768x432.jpg 768w, https:\/\/goldbecksolar.com\/wp-content\/uploads\/2024\/11\/P1160084_Investment_Header_2-1536x864.jpg 1536w, https:\/\/goldbecksolar.com\/wp-content\/uploads\/2024\/11\/P1160084_Investment_Header_2-2048x1152.jpg 2048w, https:\/\/goldbecksolar.com\/wp-content\/uploads\/2024\/11\/P1160084_Investment_Header_2-520x293.jpg 520w, https:\/\/goldbecksolar.com\/wp-content\/uploads\/2024\/11\/P1160084_Investment_Header_2-320x180.jpg 320w"},"parent":0,"menu_order":10,"comment_status":"closed","ping_status":"closed","template":"","meta":{"_acf_changed":false,"footnotes":""},"class_list":["post-19614","page","type-page","status-publish","has-post-thumbnail","hentry"],"acf":[],"type_label":"P\u00e1gina","_links":{"self":[{"href":"https:\/\/goldbecksolar.com\/es\/wp-json\/wp\/v2\/pages\/19614","targetHints":{"allow":["GET"]}}],"collection":[{"href":"https:\/\/goldbecksolar.com\/es\/wp-json\/wp\/v2\/pages"}],"about":[{"href":"https:\/\/goldbecksolar.com\/es\/wp-json\/wp\/v2\/types\/page"}],"author":[{"embeddable":true,"href":"https:\/\/goldbecksolar.com\/es\/wp-json\/wp\/v2\/users\/1"}],"replies":[{"embeddable":true,"href":"https:\/\/goldbecksolar.com\/es\/wp-json\/wp\/v2\/comments?post=19614"}],"version-history":[{"count":3,"href":"https:\/\/goldbecksolar.com\/es\/wp-json\/wp\/v2\/pages\/19614\/revisions"}],"predecessor-version":[{"id":21316,"href":"https:\/\/goldbecksolar.com\/es\/wp-json\/wp\/v2\/pages\/19614\/revisions\/21316"}],"wp:featuredmedia":[{"embeddable":true,"href":"https:\/\/goldbecksolar.com\/es\/wp-json\/wp\/v2\/media\/17275"}],"wp:attachment":[{"href":"https:\/\/goldbecksolar.com\/es\/wp-json\/wp\/v2\/media?parent=19614"}],"curies":[{"name":"wp","href":"https:\/\/api.w.org\/{rel}","templated":true}]}}