{"id":19602,"date":"2022-02-21T09:43:05","date_gmt":"2022-02-21T08:43:05","guid":{"rendered":"https:\/\/goldbecksolar.com\/innovaciones-para-el-mercado-de-la-energia\/solarplanner-soluciones-innovadoras-para-resultados-optimos\/"},"modified":"2022-02-21T09:43:05","modified_gmt":"2022-02-21T08:43:05","slug":"solarplanner-soluciones-innovadoras-para-resultados-optimos","status":"publish","type":"page","link":"https:\/\/goldbecksolar.com\/es\/innovaciones-para-el-mercado-de-la-energia\/solarplanner-soluciones-innovadoras-para-resultados-optimos\/","title":"SolarPlanner: Soluciones innovadoras para resultados \u00f3ptimos","content":"<p><span class=\"TextRun SCXW164908967 BCX2\" lang=\"DE-DE\" data-contrast=\"auto\" xml:lang=\"DE-DE\"><span class=\"NormalTextRun SCXW164908967 BCX2\">El <\/span><span class=\"NormalTextRun SpellingErrorV2Themed SCXW164908967 BCX2\">SolarPlanner<\/span><span class=\"NormalTextRun SCXW164908967 BCX2\">  es un software revolucionario que combina d\u00e9cadas de experiencia pr\u00e1ctica de la industria solar con la innovaci\u00f3n cient\u00edfica. Desarrollado en <a href=\"https:\/\/www.itwm.fraunhofer.de\/de\/abteilungen\/optimierung\/energie-versorgung\/planung-photovoltaik-kraftwerke.html\" target=\"_blank\" rel=\"noopener\">colaboraci\u00f3n con el Fraunhofer ITWM<\/a>, utilizamos la   <\/span><span class=\"NormalTextRun SpellingErrorV2Themed SCXW164908967 BCX2\">el software <\/span><span class=\"NormalTextRun SCXW164908967 BCX2\">Tus proyectos solares para obtener el m\u00e1ximo rendimiento<\/span><span class=\"NormalTextRun SCXW164908967 BCX2\"> al mejor precio.<\/span><\/span><\/p>\n","excerpt":{"rendered":"<p>El SolarPlanner es un software revolucionario que combina d\u00e9cadas de experiencia pr\u00e1ctica de la industria solar con la innovaci\u00f3n cient\u00edfica. Desarrollado en colaboraci\u00f3n con el Fraunhofer ITWM, utilizamos la el software Tus proyectos solares para obtener el m\u00e1ximo rendimiento al mejor precio.<\/p>\n","protected":false},"author":1,"featured_media":{"alt":"","title":"SolarPlanner","caption":"","width":2560,"height":1707,"sizes":{"thumbnail":"https:\/\/goldbecksolar.com\/wp-content\/uploads\/2022\/02\/SolarPlaner_L01-165x165.jpg","small":"https:\/\/goldbecksolar.com\/wp-content\/uploads\/2022\/02\/SolarPlaner_L01-700x467.jpg","medium":"https:\/\/goldbecksolar.com\/wp-content\/uploads\/2022\/02\/SolarPlaner_L01-768x512.jpg","large":"https:\/\/goldbecksolar.com\/wp-content\/uploads\/2022\/02\/SolarPlaner_L01-1620x1080.jpg","full":"https:\/\/goldbecksolar.com\/wp-content\/uploads\/2022\/02\/SolarPlaner_L01-scaled.jpg"},"srcset":"https:\/\/goldbecksolar.com\/wp-content\/uploads\/2022\/02\/SolarPlaner_L01-700x467.jpg 700w, https:\/\/goldbecksolar.com\/wp-content\/uploads\/2022\/02\/SolarPlaner_L01-1620x1080.jpg 1620w, https:\/\/goldbecksolar.com\/wp-content\/uploads\/2022\/02\/SolarPlaner_L01-768x512.jpg 768w, https:\/\/goldbecksolar.com\/wp-content\/uploads\/2022\/02\/SolarPlaner_L01-1536x1024.jpg 1536w, https:\/\/goldbecksolar.com\/wp-content\/uploads\/2022\/02\/SolarPlaner_L01-2048x1365.jpg 2048w, https:\/\/goldbecksolar.com\/wp-content\/uploads\/2022\/02\/SolarPlaner_L01-520x347.jpg 520w, https:\/\/goldbecksolar.com\/wp-content\/uploads\/2022\/02\/SolarPlaner_L01-320x213.jpg 320w"},"parent":19592,"menu_order":0,"comment_status":"closed","ping_status":"closed","template":"","meta":{"_acf_changed":false,"footnotes":""},"class_list":["post-19602","page","type-page","status-publish","has-post-thumbnail","hentry"],"acf":[],"type_label":"P\u00e1gina","_links":{"self":[{"href":"https:\/\/goldbecksolar.com\/es\/wp-json\/wp\/v2\/pages\/19602","targetHints":{"allow":["GET"]}}],"collection":[{"href":"https:\/\/goldbecksolar.com\/es\/wp-json\/wp\/v2\/pages"}],"about":[{"href":"https:\/\/goldbecksolar.com\/es\/wp-json\/wp\/v2\/types\/page"}],"author":[{"embeddable":true,"href":"https:\/\/goldbecksolar.com\/es\/wp-json\/wp\/v2\/users\/1"}],"replies":[{"embeddable":true,"href":"https:\/\/goldbecksolar.com\/es\/wp-json\/wp\/v2\/comments?post=19602"}],"version-history":[{"count":0,"href":"https:\/\/goldbecksolar.com\/es\/wp-json\/wp\/v2\/pages\/19602\/revisions"}],"up":[{"embeddable":true,"href":"https:\/\/goldbecksolar.com\/es\/wp-json\/wp\/v2\/pages\/19592"}],"wp:featuredmedia":[{"embeddable":true,"href":"https:\/\/goldbecksolar.com\/es\/wp-json\/wp\/v2\/media\/15760"}],"wp:attachment":[{"href":"https:\/\/goldbecksolar.com\/es\/wp-json\/wp\/v2\/media?parent=19602"}],"curies":[{"name":"wp","href":"https:\/\/api.w.org\/{rel}","templated":true}]}}