{"id":19596,"date":"2018-07-20T14:55:49","date_gmt":"2018-07-20T12:55:49","guid":{"rendered":"https:\/\/goldbecksolar.com\/area-de-descargas\/"},"modified":"2025-09-17T14:53:33","modified_gmt":"2025-09-17T12:53:33","slug":"area-de-descargas","status":"publish","type":"page","link":"https:\/\/goldbecksolar.com\/es\/area-de-descargas\/","title":"\u00c1rea de descargas","content":"<p class=\"p1\">Bienvenido a nuestra zona de descargas. Aqu\u00ed puedes descargar informaci\u00f3n importante sobre GOLDBECK SOLAR y nuestros productos y servicios en un formato PDF compacto y de alta calidad. Tambi\u00e9n puedes descargar nuestras directrices de cumplimiento y pol\u00edtica de privacidad como archivos PDF en nuestra \u00e1rea de descargas.  <\/p>\n","excerpt":{"rendered":"<p>Bienvenido a nuestra zona de descargas. Aqu\u00ed puedes descargar informaci\u00f3n importante sobre GOLDBECK SOLAR y nuestros productos y servicios en un formato PDF compacto y de alta calidad. Tambi\u00e9n puedes descargar nuestras directrices de cumplimiento y pol\u00edtica de privacidad como archivos PDF en nuestra \u00e1rea de descargas.<\/p>\n","protected":false},"author":1,"featured_media":{"alt":"Noordermeerdijk solarpark, 98Wwp","title":"Screenshot 2025-06-12 144100","caption":"Noordermeerdijk solarpark","width":1789,"height":803,"sizes":{"thumbnail":"https:\/\/goldbecksolar.com\/wp-content\/uploads\/2025\/06\/Screenshot-2025-06-12-144100-165x165.jpg","small":"https:\/\/goldbecksolar.com\/wp-content\/uploads\/2025\/06\/Screenshot-2025-06-12-144100-700x314.jpg","medium":"https:\/\/goldbecksolar.com\/wp-content\/uploads\/2025\/06\/Screenshot-2025-06-12-144100-768x345.jpg","large":"https:\/\/goldbecksolar.com\/wp-content\/uploads\/2025\/06\/Screenshot-2025-06-12-144100.jpg","full":"https:\/\/goldbecksolar.com\/wp-content\/uploads\/2025\/06\/Screenshot-2025-06-12-144100.jpg"},"srcset":"https:\/\/goldbecksolar.com\/wp-content\/uploads\/2025\/06\/Screenshot-2025-06-12-144100-700x314.jpg 700w, https:\/\/goldbecksolar.com\/wp-content\/uploads\/2025\/06\/Screenshot-2025-06-12-144100-768x345.jpg 768w, https:\/\/goldbecksolar.com\/wp-content\/uploads\/2025\/06\/Screenshot-2025-06-12-144100-1536x689.jpg 1536w, https:\/\/goldbecksolar.com\/wp-content\/uploads\/2025\/06\/Screenshot-2025-06-12-144100-520x233.jpg 520w, https:\/\/goldbecksolar.com\/wp-content\/uploads\/2025\/06\/Screenshot-2025-06-12-144100-320x144.jpg 320w, https:\/\/goldbecksolar.com\/wp-content\/uploads\/2025\/06\/Screenshot-2025-06-12-144100.jpg 1789w"},"parent":0,"menu_order":14,"comment_status":"closed","ping_status":"closed","template":"","meta":{"_acf_changed":false,"footnotes":""},"class_list":["post-19596","page","type-page","status-publish","has-post-thumbnail","hentry"],"acf":[],"type_label":"P\u00e1gina","_links":{"self":[{"href":"https:\/\/goldbecksolar.com\/es\/wp-json\/wp\/v2\/pages\/19596","targetHints":{"allow":["GET"]}}],"collection":[{"href":"https:\/\/goldbecksolar.com\/es\/wp-json\/wp\/v2\/pages"}],"about":[{"href":"https:\/\/goldbecksolar.com\/es\/wp-json\/wp\/v2\/types\/page"}],"author":[{"embeddable":true,"href":"https:\/\/goldbecksolar.com\/es\/wp-json\/wp\/v2\/users\/1"}],"replies":[{"embeddable":true,"href":"https:\/\/goldbecksolar.com\/es\/wp-json\/wp\/v2\/comments?post=19596"}],"version-history":[{"count":1,"href":"https:\/\/goldbecksolar.com\/es\/wp-json\/wp\/v2\/pages\/19596\/revisions"}],"predecessor-version":[{"id":20034,"href":"https:\/\/goldbecksolar.com\/es\/wp-json\/wp\/v2\/pages\/19596\/revisions\/20034"}],"wp:featuredmedia":[{"embeddable":true,"href":"https:\/\/goldbecksolar.com\/es\/wp-json\/wp\/v2\/media\/19721"}],"wp:attachment":[{"href":"https:\/\/goldbecksolar.com\/es\/wp-json\/wp\/v2\/media?parent=19596"}],"curies":[{"name":"wp","href":"https:\/\/api.w.org\/{rel}","templated":true}]}}