{"id":19595,"date":"2018-04-24T15:25:43","date_gmt":"2018-04-24T13:25:43","guid":{"rendered":"https:\/\/goldbecksolar.com\/noticias\/eventos\/"},"modified":"2018-04-24T15:25:43","modified_gmt":"2018-04-24T13:25:43","slug":"eventos","status":"publish","type":"page","link":"https:\/\/goldbecksolar.com\/es\/noticias\/eventos\/","title":"Eventos","content":"<p>Averigua en qu\u00e9 eventos, conferencias, funciones y ferias puedes conocer a GOLDBECK SOLAR.<\/p>\n<p>Estamos deseando conocerte en persona y hablar de posibles proyectos solares. Tambi\u00e9n puedes encontrar las \u00faltimas <a href=\"https:\/\/www.pressebox.de\/newsroom\/goldbeck-solar-gmbh-hirschberg-an-der-bergstrasse\">noticias<\/a>, actualizaciones y aspectos destacados sobre GOLDBECK SOLAR en nuestra secci\u00f3n de <a href=\"https:\/\/goldbecksolar.com\/news\/\">noticias<\/a>. <\/p>\n","excerpt":{"rendered":"<p>Averigua en qu\u00e9 eventos, conferencias, funciones y ferias puedes conocer a GOLDBECK SOLAR. Estamos deseando conocerte en persona y hablar de posibles proyectos solares. Tambi\u00e9n puedes encontrar las \u00faltimas noticias, actualizaciones y aspectos destacados sobre GOLDBECK SOLAR en nuestra secci\u00f3n de noticias.<\/p>\n","protected":false},"author":1,"featured_media":null,"parent":18647,"menu_order":1,"comment_status":"closed","ping_status":"closed","template":"","meta":{"_acf_changed":false,"footnotes":""},"class_list":["post-19595","page","type-page","status-publish","hentry"],"acf":[],"type_label":"P\u00e1gina","_links":{"self":[{"href":"https:\/\/goldbecksolar.com\/es\/wp-json\/wp\/v2\/pages\/19595","targetHints":{"allow":["GET"]}}],"collection":[{"href":"https:\/\/goldbecksolar.com\/es\/wp-json\/wp\/v2\/pages"}],"about":[{"href":"https:\/\/goldbecksolar.com\/es\/wp-json\/wp\/v2\/types\/page"}],"author":[{"embeddable":true,"href":"https:\/\/goldbecksolar.com\/es\/wp-json\/wp\/v2\/users\/1"}],"replies":[{"embeddable":true,"href":"https:\/\/goldbecksolar.com\/es\/wp-json\/wp\/v2\/comments?post=19595"}],"version-history":[{"count":0,"href":"https:\/\/goldbecksolar.com\/es\/wp-json\/wp\/v2\/pages\/19595\/revisions"}],"up":[{"embeddable":true,"href":"https:\/\/goldbecksolar.com\/es\/wp-json\/wp\/v2\/pages\/18647"}],"wp:attachment":[{"href":"https:\/\/goldbecksolar.com\/es\/wp-json\/wp\/v2\/media?parent=19595"}],"curies":[{"name":"wp","href":"https:\/\/api.w.org\/{rel}","templated":true}]}}