{"id":19594,"date":"2020-01-10T08:58:13","date_gmt":"2020-01-10T07:58:13","guid":{"rendered":"https:\/\/goldbecksolar.com\/somos-goldbeck-solar\/esg\/"},"modified":"2025-07-01T15:26:31","modified_gmt":"2025-07-01T13:26:31","slug":"esg","status":"publish","type":"page","link":"https:\/\/goldbecksolar.com\/es\/somos-goldbeck-solar\/esg\/","title":"ESG","content":"<h1 style=\"text-align: center;\"><strong>Nuestro compromiso con un futuro sostenible<\/strong><\/h1>\n<p style=\"text-align: center;\">La sostenibilidad est\u00e1 en el centro de todo lo que hacemos. Perseguimos el objetivo de lograr un equilibrio estable entre los aspectos econ\u00f3micos, sociales y ecol\u00f3gicos. Ya sea en el desarrollo, en nuestros servicios o en la construcci\u00f3n de sistemas solares, nos centramos en el uso responsable de los recursos, la protecci\u00f3n del entorno local y la conservaci\u00f3n de la biodiversidad.  <\/p>\n<p style=\"text-align: center;\">Estamos convencidos de que la conexi\u00f3n sostenible entre las personas, la naturaleza, la tecnolog\u00eda y la prosperidad es la clave para un mundo sostenible. Como empresa l\u00edder en el campo de las energ\u00edas renovables, afrontamos los retos de nuestro tiempo con transparencia y determinaci\u00f3n. Nuestra visi\u00f3n se centra en reducir las emisiones, proteger la biodiversidad, aumentar la eficiencia de los recursos, promover la econom\u00eda circular y proteger los derechos humanos a lo largo de toda nuestra cadena de valor.  <\/p>\n","excerpt":{"rendered":"<p>Nuestro compromiso con un futuro sostenible La sostenibilidad est\u00e1 en el centro de todo lo que hacemos. Perseguimos el objetivo de lograr un equilibrio estable entre los aspectos econ\u00f3micos, sociales y ecol\u00f3gicos. Ya sea en el desarrollo, en nuestros servicios o en la construcci\u00f3n de sistemas solares, nos centramos en el uso responsable de los [&hellip;]<\/p>\n","protected":false},"author":1,"featured_media":{"alt":"","title":"GS_Solarpark_Chile","caption":"","width":1024,"height":683,"sizes":{"thumbnail":"https:\/\/goldbecksolar.com\/wp-content\/uploads\/2024\/11\/GS_Solarpark_Chile-165x165.jpg","small":"https:\/\/goldbecksolar.com\/wp-content\/uploads\/2024\/11\/GS_Solarpark_Chile-700x467.jpg","medium":"https:\/\/goldbecksolar.com\/wp-content\/uploads\/2024\/11\/GS_Solarpark_Chile-768x512.jpg","large":"https:\/\/goldbecksolar.com\/wp-content\/uploads\/2024\/11\/GS_Solarpark_Chile.jpg","full":"https:\/\/goldbecksolar.com\/wp-content\/uploads\/2024\/11\/GS_Solarpark_Chile.jpg"},"srcset":"https:\/\/goldbecksolar.com\/wp-content\/uploads\/2024\/11\/GS_Solarpark_Chile-700x467.jpg 700w, https:\/\/goldbecksolar.com\/wp-content\/uploads\/2024\/11\/GS_Solarpark_Chile-768x512.jpg 768w, https:\/\/goldbecksolar.com\/wp-content\/uploads\/2024\/11\/GS_Solarpark_Chile-520x347.jpg 520w, https:\/\/goldbecksolar.com\/wp-content\/uploads\/2024\/11\/GS_Solarpark_Chile-320x213.jpg 320w, https:\/\/goldbecksolar.com\/wp-content\/uploads\/2024\/11\/GS_Solarpark_Chile.jpg 1024w"},"parent":19578,"menu_order":4,"comment_status":"closed","ping_status":"closed","template":"template-unterseite.php","meta":{"_acf_changed":false,"footnotes":""},"class_list":["post-19594","page","type-page","status-publish","has-post-thumbnail","hentry"],"acf":[],"type_label":"P\u00e1gina","_links":{"self":[{"href":"https:\/\/goldbecksolar.com\/es\/wp-json\/wp\/v2\/pages\/19594","targetHints":{"allow":["GET"]}}],"collection":[{"href":"https:\/\/goldbecksolar.com\/es\/wp-json\/wp\/v2\/pages"}],"about":[{"href":"https:\/\/goldbecksolar.com\/es\/wp-json\/wp\/v2\/types\/page"}],"author":[{"embeddable":true,"href":"https:\/\/goldbecksolar.com\/es\/wp-json\/wp\/v2\/users\/1"}],"replies":[{"embeddable":true,"href":"https:\/\/goldbecksolar.com\/es\/wp-json\/wp\/v2\/comments?post=19594"}],"version-history":[{"count":1,"href":"https:\/\/goldbecksolar.com\/es\/wp-json\/wp\/v2\/pages\/19594\/revisions"}],"predecessor-version":[{"id":19969,"href":"https:\/\/goldbecksolar.com\/es\/wp-json\/wp\/v2\/pages\/19594\/revisions\/19969"}],"up":[{"embeddable":true,"href":"https:\/\/goldbecksolar.com\/es\/wp-json\/wp\/v2\/pages\/19578"}],"wp:featuredmedia":[{"embeddable":true,"href":"https:\/\/goldbecksolar.com\/es\/wp-json\/wp\/v2\/media\/17149"}],"wp:attachment":[{"href":"https:\/\/goldbecksolar.com\/es\/wp-json\/wp\/v2\/media?parent=19594"}],"curies":[{"name":"wp","href":"https:\/\/api.w.org\/{rel}","templated":true}]}}