{"id":19591,"date":"2018-04-19T11:48:18","date_gmt":"2018-04-19T09:48:18","guid":{"rendered":"https:\/\/goldbecksolar.com\/contacta-con-nosotros\/"},"modified":"2026-04-27T13:16:26","modified_gmt":"2026-04-27T11:16:26","slug":"contacta-con-nosotros","status":"publish","type":"page","link":"https:\/\/goldbecksolar.com\/es\/contacta-con-nosotros\/","title":"Contacta con nosotros","content":"<p>\u00bfTienes m\u00e1s preguntas? \u00bfQuieres saber si tu edificio, tu zona o tu idea son adecuados para una instalaci\u00f3n solar? El Grupo GOLDBECK SOLAR es una empresa global con sedes en Europa, Asia y Am\u00e9rica del Norte y del Sur. Nuestros equipos est\u00e1n siempre dispuestos a ayudarte. Esperamos tener noticias tuyas.    <\/p>\n<p>No dudes en ponerte en contacto con nosotros. Esperamos tu llamada o <a href=\"https:\/\/info.goldbecksolar.com\/es-es\/kontaktformular\">mensaje<\/a>. <\/p>\n","excerpt":{"rendered":"<p>\u00bfTienes m\u00e1s preguntas? \u00bfQuieres saber si tu edificio, tu zona o tu idea son adecuados para una instalaci\u00f3n solar? El Grupo GOLDBECK SOLAR es una empresa global con sedes en Europa, Asia y Am\u00e9rica del Norte y del Sur. Nuestros equipos est\u00e1n siempre dispuestos a ayudarte. Esperamos tener noticias tuyas. No dudes en ponerte en [&hellip;]<\/p>\n","protected":false},"author":1,"featured_media":null,"parent":0,"menu_order":7,"comment_status":"closed","ping_status":"closed","template":"","meta":{"_acf_changed":false,"footnotes":""},"class_list":["post-19591","page","type-page","status-publish","hentry"],"acf":[],"type_label":"P\u00e1gina","_links":{"self":[{"href":"https:\/\/goldbecksolar.com\/es\/wp-json\/wp\/v2\/pages\/19591","targetHints":{"allow":["GET"]}}],"collection":[{"href":"https:\/\/goldbecksolar.com\/es\/wp-json\/wp\/v2\/pages"}],"about":[{"href":"https:\/\/goldbecksolar.com\/es\/wp-json\/wp\/v2\/types\/page"}],"author":[{"embeddable":true,"href":"https:\/\/goldbecksolar.com\/es\/wp-json\/wp\/v2\/users\/1"}],"replies":[{"embeddable":true,"href":"https:\/\/goldbecksolar.com\/es\/wp-json\/wp\/v2\/comments?post=19591"}],"version-history":[{"count":8,"href":"https:\/\/goldbecksolar.com\/es\/wp-json\/wp\/v2\/pages\/19591\/revisions"}],"predecessor-version":[{"id":21688,"href":"https:\/\/goldbecksolar.com\/es\/wp-json\/wp\/v2\/pages\/19591\/revisions\/21688"}],"wp:attachment":[{"href":"https:\/\/goldbecksolar.com\/es\/wp-json\/wp\/v2\/media?parent=19591"}],"curies":[{"name":"wp","href":"https:\/\/api.w.org\/{rel}","templated":true}]}}