{"id":19586,"date":"2018-04-19T10:33:13","date_gmt":"2018-04-19T08:33:13","guid":{"rendered":"https:\/\/goldbecksolar.com\/somos-goldbeck-solar\/nuestros-valores\/"},"modified":"2018-04-19T10:33:13","modified_gmt":"2018-04-19T08:33:13","slug":"nuestros-valores","status":"publish","type":"page","link":"https:\/\/goldbecksolar.com\/es\/somos-goldbeck-solar\/nuestros-valores\/","title":"Nuestros valores","content":"<h1 class=\"p1\" style=\"text-align: center;\">Damos forma al futuro &#8211; con nuestros valores<\/h1>\n<p>GOLDBECK SOLAR es tu socio de confianza para el desarrollo y la realizaci\u00f3n de tu proyecto solar. Te acompa\u00f1amos desde la idea inicial hasta la realizaci\u00f3n de tu sistema solar, siempre con el objetivo de cumplir la confianza depositada en nosotros. Nuestros clientes pueden confiar en nuestro criterio y experiencia, porque actuamos seg\u00fan unos valores fijos.  <\/p>\n<p>Tu confianza no es un regalo para nosotros, sino algo que queremos ganarnos. De acuerdo con los deseos de nuestros clientes, la confianza que depositas en nosotros, nuestro planteamiento bien pensado y nuestros muchos a\u00f1os de experiencia, nuestra profesionalidad y nuestra determinaci\u00f3n para tener \u00e9xito, creamos resultados que son convincentes, para ti y para nosotros. <\/p>\n<p>Estos valores no son s\u00f3lo palabras sobre el papel, en GOLDBECK SOLAR los hacemos realidad cada d\u00eda.<\/p>\n","excerpt":{"rendered":"<p>Damos forma al futuro &#8211; con nuestros valores GOLDBECK SOLAR es tu socio de confianza para el desarrollo y la realizaci\u00f3n de tu proyecto solar. Te acompa\u00f1amos desde la idea inicial hasta la realizaci\u00f3n de tu sistema solar, siempre con el objetivo de cumplir la confianza depositada en nosotros. Nuestros clientes pueden confiar en nuestro [&hellip;]<\/p>\n","protected":false},"author":1,"featured_media":{"alt":"","title":"Mit Weitblick und Nachhaltigkeit agieren, das sind die Werte von Goldbeck Solar","caption":"","width":2222,"height":1014,"sizes":{"thumbnail":"https:\/\/goldbecksolar.com\/wp-content\/uploads\/2018\/05\/werte1-165x165.jpg","small":"https:\/\/goldbecksolar.com\/wp-content\/uploads\/2018\/05\/werte1-700x319.jpg","medium":"https:\/\/goldbecksolar.com\/wp-content\/uploads\/2018\/05\/werte1-768x350.jpg","large":"https:\/\/goldbecksolar.com\/wp-content\/uploads\/2018\/05\/werte1-1920x876.jpg","full":"https:\/\/goldbecksolar.com\/wp-content\/uploads\/2018\/05\/werte1.jpg"},"srcset":"https:\/\/goldbecksolar.com\/wp-content\/uploads\/2018\/05\/werte1-700x319.jpg 700w, https:\/\/goldbecksolar.com\/wp-content\/uploads\/2018\/05\/werte1-1920x876.jpg 1920w, https:\/\/goldbecksolar.com\/wp-content\/uploads\/2018\/05\/werte1-768x350.jpg 768w, https:\/\/goldbecksolar.com\/wp-content\/uploads\/2018\/05\/werte1-1536x701.jpg 1536w, https:\/\/goldbecksolar.com\/wp-content\/uploads\/2018\/05\/werte1-2048x935.jpg 2048w, https:\/\/goldbecksolar.com\/wp-content\/uploads\/2018\/05\/werte1-520x237.jpg 520w, https:\/\/goldbecksolar.com\/wp-content\/uploads\/2018\/05\/werte1-320x146.jpg 320w"},"parent":19578,"menu_order":2,"comment_status":"closed","ping_status":"closed","template":"template-unterseite.php","meta":{"_acf_changed":false,"footnotes":""},"class_list":["post-19586","page","type-page","status-publish","has-post-thumbnail","hentry"],"acf":[],"type_label":"P\u00e1gina","_links":{"self":[{"href":"https:\/\/goldbecksolar.com\/es\/wp-json\/wp\/v2\/pages\/19586","targetHints":{"allow":["GET"]}}],"collection":[{"href":"https:\/\/goldbecksolar.com\/es\/wp-json\/wp\/v2\/pages"}],"about":[{"href":"https:\/\/goldbecksolar.com\/es\/wp-json\/wp\/v2\/types\/page"}],"author":[{"embeddable":true,"href":"https:\/\/goldbecksolar.com\/es\/wp-json\/wp\/v2\/users\/1"}],"replies":[{"embeddable":true,"href":"https:\/\/goldbecksolar.com\/es\/wp-json\/wp\/v2\/comments?post=19586"}],"version-history":[{"count":0,"href":"https:\/\/goldbecksolar.com\/es\/wp-json\/wp\/v2\/pages\/19586\/revisions"}],"up":[{"embeddable":true,"href":"https:\/\/goldbecksolar.com\/es\/wp-json\/wp\/v2\/pages\/19578"}],"wp:featuredmedia":[{"embeddable":true,"href":"https:\/\/goldbecksolar.com\/es\/wp-json\/wp\/v2\/media\/13567"}],"wp:attachment":[{"href":"https:\/\/goldbecksolar.com\/es\/wp-json\/wp\/v2\/media?parent=19586"}],"curies":[{"name":"wp","href":"https:\/\/api.w.org\/{rel}","templated":true}]}}