{"id":19583,"date":"2018-04-18T09:55:13","date_gmt":"2018-04-18T07:55:13","guid":{"rendered":"https:\/\/goldbecksolar.com\/fotovoltaica\/parques-solares-industriales\/"},"modified":"2026-02-24T16:54:36","modified_gmt":"2026-02-24T15:54:36","slug":"parques-solares-industriales","status":"publish","type":"page","link":"https:\/\/goldbecksolar.com\/es\/fotovoltaica\/parques-solares-industriales\/","title":"Parques solares comerciales","content":"<h1>Parques solares comerciales<\/h1>\n<p>Decidirse por un Parque solar comercial en terreno abierto nunca ha sido tan f\u00e1cil. Las energ\u00edas renovables son el sistema energ\u00e9tico del futuro y ahora es el momento ideal para invertir en una fuente fiable de energ\u00eda limpia para tu empresa. <\/p>\n","excerpt":{"rendered":"<p>Parques solares comerciales Decidirse por un Parque solar comercial en terreno abierto nunca ha sido tan f\u00e1cil. Las energ\u00edas renovables son el sistema energ\u00e9tico del futuro y ahora es el momento ideal para invertir en una fuente fiable de energ\u00eda limpia para tu empresa.<\/p>\n","protected":false},"author":1,"featured_media":{"alt":"","title":"Solarpark Zwartowo Polen","caption":"","width":2560,"height":1440,"sizes":{"thumbnail":"https:\/\/goldbecksolar.com\/wp-content\/uploads\/2024\/11\/Solarpark_Zwartowo_GS_Polen-165x165.jpg","small":"https:\/\/goldbecksolar.com\/wp-content\/uploads\/2024\/11\/Solarpark_Zwartowo_GS_Polen-700x394.jpg","medium":"https:\/\/goldbecksolar.com\/wp-content\/uploads\/2024\/11\/Solarpark_Zwartowo_GS_Polen-768x432.jpg","large":"https:\/\/goldbecksolar.com\/wp-content\/uploads\/2024\/11\/Solarpark_Zwartowo_GS_Polen-1920x1080.jpg","full":"https:\/\/goldbecksolar.com\/wp-content\/uploads\/2024\/11\/Solarpark_Zwartowo_GS_Polen-scaled.jpg"},"srcset":"https:\/\/goldbecksolar.com\/wp-content\/uploads\/2024\/11\/Solarpark_Zwartowo_GS_Polen-700x394.jpg 700w, https:\/\/goldbecksolar.com\/wp-content\/uploads\/2024\/11\/Solarpark_Zwartowo_GS_Polen-1920x1080.jpg 1920w, https:\/\/goldbecksolar.com\/wp-content\/uploads\/2024\/11\/Solarpark_Zwartowo_GS_Polen-768x432.jpg 768w, https:\/\/goldbecksolar.com\/wp-content\/uploads\/2024\/11\/Solarpark_Zwartowo_GS_Polen-1536x864.jpg 1536w, https:\/\/goldbecksolar.com\/wp-content\/uploads\/2024\/11\/Solarpark_Zwartowo_GS_Polen-2048x1152.jpg 2048w, https:\/\/goldbecksolar.com\/wp-content\/uploads\/2024\/11\/Solarpark_Zwartowo_GS_Polen-520x293.jpg 520w, https:\/\/goldbecksolar.com\/wp-content\/uploads\/2024\/11\/Solarpark_Zwartowo_GS_Polen-320x180.jpg 320w"},"parent":19581,"menu_order":1,"comment_status":"closed","ping_status":"closed","template":"template-unterseite.php","meta":{"_acf_changed":false,"footnotes":""},"class_list":["post-19583","page","type-page","status-publish","has-post-thumbnail","hentry"],"acf":[],"type_label":"P\u00e1gina","_links":{"self":[{"href":"https:\/\/goldbecksolar.com\/es\/wp-json\/wp\/v2\/pages\/19583","targetHints":{"allow":["GET"]}}],"collection":[{"href":"https:\/\/goldbecksolar.com\/es\/wp-json\/wp\/v2\/pages"}],"about":[{"href":"https:\/\/goldbecksolar.com\/es\/wp-json\/wp\/v2\/types\/page"}],"author":[{"embeddable":true,"href":"https:\/\/goldbecksolar.com\/es\/wp-json\/wp\/v2\/users\/1"}],"replies":[{"embeddable":true,"href":"https:\/\/goldbecksolar.com\/es\/wp-json\/wp\/v2\/comments?post=19583"}],"version-history":[{"count":2,"href":"https:\/\/goldbecksolar.com\/es\/wp-json\/wp\/v2\/pages\/19583\/revisions"}],"predecessor-version":[{"id":21204,"href":"https:\/\/goldbecksolar.com\/es\/wp-json\/wp\/v2\/pages\/19583\/revisions\/21204"}],"up":[{"embeddable":true,"href":"https:\/\/goldbecksolar.com\/es\/wp-json\/wp\/v2\/pages\/19581"}],"wp:featuredmedia":[{"embeddable":true,"href":"https:\/\/goldbecksolar.com\/es\/wp-json\/wp\/v2\/media\/17221"}],"wp:attachment":[{"href":"https:\/\/goldbecksolar.com\/es\/wp-json\/wp\/v2\/media?parent=19583"}],"curies":[{"name":"wp","href":"https:\/\/api.w.org\/{rel}","templated":true}]}}