{"id":19577,"date":"2018-04-17T15:00:13","date_gmt":"2018-04-17T13:00:13","guid":{"rendered":"https:\/\/goldbecksolar.com\/clientes-de-goldbeck-solar\/"},"modified":"2025-05-20T14:51:52","modified_gmt":"2025-05-20T12:51:52","slug":"clientes-de-goldbeck-solar","status":"publish","type":"page","link":"https:\/\/goldbecksolar.com\/es\/nuestras-referencias\/clientes-de-goldbeck-solar\/","title":"Clientes de GOLDBECK SOLAR","content":"<p class=\"p1 big\">Los clientes de GOLDBECK SOLAR son empresarios, inversores, promotores de proyectos y proveedores de energ\u00eda que conf\u00edan en la tecnolog\u00eda m\u00e1s avanzada y en una ejecuci\u00f3n siempre fiable para la realizaci\u00f3n de sus modernos sistemas solares fotovoltaicos.<\/p>\n","excerpt":{"rendered":"<p>Los clientes de GOLDBECK SOLAR son empresarios, inversores, promotores de proyectos y proveedores de energ\u00eda que conf\u00edan en la tecnolog\u00eda m\u00e1s avanzada y en una ejecuci\u00f3n siempre fiable para la realizaci\u00f3n de sus modernos sistemas solares fotovoltaicos.<\/p>\n","protected":false},"author":1,"featured_media":{"alt":"","title":"Collage GOLDBECK SOLARKunden","caption":"","width":1920,"height":1080,"sizes":{"thumbnail":"https:\/\/goldbecksolar.com\/wp-content\/uploads\/2024\/12\/Kunden-165x165.jpg","small":"https:\/\/goldbecksolar.com\/wp-content\/uploads\/2024\/12\/Kunden-700x394.jpg","medium":"https:\/\/goldbecksolar.com\/wp-content\/uploads\/2024\/12\/Kunden-768x432.jpg","large":"https:\/\/goldbecksolar.com\/wp-content\/uploads\/2024\/12\/Kunden.jpg","full":"https:\/\/goldbecksolar.com\/wp-content\/uploads\/2024\/12\/Kunden.jpg"},"srcset":"https:\/\/goldbecksolar.com\/wp-content\/uploads\/2024\/12\/Kunden-700x394.jpg 700w, https:\/\/goldbecksolar.com\/wp-content\/uploads\/2024\/12\/Kunden-768x432.jpg 768w, https:\/\/goldbecksolar.com\/wp-content\/uploads\/2024\/12\/Kunden-1536x864.jpg 1536w, https:\/\/goldbecksolar.com\/wp-content\/uploads\/2024\/12\/Kunden-520x293.jpg 520w, https:\/\/goldbecksolar.com\/wp-content\/uploads\/2024\/12\/Kunden-320x180.jpg 320w, https:\/\/goldbecksolar.com\/wp-content\/uploads\/2024\/12\/Kunden.jpg 1920w"},"parent":19588,"menu_order":1,"comment_status":"closed","ping_status":"closed","template":"","meta":{"_acf_changed":false,"footnotes":""},"class_list":["post-19577","page","type-page","status-publish","has-post-thumbnail","hentry"],"acf":[],"type_label":"P\u00e1gina","_links":{"self":[{"href":"https:\/\/goldbecksolar.com\/es\/wp-json\/wp\/v2\/pages\/19577","targetHints":{"allow":["GET"]}}],"collection":[{"href":"https:\/\/goldbecksolar.com\/es\/wp-json\/wp\/v2\/pages"}],"about":[{"href":"https:\/\/goldbecksolar.com\/es\/wp-json\/wp\/v2\/types\/page"}],"author":[{"embeddable":true,"href":"https:\/\/goldbecksolar.com\/es\/wp-json\/wp\/v2\/users\/1"}],"replies":[{"embeddable":true,"href":"https:\/\/goldbecksolar.com\/es\/wp-json\/wp\/v2\/comments?post=19577"}],"version-history":[{"count":1,"href":"https:\/\/goldbecksolar.com\/es\/wp-json\/wp\/v2\/pages\/19577\/revisions"}],"predecessor-version":[{"id":19589,"href":"https:\/\/goldbecksolar.com\/es\/wp-json\/wp\/v2\/pages\/19577\/revisions\/19589"}],"up":[{"embeddable":true,"href":"https:\/\/goldbecksolar.com\/es\/wp-json\/wp\/v2\/pages\/19588"}],"wp:featuredmedia":[{"embeddable":true,"href":"https:\/\/goldbecksolar.com\/es\/wp-json\/wp\/v2\/media\/17422"}],"wp:attachment":[{"href":"https:\/\/goldbecksolar.com\/es\/wp-json\/wp\/v2\/media?parent=19577"}],"curies":[{"name":"wp","href":"https:\/\/api.w.org\/{rel}","templated":true}]}}